{"id":91464,"date":"2021-02-21T21:31:44","date_gmt":"2021-02-21T21:31:44","guid":{"rendered":"https:\/\/www.autonvaraosahaku.fi\/?product=luk-511-0353-10-kytkin-paasylinteri"},"modified":"2021-02-21T21:31:49","modified_gmt":"2021-02-21T21:31:49","slug":"luk-511-0353-10-kytkin-paasylinteri","status":"publish","type":"product","link":"https:\/\/www.autonvaraosahaku.fi\/?product=luk-511-0353-10-kytkin-paasylinteri","title":{"rendered":"LuK 511 0353 10 Kytkin p\u00e4\u00e4sylinteri"},"content":{"rendered":"<p>Vaihteistomalli: Schaltgetriebe; MAZDA: 2 DY; FORD: FIESTA V JH_, JD_,FIESTA VI,FUSION JU_,KA RB_,FIESTA Stufenheck JAS JBS,FIESTA V Van,KA RU,ECOSPORT; 1148503, 1197846, 1590927, 1743453, 1913885, 2S617A543AB, 2S617A543AC, 2S617A543AD, 2S617A543AE, 2S617A543AF, DD3241990; P\u00e4\u00e4sylinteri, Kytkin<\/p>\n","protected":false},"excerpt":{"rendered":"<p>LuK Kytkin P\u00e4\u00e4sylinteri 511 0353 10 P\u00e4\u00e4sylinteri, Kytkin MAZDA,FORD,2 DY,FIESTA V JH_, JD_,FIESTA VI,FUSION JU_,KA RB_,FIESTA Stufenheck JAS JBS<\/p>\n","protected":false},"featured_media":0,"template":"","meta":{"site-sidebar-layout":"default","site-content-layout":"default","ast-global-header-display":"","ast-main-header-display":"","ast-hfb-above-header-display":"","ast-hfb-below-header-display":"","ast-hfb-mobile-header-display":"","site-post-title":"","ast-breadcrumbs-content":"","ast-featured-img":"","footer-sml-layout":"","theme-transparent-header-meta":"","adv-header-id-meta":"","stick-header-meta":"","header-above-stick-meta":"","header-main-stick-meta":"","header-below-stick-meta":""},"pwb-brand":[20],"product_cat":[239],"product_tag":[],"class_list":{"0":"post-91464","1":"product","2":"type-product","3":"status-publish","5":"pwb-brand-luk","6":"product_cat-kytkin-paasylinteri","7":"desktop-align-left","8":"tablet-align-left","9":"mobile-align-left","11":"first","12":"instock","13":"product-type-external"},"brands":[{"id":20,"name":"LuK","slug":"luk"}],"_links":{"self":[{"href":"https:\/\/www.autonvaraosahaku.fi\/index.php?rest_route=\/wp\/v2\/product\/91464","targetHints":{"allow":["GET"]}}],"collection":[{"href":"https:\/\/www.autonvaraosahaku.fi\/index.php?rest_route=\/wp\/v2\/product"}],"about":[{"href":"https:\/\/www.autonvaraosahaku.fi\/index.php?rest_route=\/wp\/v2\/types\/product"}],"wp:attachment":[{"href":"https:\/\/www.autonvaraosahaku.fi\/index.php?rest_route=%2Fwp%2Fv2%2Fmedia&parent=91464"}],"wp:term":[{"taxonomy":"pwb-brand","embeddable":true,"href":"https:\/\/www.autonvaraosahaku.fi\/index.php?rest_route=%2Fwp%2Fv2%2Fpwb-brand&post=91464"},{"taxonomy":"product_cat","embeddable":true,"href":"https:\/\/www.autonvaraosahaku.fi\/index.php?rest_route=%2Fwp%2Fv2%2Fproduct_cat&post=91464"},{"taxonomy":"product_tag","embeddable":true,"href":"https:\/\/www.autonvaraosahaku.fi\/index.php?rest_route=%2Fwp%2Fv2%2Fproduct_tag&post=91464"}],"curies":[{"name":"wp","href":"https:\/\/api.w.org\/{rel}","templated":true}]}}