{"id":91470,"date":"2021-02-21T21:31:52","date_gmt":"2021-02-21T21:31:52","guid":{"rendered":"https:\/\/www.autonvaraosahaku.fi\/?product=corteco-01033405b-tiivisteet"},"modified":"2021-02-21T21:31:52","modified_gmt":"2021-02-21T21:31:52","slug":"corteco-01033405b-tiivisteet","status":"publish","type":"product","link":"https:\/\/www.autonvaraosahaku.fi\/?product=corteco-01033405b-tiivisteet","title":{"rendered":"CORTECO 01033405B Tiivisteet"},"content":{"rendered":"<p>Sis\u00e4l\u00e4pimitta 1 [mm]: 16; Ulkol\u00e4pimitta 1 [mm]: 24; Korkeus 1 (mm): 5,8; Materiaali: ACM (polyakryyli-kautsu); Suojavaippa: Suojakumilla; Vaihteistomalli: ME; LANCIA: PHEDRA 179; FIAT: DUCATO Kasten 250,DUCATO Pritsche\/Fahrgestell 250,DUCATO Pritsche\/Fahrgestell 230,DUCATO Bus 250,DUCATO Bus 230,DUCATO Kasten 244,DUCATO Pritsche\/Fahrgestell 244,DUCATO Kasten 230L,ULYSSE 179AX,DUCATO Bus 244, Z_,SCUDO Pritsche\/Fahrgestell 270_; CITRO\u00cbN: C5 III Break TD_,C8 EA_, EB_,JUMPER Kasten,C5 II Break RE_,C5 III RD_,C5 II RC_,JUMPY,JUMPER Kasten 244,C6 TD_,JUMPER Bus,JUMPER Pritsche\/Fahrgestell,JUMPY Kasten BS_, BT_, BY_, BZ_,JUMPER Kasten 230L,JUMPER Bus 244, Z_,JUMPER Bus 230P,JUMPER Pritsche\/Fahrgestell 244,JUMPER Pritsche\/Fahrgestell 230; PEUGEOT: BOXER Kasten,406 Break 8E\/F,406 Coupe 8C,406 8B,BOXER Kasten 230L,EXPERT Kasten VF3A_, VF3U_, VF3X_,BOXER Kasten 244,BOXER Bus,BOXER Pritsche\/Fahrgestell,BOXER Bus 230P,BOXER Bus 244, Z_,BOXER Pritsche\/Fahrgestell ZCT_,BOXER Pritsche\/Fahrgestell 244; 254124, 96325020, 9630956980, 9630956980, 254124<\/p>\n","protected":false},"excerpt":{"rendered":"<p>CORTECO Akselitiiviste, Vaihteisto 01033405B  LANCIA,FIAT,CITRO\u00cbN,PHEDRA 179,DUCATO Kasten 250,DUCATO Pritsche\/Fahrgestell 250<\/p>\n","protected":false},"featured_media":0,"template":"","meta":{"site-sidebar-layout":"default","site-content-layout":"default","ast-global-header-display":"","ast-main-header-display":"","ast-hfb-above-header-display":"","ast-hfb-below-header-display":"","ast-hfb-mobile-header-display":"","site-post-title":"","ast-breadcrumbs-content":"","ast-featured-img":"","footer-sml-layout":"","theme-transparent-header-meta":"","adv-header-id-meta":"","stick-header-meta":"","header-above-stick-meta":"","header-main-stick-meta":"","header-below-stick-meta":""},"pwb-brand":[53],"product_cat":[27],"product_tag":[],"class_list":{"0":"post-91470","1":"product","2":"type-product","3":"status-publish","5":"pwb-brand-corteco","6":"product_cat-tiivisteet","7":"desktop-align-left","8":"tablet-align-left","9":"mobile-align-left","11":"first","12":"instock","13":"product-type-external"},"brands":[{"id":53,"name":"CORTECO","slug":"corteco"}],"_links":{"self":[{"href":"https:\/\/www.autonvaraosahaku.fi\/index.php?rest_route=\/wp\/v2\/product\/91470","targetHints":{"allow":["GET"]}}],"collection":[{"href":"https:\/\/www.autonvaraosahaku.fi\/index.php?rest_route=\/wp\/v2\/product"}],"about":[{"href":"https:\/\/www.autonvaraosahaku.fi\/index.php?rest_route=\/wp\/v2\/types\/product"}],"wp:attachment":[{"href":"https:\/\/www.autonvaraosahaku.fi\/index.php?rest_route=%2Fwp%2Fv2%2Fmedia&parent=91470"}],"wp:term":[{"taxonomy":"pwb-brand","embeddable":true,"href":"https:\/\/www.autonvaraosahaku.fi\/index.php?rest_route=%2Fwp%2Fv2%2Fpwb-brand&post=91470"},{"taxonomy":"product_cat","embeddable":true,"href":"https:\/\/www.autonvaraosahaku.fi\/index.php?rest_route=%2Fwp%2Fv2%2Fproduct_cat&post=91470"},{"taxonomy":"product_tag","embeddable":true,"href":"https:\/\/www.autonvaraosahaku.fi\/index.php?rest_route=%2Fwp%2Fv2%2Fproduct_tag&post=91470"}],"curies":[{"name":"wp","href":"https:\/\/api.w.org\/{rel}","templated":true}]}}