{"id":91471,"date":"2021-02-21T21:31:52","date_gmt":"2021-02-21T21:31:52","guid":{"rendered":"https:\/\/www.autonvaraosahaku.fi\/?product=mahle-original-ox-78d-oljynsuodatin"},"modified":"2021-02-21T21:31:53","modified_gmt":"2021-02-21T21:31:53","slug":"mahle-original-ox-78d-oljynsuodatin","status":"publish","type":"product","link":"https:\/\/www.autonvaraosahaku.fi\/?product=mahle-original-ox-78d-oljynsuodatin","title":{"rendered":"MAHLE ORIGINAL OX 78D \u00d6ljynsuodatin"},"content":{"rendered":"<p>Suodatintyyppi: Suodatinpanos; Korkeus (mm): 196,0; Korkeus 1 (mm): 193,0; L\u00e4pimitta [mm]: 92,0; Ulkol\u00e4pimitta 1 [mm]: 88,0; Sis\u00e4l\u00e4pimitta 1 [mm]: 11,4; L\u00e4pimitta 3 [mm]: 24,4; L\u00e4pimitta 4 [mm]: 24,4; Tiivisteen l\u00e4pimitta [mm]: 11,4; Korkeus (tuumaa): 7,87; Leveys (tuumaa): 3,74; Pituus (tuumaa): 3,74; MERCEDES-BENZ: Stufenheck W123,G-CLASS W460,COUPE C123,KOMBI Kombi S123,T1 Bus 601,T1 Pritsche\/Fahrgestell 602,T2\/L Kasten\/Kombi,T1 Kasten 602,T1 Pritsche\/Fahrgestell 601,T2\/LN1 Kasten\/Kombi,T1 Kasten 601,T2\/L Pritsche\/Fahrgestell,T1\/TN Pritsche\/Fahrgestell,T2\/LN1 Pritsche\/Fahrgestell,T1\/TN Kasten\/Kombi,T2\/LN1 Kipper,O 309,UNIMOG; PUCH: G-MODELL W 460; 5002704, 5010667, 5010961, 5019420, 870X6731CA, A760X6731BA, A820X6731AA, A830X6731AA, EFL120, 9975223, 0001802509, 6011800610, 6151840025, 6161800009, 6161800510, 6171800009, 6171800125, 6171840025, 6171840125, A0001802509, A6011800610, A6151840025, A6161800009, A6161800510, A6171800009, A6171800125, A6171840025, A6171840125, 5001846634, 5001846634<\/p>\n","protected":false},"excerpt":{"rendered":"<p>MAHLE ORIGINAL \u00d6ljynsuodatin OX 78D  MERCEDES-BENZ,PUCH,Stufenheck W123,G-CLASS W460,COUPE C123,KOMBI Kombi S123,T1 Bus 601<\/p>\n","protected":false},"featured_media":0,"template":"","meta":{"site-sidebar-layout":"default","site-content-layout":"default","ast-global-header-display":"","ast-main-header-display":"","ast-hfb-above-header-display":"","ast-hfb-below-header-display":"","ast-hfb-mobile-header-display":"","site-post-title":"","ast-breadcrumbs-content":"","ast-featured-img":"","footer-sml-layout":"","theme-transparent-header-meta":"","adv-header-id-meta":"","stick-header-meta":"","header-above-stick-meta":"","header-main-stick-meta":"","header-below-stick-meta":""},"pwb-brand":[153],"product_cat":[30],"product_tag":[],"class_list":{"0":"post-91471","1":"product","2":"type-product","3":"status-publish","5":"pwb-brand-mahle-original","6":"product_cat-oljynsuodatin","7":"desktop-align-left","8":"tablet-align-left","9":"mobile-align-left","11":"first","12":"instock","13":"product-type-external"},"brands":[{"id":153,"name":"MAHLE ORIGINAL","slug":"mahle-original"}],"_links":{"self":[{"href":"https:\/\/www.autonvaraosahaku.fi\/index.php?rest_route=\/wp\/v2\/product\/91471","targetHints":{"allow":["GET"]}}],"collection":[{"href":"https:\/\/www.autonvaraosahaku.fi\/index.php?rest_route=\/wp\/v2\/product"}],"about":[{"href":"https:\/\/www.autonvaraosahaku.fi\/index.php?rest_route=\/wp\/v2\/types\/product"}],"wp:attachment":[{"href":"https:\/\/www.autonvaraosahaku.fi\/index.php?rest_route=%2Fwp%2Fv2%2Fmedia&parent=91471"}],"wp:term":[{"taxonomy":"pwb-brand","embeddable":true,"href":"https:\/\/www.autonvaraosahaku.fi\/index.php?rest_route=%2Fwp%2Fv2%2Fpwb-brand&post=91471"},{"taxonomy":"product_cat","embeddable":true,"href":"https:\/\/www.autonvaraosahaku.fi\/index.php?rest_route=%2Fwp%2Fv2%2Fproduct_cat&post=91471"},{"taxonomy":"product_tag","embeddable":true,"href":"https:\/\/www.autonvaraosahaku.fi\/index.php?rest_route=%2Fwp%2Fv2%2Fproduct_tag&post=91471"}],"curies":[{"name":"wp","href":"https:\/\/api.w.org\/{rel}","templated":true}]}}