{"id":91473,"date":"2021-02-21T21:31:52","date_gmt":"2021-02-21T21:31:52","guid":{"rendered":"https:\/\/www.autonvaraosahaku.fi\/?product=mahle-original-kx-206d-polttoainesuodatin"},"modified":"2021-02-21T21:31:53","modified_gmt":"2021-02-21T21:31:53","slug":"mahle-original-kx-206d-polttoainesuodatin","status":"publish","type":"product","link":"https:\/\/www.autonvaraosahaku.fi\/?product=mahle-original-kx-206d-polttoainesuodatin","title":{"rendered":"MAHLE ORIGINAL KX 206D Polttoainesuodatin"},"content":{"rendered":"<p>Suodatintyyppi: Suodatinpanos; Korkeus (mm): 92,1; Korkeus 1 (mm): 86,5; L\u00e4pimitta [mm]: 71,1; Sis\u00e4l\u00e4pimitta 1 [mm]: 19,7, 18,0, 18,0, 18,0; L\u00e4pimitta 3 [mm]: 19,7, 19,7; L\u00e4pimitta 4 [mm]: 19,7, 19,7, 18,0; Tiivisteen l\u00e4pimitta [mm]: 19,7; Valmistusvuosi alkaen: 07\/1998; NISSAN: PRIMERA Kombi WP12,PRIMERA P12,PRIMERA Hatchback P12; SUZUKI: GRAND VITARA II JT; OPEL: MOVANO Kasten F9,MOVANO Combi J9,MOVANO Pritsche\/Fahrgestell U9, E9,MOVANO Kipper H9,ARENA Bus,ARENA Kasten TB, TF,ARENA Kasten; VOLVO: V40 Kombi VW,S40 I VS; RENAULT: SC\u00c9NIC II JM0\/1_,ESPACE IV JK0\/1_,LAGUNA II Grandtour KG0\/1_,MEGANE II Kombi KM0\/1_,MEGANE II Coup\u00e9-Cabriolet EM0\/1_,ESPACE III JE0_,LAGUNA II BG0\/1_,MEGANE II BM0\/1_, CM0\/1_,MASTER II Kasten FD,GRAND SC\u00c9NIC II JM0\/1_,LAGUNA I B56_, 556_,LAGUNA I Grandtour K56_,MEGANE II Stufenheck LM0\/1_,MASTER II Pritsche\/Fahrgestell ED\/HD\/UD,VEL SATIS BJ0_,MASTER II Bus JD,SAFRANE II B54_,AVANTIME DE0_,MEGANE II Kasten\/Kombi KM_; CITRO\u00cbN: XM Y4,XM Break Y4; PEUGEOT: 605 6B; MITSUBISHI: SPACE STAR DG_A,CARISMA DA_,CARISMA Stufenheck DA_; VAUXHALL: MOVANO Mk I A Van FD,MOVANO Mk I A Combi JD; 190652, 190653, 09161303, 9161303, 93185381, 93185980, 93196770, 95518949, 1770A023, MR911916, 16400AW300, 16400AW310, 1640300QAB, 16403AW300, 16403AW301, 16403AW302, 09161303, 4416248, 4420875, 4501003, 4502627, 818030, 9161303, 93168604, 93185381, 93185980, 93196770, 95518949, 190652, 190653, 225241223, 7701044913, 7701071000, 7701207545, 7701476463, 7701478972, 7701479050, 7701479176, 8200084288, 8200416942, 8200416943, 8200780950, 1541567JA0, 1541567JA0000, 1541567JA1, 9161303, 93168604, 93185381, 93185980, 93196770, 95518949, 30617334, 30652292<\/p>\n","protected":false},"excerpt":{"rendered":"<p>MAHLE ORIGINAL Polttoainesuodatin KX 206D  NISSAN,SUZUKI,OPEL,PRIMERA Kombi WP12,PRIMERA P12,PRIMERA Hatchback P12,GRAND VITARA II JT,MOVANO Kasten F9<\/p>\n","protected":false},"featured_media":0,"template":"","meta":{"site-sidebar-layout":"default","site-content-layout":"default","ast-global-header-display":"","ast-main-header-display":"","ast-hfb-above-header-display":"","ast-hfb-below-header-display":"","ast-hfb-mobile-header-display":"","site-post-title":"","ast-breadcrumbs-content":"","ast-featured-img":"","footer-sml-layout":"","theme-transparent-header-meta":"","adv-header-id-meta":"","stick-header-meta":"","header-above-stick-meta":"","header-main-stick-meta":"","header-below-stick-meta":""},"pwb-brand":[153],"product_cat":[29],"product_tag":[],"class_list":{"0":"post-91473","1":"product","2":"type-product","3":"status-publish","5":"pwb-brand-mahle-original","6":"product_cat-polttoainesuodatin","7":"desktop-align-left","8":"tablet-align-left","9":"mobile-align-left","11":"first","12":"instock","13":"product-type-external"},"brands":[{"id":153,"name":"MAHLE ORIGINAL","slug":"mahle-original"}],"_links":{"self":[{"href":"https:\/\/www.autonvaraosahaku.fi\/index.php?rest_route=\/wp\/v2\/product\/91473","targetHints":{"allow":["GET"]}}],"collection":[{"href":"https:\/\/www.autonvaraosahaku.fi\/index.php?rest_route=\/wp\/v2\/product"}],"about":[{"href":"https:\/\/www.autonvaraosahaku.fi\/index.php?rest_route=\/wp\/v2\/types\/product"}],"wp:attachment":[{"href":"https:\/\/www.autonvaraosahaku.fi\/index.php?rest_route=%2Fwp%2Fv2%2Fmedia&parent=91473"}],"wp:term":[{"taxonomy":"pwb-brand","embeddable":true,"href":"https:\/\/www.autonvaraosahaku.fi\/index.php?rest_route=%2Fwp%2Fv2%2Fpwb-brand&post=91473"},{"taxonomy":"product_cat","embeddable":true,"href":"https:\/\/www.autonvaraosahaku.fi\/index.php?rest_route=%2Fwp%2Fv2%2Fproduct_cat&post=91473"},{"taxonomy":"product_tag","embeddable":true,"href":"https:\/\/www.autonvaraosahaku.fi\/index.php?rest_route=%2Fwp%2Fv2%2Fproduct_tag&post=91473"}],"curies":[{"name":"wp","href":"https:\/\/api.w.org\/{rel}","templated":true}]}}