{"id":91493,"date":"2021-02-21T21:32:00","date_gmt":"2021-02-21T21:32:00","guid":{"rendered":"https:\/\/www.autonvaraosahaku.fi\/?product=a-b-s-1142-jarrupaasylinteri"},"modified":"2021-02-21T21:32:02","modified_gmt":"2021-02-21T21:32:02","slug":"a-b-s-1142-jarrupaasylinteri","status":"publish","type":"product","link":"https:\/\/www.autonvaraosahaku.fi\/?product=a-b-s-1142-jarrupaasylinteri","title":{"rendered":"A.B.S. 1142 Jarrup\u00e4\u00e4sylinteri"},"content":{"rendered":"<p>Asennuspuoli: Edess\u00e4; L\u00e4pimitta 1\/l\u00e4pimitta 2 [mm]: 19,05; Jarruj\u00e4rjestelm\u00e4: ATE\/BENDIX; Pituus 2 (mm): 178; Liittimi\u00e4: 3; Pituus 1 (mm): 10; Kierre 1: 3x M10x1.0; Materiaali: Valurauta; Kiinnitysreikien lukum\u00e4\u00e4r\u00e4: 2; Paino [kg]: 1,35; Varustelumahdollisuudet: GTL; RENAULT: 5 122_,12,18 134_,18 Variable 135_,FUEGO 136_,12 Variable 117_,15 130_,14 121_,18 Kasten,12 Kasten; 7700617708, 7700618661, 7700624692, 7701348206<\/p>\n","protected":false},"excerpt":{"rendered":"<p>A.B.S. Jarrup\u00e4\u00e4sylinteri 1142  RENAULT,5 122_,12,18 134_,18 Variable 135_,FUEGO 136_,12 Variable 117_,15 130_,14 121_,18 Kasten,12 Kasten<\/p>\n","protected":false},"featured_media":0,"template":"","meta":{"site-sidebar-layout":"default","site-content-layout":"default","ast-global-header-display":"","ast-main-header-display":"","ast-hfb-above-header-display":"","ast-hfb-below-header-display":"","ast-hfb-mobile-header-display":"","site-post-title":"","ast-breadcrumbs-content":"","ast-featured-img":"","footer-sml-layout":"","theme-transparent-header-meta":"","adv-header-id-meta":"","stick-header-meta":"","header-above-stick-meta":"","header-main-stick-meta":"","header-below-stick-meta":""},"pwb-brand":[326],"product_cat":[276],"product_tag":[],"class_list":{"0":"post-91493","1":"product","2":"type-product","3":"status-publish","5":"pwb-brand-a-b-s","6":"product_cat-jarrupaasylinteri","7":"desktop-align-left","8":"tablet-align-left","9":"mobile-align-left","11":"first","12":"instock","13":"product-type-external"},"brands":[{"id":326,"name":"A.B.S.","slug":"a-b-s"}],"_links":{"self":[{"href":"https:\/\/www.autonvaraosahaku.fi\/index.php?rest_route=\/wp\/v2\/product\/91493","targetHints":{"allow":["GET"]}}],"collection":[{"href":"https:\/\/www.autonvaraosahaku.fi\/index.php?rest_route=\/wp\/v2\/product"}],"about":[{"href":"https:\/\/www.autonvaraosahaku.fi\/index.php?rest_route=\/wp\/v2\/types\/product"}],"wp:attachment":[{"href":"https:\/\/www.autonvaraosahaku.fi\/index.php?rest_route=%2Fwp%2Fv2%2Fmedia&parent=91493"}],"wp:term":[{"taxonomy":"pwb-brand","embeddable":true,"href":"https:\/\/www.autonvaraosahaku.fi\/index.php?rest_route=%2Fwp%2Fv2%2Fpwb-brand&post=91493"},{"taxonomy":"product_cat","embeddable":true,"href":"https:\/\/www.autonvaraosahaku.fi\/index.php?rest_route=%2Fwp%2Fv2%2Fproduct_cat&post=91493"},{"taxonomy":"product_tag","embeddable":true,"href":"https:\/\/www.autonvaraosahaku.fi\/index.php?rest_route=%2Fwp%2Fv2%2Fproduct_tag&post=91493"}],"curies":[{"name":"wp","href":"https:\/\/api.w.org\/{rel}","templated":true}]}}