{"id":91524,"date":"2021-02-21T21:32:08","date_gmt":"2021-02-21T21:32:08","guid":{"rendered":"https:\/\/www.autonvaraosahaku.fi\/?product=blic-6102-01-0190p-sivupeilin-lasi"},"modified":"2021-02-21T21:32:14","modified_gmt":"2021-02-21T21:32:14","slug":"blic-6102-01-0190p-sivupeilin-lasi","status":"publish","type":"product","link":"https:\/\/www.autonvaraosahaku.fi\/?product=blic-6102-01-0190p-sivupeilin-lasi","title":{"rendered":"BLIC 6102-01-0190P Sivupeilin lasi"},"content":{"rendered":"<p>Ulko-\/sis\u00e4peili: isolle peilikotelolle, Asf\u00e4\u00e4rinen, sinis\u00e4vyinen; Asennuspuoli: Vasen; Valmistusvuoteen: 12\/1996; AUDI: A3 8L1,A4 8D2, B5,A4 Avant 8D5, B5,A8 4D2, 4D8,A6 Avant 4A, C4,A6 4A, C4; 4A1857535AB, 1J1857521, 1J1857521KLAR; Peililasi, Ulkopeili<\/p>\n","protected":false},"excerpt":{"rendered":"<p>BLIC Sivupeilin Lasi 6102-01-0190P Peililasi, Ulkopeili AUDI,A3 8L1,A4 8D2, B5,A4 Avant 8D5, B5,A8 4D2, 4D8,A6 Avant 4A, C4,A6 4A, C4<\/p>\n","protected":false},"featured_media":0,"template":"","meta":{"site-sidebar-layout":"default","site-content-layout":"default","ast-global-header-display":"","ast-main-header-display":"","ast-hfb-above-header-display":"","ast-hfb-below-header-display":"","ast-hfb-mobile-header-display":"","site-post-title":"","ast-breadcrumbs-content":"","ast-featured-img":"","footer-sml-layout":"","theme-transparent-header-meta":"","adv-header-id-meta":"","stick-header-meta":"","header-above-stick-meta":"","header-main-stick-meta":"","header-below-stick-meta":""},"pwb-brand":[297],"product_cat":[196],"product_tag":[],"class_list":{"0":"post-91524","1":"product","2":"type-product","3":"status-publish","5":"pwb-brand-blic","6":"product_cat-sivupeilin-lasi","7":"desktop-align-left","8":"tablet-align-left","9":"mobile-align-left","11":"first","12":"instock","13":"product-type-external"},"brands":[{"id":297,"name":"BLIC","slug":"blic"}],"_links":{"self":[{"href":"https:\/\/www.autonvaraosahaku.fi\/index.php?rest_route=\/wp\/v2\/product\/91524","targetHints":{"allow":["GET"]}}],"collection":[{"href":"https:\/\/www.autonvaraosahaku.fi\/index.php?rest_route=\/wp\/v2\/product"}],"about":[{"href":"https:\/\/www.autonvaraosahaku.fi\/index.php?rest_route=\/wp\/v2\/types\/product"}],"wp:attachment":[{"href":"https:\/\/www.autonvaraosahaku.fi\/index.php?rest_route=%2Fwp%2Fv2%2Fmedia&parent=91524"}],"wp:term":[{"taxonomy":"pwb-brand","embeddable":true,"href":"https:\/\/www.autonvaraosahaku.fi\/index.php?rest_route=%2Fwp%2Fv2%2Fpwb-brand&post=91524"},{"taxonomy":"product_cat","embeddable":true,"href":"https:\/\/www.autonvaraosahaku.fi\/index.php?rest_route=%2Fwp%2Fv2%2Fproduct_cat&post=91524"},{"taxonomy":"product_tag","embeddable":true,"href":"https:\/\/www.autonvaraosahaku.fi\/index.php?rest_route=%2Fwp%2Fv2%2Fproduct_tag&post=91524"}],"curies":[{"name":"wp","href":"https:\/\/api.w.org\/{rel}","templated":true}]}}