{"id":91528,"date":"2021-02-21T21:32:08","date_gmt":"2021-02-21T21:32:08","guid":{"rendered":"https:\/\/www.autonvaraosahaku.fi\/?product=meyle-112-321-0023-ilmansuodatin"},"modified":"2021-02-21T21:32:15","modified_gmt":"2021-02-21T21:32:15","slug":"meyle-112-321-0023-ilmansuodatin","status":"publish","type":"product","link":"https:\/\/www.autonvaraosahaku.fi\/?product=meyle-112-321-0023-ilmansuodatin","title":{"rendered":"MEYLE 112 321 0023 Ilmansuodatin"},"content":{"rendered":"<p>Ulkol\u00e4pimitta [mm]: 152; Suodatintyyppi: Suodatinpanos; Korkeus (mm): 154,5; Sis\u00e4l\u00e4pimitta [mm]: 86,4; lis\u00e4tieto: ORIGINAL Quality; Tarvittava kappalem\u00e4\u00e4r\u00e4: 2; AUDI: A8 4E_; 4E0129620A, 4E0129620D<\/p>\n","protected":false},"excerpt":{"rendered":"<p>MEYLE Ilmansuodatin 112 321 0023  AUDI,A8 4E_<\/p>\n","protected":false},"featured_media":0,"template":"","meta":{"site-sidebar-layout":"default","site-content-layout":"default","ast-global-header-display":"","ast-main-header-display":"","ast-hfb-above-header-display":"","ast-hfb-below-header-display":"","ast-hfb-mobile-header-display":"","site-post-title":"","ast-breadcrumbs-content":"","ast-featured-img":"","footer-sml-layout":"","theme-transparent-header-meta":"","adv-header-id-meta":"","stick-header-meta":"","header-above-stick-meta":"","header-main-stick-meta":"","header-below-stick-meta":""},"pwb-brand":[84],"product_cat":[31],"product_tag":[],"class_list":{"0":"post-91528","1":"product","2":"type-product","3":"status-publish","5":"pwb-brand-meyle","6":"product_cat-ilmansuodatin","7":"desktop-align-left","8":"tablet-align-left","9":"mobile-align-left","11":"first","12":"instock","13":"product-type-external"},"brands":[{"id":84,"name":"MEYLE","slug":"meyle"}],"_links":{"self":[{"href":"https:\/\/www.autonvaraosahaku.fi\/index.php?rest_route=\/wp\/v2\/product\/91528","targetHints":{"allow":["GET"]}}],"collection":[{"href":"https:\/\/www.autonvaraosahaku.fi\/index.php?rest_route=\/wp\/v2\/product"}],"about":[{"href":"https:\/\/www.autonvaraosahaku.fi\/index.php?rest_route=\/wp\/v2\/types\/product"}],"wp:attachment":[{"href":"https:\/\/www.autonvaraosahaku.fi\/index.php?rest_route=%2Fwp%2Fv2%2Fmedia&parent=91528"}],"wp:term":[{"taxonomy":"pwb-brand","embeddable":true,"href":"https:\/\/www.autonvaraosahaku.fi\/index.php?rest_route=%2Fwp%2Fv2%2Fpwb-brand&post=91528"},{"taxonomy":"product_cat","embeddable":true,"href":"https:\/\/www.autonvaraosahaku.fi\/index.php?rest_route=%2Fwp%2Fv2%2Fproduct_cat&post=91528"},{"taxonomy":"product_tag","embeddable":true,"href":"https:\/\/www.autonvaraosahaku.fi\/index.php?rest_route=%2Fwp%2Fv2%2Fproduct_tag&post=91528"}],"curies":[{"name":"wp","href":"https:\/\/api.w.org\/{rel}","templated":true}]}}