{"id":91529,"date":"2021-02-21T21:32:08","date_gmt":"2021-02-21T21:32:08","guid":{"rendered":"https:\/\/www.autonvaraosahaku.fi\/?product=vaico-v20-0075-kasijarrukengat"},"modified":"2021-02-21T21:32:15","modified_gmt":"2021-02-21T21:32:15","slug":"vaico-v20-0075-kasijarrukengat","status":"publish","type":"product","link":"https:\/\/www.autonvaraosahaku.fi\/?product=vaico-v20-0075-kasijarrukengat","title":{"rendered":"VAICO V20-0075 K\u00e4sijarrukeng\u00e4t"},"content":{"rendered":"<p>Asennuspuoli: Taka-akseli; L\u00e4pimitta [mm]: 160; Leveys (mm): 25; Jarrupala\/-hihna: P\u00e4\u00e4llysteell\u00e4; Paino [kg]: 1,076; Pakkausleveys [cm]: 12,6; Pakkauskorkeus [mm]: 8,2; Pakkaussyvyys [cm]: 19,8; lis\u00e4tieto: CST97; Valmistusvuoteen: 04\/1982; BMW: 3 E30,3 Cabriolet E30,6 E24,3 E21,3 Touring E30,7 E23,5 E12,Z1; ALFA ROMEO: SPIDER 115,SPIDER 105,GIULIA,GT,1750-2000,ALFETTA 116,MONTREAL,GIULIETTA 116,GIULIA GT,6 119,AR 6 Bus 280,AR 6 Kasten 280; NSU: RO 80; 1100567, 1118053, 1157823, 1159467, 34411100567, 34411118053, 34411157823, 34411159467; Jarrukenk\u00e4sarja, K\u00e4sijarru<\/p>\n","protected":false},"excerpt":{"rendered":"<p>VAICO K\u00e4sijarrukeng\u00e4t V20-0075 Jarrukenk\u00e4sarja, K\u00e4sijarru BMW,ALFA ROMEO,NSU,3 E30,3 Cabriolet E30,6 E24,3 E21,3 Touring E30,7 E23,5 E12,Z1,SPIDER 115<\/p>\n","protected":false},"featured_media":0,"template":"","meta":{"site-sidebar-layout":"default","site-content-layout":"default","ast-global-header-display":"","ast-main-header-display":"","ast-hfb-above-header-display":"","ast-hfb-below-header-display":"","ast-hfb-mobile-header-display":"","site-post-title":"","ast-breadcrumbs-content":"","ast-featured-img":"","footer-sml-layout":"","theme-transparent-header-meta":"","adv-header-id-meta":"","stick-header-meta":"","header-above-stick-meta":"","header-main-stick-meta":"","header-below-stick-meta":""},"pwb-brand":[330],"product_cat":[236],"product_tag":[],"class_list":{"0":"post-91529","1":"product","2":"type-product","3":"status-publish","5":"pwb-brand-vaico","6":"product_cat-kasijarrukengat","7":"desktop-align-left","8":"tablet-align-left","9":"mobile-align-left","11":"first","12":"instock","13":"product-type-external"},"brands":[{"id":330,"name":"VAICO","slug":"vaico"}],"_links":{"self":[{"href":"https:\/\/www.autonvaraosahaku.fi\/index.php?rest_route=\/wp\/v2\/product\/91529","targetHints":{"allow":["GET"]}}],"collection":[{"href":"https:\/\/www.autonvaraosahaku.fi\/index.php?rest_route=\/wp\/v2\/product"}],"about":[{"href":"https:\/\/www.autonvaraosahaku.fi\/index.php?rest_route=\/wp\/v2\/types\/product"}],"wp:attachment":[{"href":"https:\/\/www.autonvaraosahaku.fi\/index.php?rest_route=%2Fwp%2Fv2%2Fmedia&parent=91529"}],"wp:term":[{"taxonomy":"pwb-brand","embeddable":true,"href":"https:\/\/www.autonvaraosahaku.fi\/index.php?rest_route=%2Fwp%2Fv2%2Fpwb-brand&post=91529"},{"taxonomy":"product_cat","embeddable":true,"href":"https:\/\/www.autonvaraosahaku.fi\/index.php?rest_route=%2Fwp%2Fv2%2Fproduct_cat&post=91529"},{"taxonomy":"product_tag","embeddable":true,"href":"https:\/\/www.autonvaraosahaku.fi\/index.php?rest_route=%2Fwp%2Fv2%2Fproduct_tag&post=91529"}],"curies":[{"name":"wp","href":"https:\/\/api.w.org\/{rel}","templated":true}]}}