{"id":91535,"date":"2021-02-21T21:32:16","date_gmt":"2021-02-21T21:32:16","guid":{"rendered":"https:\/\/www.autonvaraosahaku.fi\/?product=facet-3-7614-virranjakajan-pyorija"},"modified":"2021-02-21T21:32:19","modified_gmt":"2021-02-21T21:32:19","slug":"facet-3-7614-virranjakajan-pyorija","status":"publish","type":"product","link":"https:\/\/www.autonvaraosahaku.fi\/?product=facet-3-7614-virranjakajan-pyorija","title":{"rendered":"FACET 3.7614 Virranjakajan py\u00f6rij\u00e4"},"content":{"rendered":"<p>Versio: Denso; lis\u00e4tieto: Made in Italy &#8211; OE Equivalent; Moottorinumero: 2Y; VW: TARO; DAIHATSU: CHARADE III G100, G101, G102,CUORE II L80, L81,HIJET Bus,HIJET Kasten; SUZUKI: SJ 410 Cabrio,SJ 410,ALTO SS80; TOYOTA: STARLET _P8_,HILUX V Pick-up LN_, KZN1_, VZN1_,HILUX IV Pick-up _N5_, _N6_,HILUX II Pritsche\/Fahrgestell LN6_, LN5_, YN6_, YN5_, VZN1_,LITEACE Bus CM30_G, KM30_G,HIACE II Wagon LH7_, LH5_, LH6_, YH7_, YH6_, YH5_,HIACE II Kasten LH5_, YH7_, LH7_, LH6_, YH6_, YH5_,LITEACE Bus _R2_LG,LITEACE Kasten CM3_V, KM3_V,DYNA 100 Pritsche\/Fahrgestell YH_,LITEACE Kasten _R2__V,DYNA 150 Pritsche\/Fahrgestell; 191022615, 1910226150000, 191023301, 1910233012000, 191028720, 1910287204000, 191028770, 1910287701000, 553221400, 6553221400, 8942212060, 6553221400, 8942061400, 8942167290, 8942212060, 89422120600, 894338910, 896052016, 8960551780, 94221206, MD604338, 391014302, 491013202, 491017102, 3331073010, 3331073010000, 3331077090, 3331077090000, 1910210020, 1910226150, 1910226151, 1910233011, 1910233012, 1910238160, J1910226151<\/p>\n","protected":false},"excerpt":{"rendered":"<p>FACET Virranjakajan Py\u00f6rij\u00e4 3.7614  VW,DAIHATSU,SUZUKI,TARO,CHARADE III G100, G101, G102,CUORE II L80, L81,HIJET Bus,HIJET Kasten,SJ 410 Cabrio,SJ 410<\/p>\n","protected":false},"featured_media":0,"template":"","meta":{"site-sidebar-layout":"default","site-content-layout":"default","ast-global-header-display":"","ast-main-header-display":"","ast-hfb-above-header-display":"","ast-hfb-below-header-display":"","ast-hfb-mobile-header-display":"","site-post-title":"","ast-breadcrumbs-content":"","ast-featured-img":"","footer-sml-layout":"","theme-transparent-header-meta":"","adv-header-id-meta":"","stick-header-meta":"","header-above-stick-meta":"","header-main-stick-meta":"","header-below-stick-meta":""},"pwb-brand":[263],"product_cat":[94],"product_tag":[],"class_list":{"0":"post-91535","1":"product","2":"type-product","3":"status-publish","5":"pwb-brand-facet","6":"product_cat-virranjakajan-pyorija","7":"desktop-align-left","8":"tablet-align-left","9":"mobile-align-left","11":"first","12":"instock","13":"product-type-external"},"brands":[{"id":263,"name":"FACET","slug":"facet"}],"_links":{"self":[{"href":"https:\/\/www.autonvaraosahaku.fi\/index.php?rest_route=\/wp\/v2\/product\/91535","targetHints":{"allow":["GET"]}}],"collection":[{"href":"https:\/\/www.autonvaraosahaku.fi\/index.php?rest_route=\/wp\/v2\/product"}],"about":[{"href":"https:\/\/www.autonvaraosahaku.fi\/index.php?rest_route=\/wp\/v2\/types\/product"}],"wp:attachment":[{"href":"https:\/\/www.autonvaraosahaku.fi\/index.php?rest_route=%2Fwp%2Fv2%2Fmedia&parent=91535"}],"wp:term":[{"taxonomy":"pwb-brand","embeddable":true,"href":"https:\/\/www.autonvaraosahaku.fi\/index.php?rest_route=%2Fwp%2Fv2%2Fpwb-brand&post=91535"},{"taxonomy":"product_cat","embeddable":true,"href":"https:\/\/www.autonvaraosahaku.fi\/index.php?rest_route=%2Fwp%2Fv2%2Fproduct_cat&post=91535"},{"taxonomy":"product_tag","embeddable":true,"href":"https:\/\/www.autonvaraosahaku.fi\/index.php?rest_route=%2Fwp%2Fv2%2Fproduct_tag&post=91535"}],"curies":[{"name":"wp","href":"https:\/\/api.w.org\/{rel}","templated":true}]}}