{"id":91536,"date":"2021-02-21T21:32:16","date_gmt":"2021-02-21T21:32:16","guid":{"rendered":"https:\/\/www.autonvaraosahaku.fi\/?product=brembo-a-12-648-takajarrusylinteri"},"modified":"2021-02-21T21:32:19","modified_gmt":"2021-02-21T21:32:19","slug":"brembo-a-12-648-takajarrusylinteri","status":"publish","type":"product","link":"https:\/\/www.autonvaraosahaku.fi\/?product=brembo-a-12-648-takajarrusylinteri","title":{"rendered":"BREMBO A 12 648 Takajarrusylinteri"},"content":{"rendered":"<p>Jarruj\u00e4rjestelm\u00e4: ATE; Materiaali: Valurauta; Kierremitta: 10 x 1; Reik\u00e4-\u00d8 [mm]: 15,87; Kiinnityrreikien et\u00e4isyys [mm]: 30; Asennuspuoli: Hinterachse; BMW: 02 E10,02 Touring E6,02 Cabriolet E10; 34111107134, 34211101734, 34211101760, 34211107134, 34211207130, 34213061719; Py\u00f6r\u00e4n Jarrusylinteri,Jarrusylinteri<\/p>\n","protected":false},"excerpt":{"rendered":"<p>BREMBO Takajarrusylinteri A 12 648 Py\u00f6r\u00e4n Jarrusylinteri,Jarrusylinteri BMW,02 E10,02 Touring E6,02 Cabriolet E10<\/p>\n","protected":false},"featured_media":0,"template":"","meta":{"site-sidebar-layout":"default","site-content-layout":"default","ast-global-header-display":"","ast-main-header-display":"","ast-hfb-above-header-display":"","ast-hfb-below-header-display":"","ast-hfb-mobile-header-display":"","site-post-title":"","ast-breadcrumbs-content":"","ast-featured-img":"","footer-sml-layout":"","theme-transparent-header-meta":"","adv-header-id-meta":"","stick-header-meta":"","header-above-stick-meta":"","header-main-stick-meta":"","header-below-stick-meta":""},"pwb-brand":[146],"product_cat":[158],"product_tag":[],"class_list":{"0":"post-91536","1":"product","2":"type-product","3":"status-publish","5":"pwb-brand-brembo","6":"product_cat-takajarrusylinteri","7":"desktop-align-left","8":"tablet-align-left","9":"mobile-align-left","11":"first","12":"instock","13":"product-type-external"},"brands":[{"id":146,"name":"BREMBO","slug":"brembo"}],"_links":{"self":[{"href":"https:\/\/www.autonvaraosahaku.fi\/index.php?rest_route=\/wp\/v2\/product\/91536","targetHints":{"allow":["GET"]}}],"collection":[{"href":"https:\/\/www.autonvaraosahaku.fi\/index.php?rest_route=\/wp\/v2\/product"}],"about":[{"href":"https:\/\/www.autonvaraosahaku.fi\/index.php?rest_route=\/wp\/v2\/types\/product"}],"wp:attachment":[{"href":"https:\/\/www.autonvaraosahaku.fi\/index.php?rest_route=%2Fwp%2Fv2%2Fmedia&parent=91536"}],"wp:term":[{"taxonomy":"pwb-brand","embeddable":true,"href":"https:\/\/www.autonvaraosahaku.fi\/index.php?rest_route=%2Fwp%2Fv2%2Fpwb-brand&post=91536"},{"taxonomy":"product_cat","embeddable":true,"href":"https:\/\/www.autonvaraosahaku.fi\/index.php?rest_route=%2Fwp%2Fv2%2Fproduct_cat&post=91536"},{"taxonomy":"product_tag","embeddable":true,"href":"https:\/\/www.autonvaraosahaku.fi\/index.php?rest_route=%2Fwp%2Fv2%2Fproduct_tag&post=91536"}],"curies":[{"name":"wp","href":"https:\/\/api.w.org\/{rel}","templated":true}]}}