{"id":91543,"date":"2021-02-21T21:32:16","date_gmt":"2021-02-21T21:32:16","guid":{"rendered":"https:\/\/www.autonvaraosahaku.fi\/?product=valeo-735558-jaahdytin"},"modified":"2021-02-21T21:32:21","modified_gmt":"2021-02-21T21:32:21","slug":"valeo-735558-jaahdytin","status":"publish","type":"product","link":"https:\/\/www.autonvaraosahaku.fi\/?product=valeo-735558-jaahdytin","title":{"rendered":"VALEO 735558 J\u00e4\u00e4hdytin"},"content":{"rendered":"<p>Paksuus [mm]: 24; Leveys (mm): 410,8; Korkeus (mm): 650; Materiaali: Alumiini; Sis\u00e4\u00e4ntulol\u00e4pimitta [mm]: 32,5; Ulostulon l\u00e4pimitta [mm]: 32,5; Paino [kg]: 3,54; Moottorinumero: CHPA,CPTA; VW: GOLF VII 5G1, BE1,GOLF VII Kombi BA5,PASSAT Variant 3G5,GOLF SPORTSVAN AM1,TOURAN,TIGUAN AD1,PASSAT 3G2,PASSAT ALLTRACK 3G5,T-ROC A11,ARTEON 3H7,TIGUAN ALLSPACE BW2,GOLF ALLTRACK BA5; AUDI: A3 Sportback 8VA,A3 Limousine 8VS,A3 8V1,A3 Cabriolet 8V7,Q2 GA; SKODA: OCTAVIA Combi 5E5,YETI 5L,OCTAVIA 5E3,SUPERB Kombi 3V5,KODIAQ NS7,SUPERB 3V3,KAROQ NU7; SEAT: LEON 5F1,LEON ST 5F8,LEON SC 5F5,ATECA KH7; 5Q0121251EM, 5Q0121251ER, 5Q0121251GD, 5Q0121251GK, 5Q0121251GQ, 5Q0121251EM, 5Q0121251ER, 5Q0121251GD, 5Q0121251GK, 5Q0121251GQ, 5Q0121251EM, 5Q0121251ER, 5Q0121251GD, 5Q0121251GK, 5Q0121251GQ, 5Q0121251EM, 5Q0121251ER, 5Q0121251GD, 5Q0121251GK, 5Q0121251GQ; Syyl\u00e4ri,J\u00e4\u00e4hdytin,Moottorin J\u00e4\u00e4hdytys<\/p>\n","protected":false},"excerpt":{"rendered":"<p>VALEO J\u00e4\u00e4hdytin 735558 Syyl\u00e4ri,J\u00e4\u00e4hdytin,Moottorin J\u00e4\u00e4hdytys VW,AUDI,SKODA,GOLF VII 5G1, BE1,GOLF VII Kombi BA5,PASSAT Variant 3G5,GOLF SPORTSVAN AM1<\/p>\n","protected":false},"featured_media":0,"template":"","meta":{"site-sidebar-layout":"default","site-content-layout":"default","ast-global-header-display":"","ast-main-header-display":"","ast-hfb-above-header-display":"","ast-hfb-below-header-display":"","ast-hfb-mobile-header-display":"","site-post-title":"","ast-breadcrumbs-content":"","ast-featured-img":"","footer-sml-layout":"","theme-transparent-header-meta":"","adv-header-id-meta":"","stick-header-meta":"","header-above-stick-meta":"","header-main-stick-meta":"","header-below-stick-meta":""},"pwb-brand":[28],"product_cat":[421],"product_tag":[],"class_list":{"0":"post-91543","1":"product","2":"type-product","3":"status-publish","5":"pwb-brand-valeo","6":"product_cat-jaahdytin","7":"desktop-align-left","8":"tablet-align-left","9":"mobile-align-left","11":"first","12":"instock","13":"product-type-external"},"brands":[{"id":28,"name":"VALEO","slug":"valeo"}],"_links":{"self":[{"href":"https:\/\/www.autonvaraosahaku.fi\/index.php?rest_route=\/wp\/v2\/product\/91543","targetHints":{"allow":["GET"]}}],"collection":[{"href":"https:\/\/www.autonvaraosahaku.fi\/index.php?rest_route=\/wp\/v2\/product"}],"about":[{"href":"https:\/\/www.autonvaraosahaku.fi\/index.php?rest_route=\/wp\/v2\/types\/product"}],"wp:attachment":[{"href":"https:\/\/www.autonvaraosahaku.fi\/index.php?rest_route=%2Fwp%2Fv2%2Fmedia&parent=91543"}],"wp:term":[{"taxonomy":"pwb-brand","embeddable":true,"href":"https:\/\/www.autonvaraosahaku.fi\/index.php?rest_route=%2Fwp%2Fv2%2Fpwb-brand&post=91543"},{"taxonomy":"product_cat","embeddable":true,"href":"https:\/\/www.autonvaraosahaku.fi\/index.php?rest_route=%2Fwp%2Fv2%2Fproduct_cat&post=91543"},{"taxonomy":"product_tag","embeddable":true,"href":"https:\/\/www.autonvaraosahaku.fi\/index.php?rest_route=%2Fwp%2Fv2%2Fproduct_tag&post=91543"}],"curies":[{"name":"wp","href":"https:\/\/api.w.org\/{rel}","templated":true}]}}