{"id":91553,"date":"2021-02-21T21:32:25","date_gmt":"2021-02-21T21:32:25","guid":{"rendered":"https:\/\/www.autonvaraosahaku.fi\/?product=ridex-82b0315-jarrulevyt"},"modified":"2021-02-21T21:32:27","modified_gmt":"2021-02-21T21:32:27","slug":"ridex-82b0315-jarrulevyt","status":"publish","type":"product","link":"https:\/\/www.autonvaraosahaku.fi\/?product=ridex-82b0315-jarrulevyt","title":{"rendered":"RIDEX 82B0315 Jarrulevyt"},"content":{"rendered":"<p>Asennuspuoli: Taka-akseli; Jarrulevytyyppi: Vakiomalli; Jarrulevyn paksuus (mm): 9; L\u00e4pimitta [mm]: 292; Reik\u00e4ympyr\u00e4-\u00d8 [mm]: 114,3; V\u00e4himm\u00e4ispaksuus (mm): 8; Sis\u00e4l\u00e4pimitta [mm]: 172; Reik\u00e4kuvio\/-m\u00e4\u00e4r\u00e4: 5\/6; Reik\u00e4-\u00d8 [mm]: 12,7; Korkeus (mm): 62,0; keskitt\u00e4misl\u00e4pimitta [mm]: 68; NISSAN: QASHQAI \/ QASHQAI +2 J10, JJ10,JUKE F15,NV200 EVALIA,NV200 Kasten,SUNNY III N14,QASHQAI J11, J11_,PULSAR Schr\u00e4gheck C13,TEANA II J32,SENTRA B15,SENTRA B16,SENTRA B17,TIIDA Schr\u00e4gheck C12; 432063Z600, 432067Y000, 432068J100, 432068J101, 432068J102, 432069W000, 432069Y000, 43206JD00A, 43206JD00B, 43206JG00A; Jarrulevy<\/p>\n","protected":false},"excerpt":{"rendered":"<p>RIDEX Jarrulevyt 82B0315 Jarrulevy NISSAN,QASHQAI \/ QASHQAI +2 J10, JJ10,JUKE F15,NV200 EVALIA,NV200 Kasten,SUNNY III N14,QASHQAI J11, J11_<\/p>\n","protected":false},"featured_media":0,"template":"","meta":{"site-sidebar-layout":"default","site-content-layout":"default","ast-global-header-display":"","ast-main-header-display":"","ast-hfb-above-header-display":"","ast-hfb-below-header-display":"","ast-hfb-mobile-header-display":"","site-post-title":"","ast-breadcrumbs-content":"","ast-featured-img":"","footer-sml-layout":"","theme-transparent-header-meta":"","adv-header-id-meta":"","stick-header-meta":"","header-above-stick-meta":"","header-main-stick-meta":"","header-below-stick-meta":""},"pwb-brand":[157],"product_cat":[66],"product_tag":[],"class_list":{"0":"post-91553","1":"product","2":"type-product","3":"status-publish","5":"pwb-brand-ridex","6":"product_cat-jarrulevyt","7":"desktop-align-left","8":"tablet-align-left","9":"mobile-align-left","11":"first","12":"instock","13":"product-type-external"},"brands":[{"id":157,"name":"RIDEX","slug":"ridex"}],"_links":{"self":[{"href":"https:\/\/www.autonvaraosahaku.fi\/index.php?rest_route=\/wp\/v2\/product\/91553","targetHints":{"allow":["GET"]}}],"collection":[{"href":"https:\/\/www.autonvaraosahaku.fi\/index.php?rest_route=\/wp\/v2\/product"}],"about":[{"href":"https:\/\/www.autonvaraosahaku.fi\/index.php?rest_route=\/wp\/v2\/types\/product"}],"wp:attachment":[{"href":"https:\/\/www.autonvaraosahaku.fi\/index.php?rest_route=%2Fwp%2Fv2%2Fmedia&parent=91553"}],"wp:term":[{"taxonomy":"pwb-brand","embeddable":true,"href":"https:\/\/www.autonvaraosahaku.fi\/index.php?rest_route=%2Fwp%2Fv2%2Fpwb-brand&post=91553"},{"taxonomy":"product_cat","embeddable":true,"href":"https:\/\/www.autonvaraosahaku.fi\/index.php?rest_route=%2Fwp%2Fv2%2Fproduct_cat&post=91553"},{"taxonomy":"product_tag","embeddable":true,"href":"https:\/\/www.autonvaraosahaku.fi\/index.php?rest_route=%2Fwp%2Fv2%2Fproduct_tag&post=91553"}],"curies":[{"name":"wp","href":"https:\/\/api.w.org\/{rel}","templated":true}]}}