{"id":91557,"date":"2021-02-21T21:32:25","date_gmt":"2021-02-21T21:32:25","guid":{"rendered":"https:\/\/www.autonvaraosahaku.fi\/?product=ridex-82b0268-jarrulevyt"},"modified":"2021-02-21T21:32:28","modified_gmt":"2021-02-21T21:32:28","slug":"ridex-82b0268-jarrulevyt","status":"publish","type":"product","link":"https:\/\/www.autonvaraosahaku.fi\/?product=ridex-82b0268-jarrulevyt","title":{"rendered":"RIDEX 82B0268 Jarrulevyt"},"content":{"rendered":"<p>Asennuspuoli: Etuakseli; L\u00e4pimitta [mm]: 253; Jarrulevyn paksuus (mm): 17; V\u00e4himm\u00e4ispaksuus (mm): 15; Korkeus (mm): 49; keskitt\u00e4misl\u00e4pimitta [mm]: 60; Jarrulevytyyppi: Tuuletettu; Paino [kg]: 4,02; Reik\u00e4ympyr\u00e4-\u00d8 [mm]: 100; Reik\u00e4kuvio\/-m\u00e4\u00e4r\u00e4: 4\/8; Sis\u00e4l\u00e4pimitta [mm]: 153; Reik\u00e4-\u00d8 [mm]: 12,7; OPEL: AGILA A H00; PEUGEOT: 308 SW,308 4A_, 4C_,3008,308 CC; SUZUKI: WAGON R+ MM,IGNIS II,WAGON R+ EM,WAGON R; SUBARU: JUSTY III G3X; VAUXHALL: AGILA Mk II B,AGILA Mk I A; 4706749, 4707288, 93176389, 5531184E01, 5531186G02, 5531184E01, 5531186G02, 4070649, 93176389, 93179462, 230839; Jarrulevy<\/p>\n","protected":false},"excerpt":{"rendered":"<p>RIDEX Jarrulevyt 82B0268 Jarrulevy OPEL,PEUGEOT,SUZUKI,AGILA A H00,308 SW,308 4A_, 4C_,3008,308 CC,WAGON R+ MM,IGNIS II,WAGON R+ EM,WAGON R<\/p>\n","protected":false},"featured_media":0,"template":"","meta":{"site-sidebar-layout":"default","site-content-layout":"default","ast-global-header-display":"","ast-main-header-display":"","ast-hfb-above-header-display":"","ast-hfb-below-header-display":"","ast-hfb-mobile-header-display":"","site-post-title":"","ast-breadcrumbs-content":"","ast-featured-img":"","footer-sml-layout":"","theme-transparent-header-meta":"","adv-header-id-meta":"","stick-header-meta":"","header-above-stick-meta":"","header-main-stick-meta":"","header-below-stick-meta":""},"pwb-brand":[157],"product_cat":[66],"product_tag":[],"class_list":{"0":"post-91557","1":"product","2":"type-product","3":"status-publish","5":"pwb-brand-ridex","6":"product_cat-jarrulevyt","7":"desktop-align-left","8":"tablet-align-left","9":"mobile-align-left","11":"first","12":"instock","13":"product-type-external"},"brands":[{"id":157,"name":"RIDEX","slug":"ridex"}],"_links":{"self":[{"href":"https:\/\/www.autonvaraosahaku.fi\/index.php?rest_route=\/wp\/v2\/product\/91557","targetHints":{"allow":["GET"]}}],"collection":[{"href":"https:\/\/www.autonvaraosahaku.fi\/index.php?rest_route=\/wp\/v2\/product"}],"about":[{"href":"https:\/\/www.autonvaraosahaku.fi\/index.php?rest_route=\/wp\/v2\/types\/product"}],"wp:attachment":[{"href":"https:\/\/www.autonvaraosahaku.fi\/index.php?rest_route=%2Fwp%2Fv2%2Fmedia&parent=91557"}],"wp:term":[{"taxonomy":"pwb-brand","embeddable":true,"href":"https:\/\/www.autonvaraosahaku.fi\/index.php?rest_route=%2Fwp%2Fv2%2Fpwb-brand&post=91557"},{"taxonomy":"product_cat","embeddable":true,"href":"https:\/\/www.autonvaraosahaku.fi\/index.php?rest_route=%2Fwp%2Fv2%2Fproduct_cat&post=91557"},{"taxonomy":"product_tag","embeddable":true,"href":"https:\/\/www.autonvaraosahaku.fi\/index.php?rest_route=%2Fwp%2Fv2%2Fproduct_tag&post=91557"}],"curies":[{"name":"wp","href":"https:\/\/api.w.org\/{rel}","templated":true}]}}