{"id":91560,"date":"2021-02-21T21:32:25","date_gmt":"2021-02-21T21:32:25","guid":{"rendered":"https:\/\/www.autonvaraosahaku.fi\/?product=roadhouse-6110-00-jarrulevyt"},"modified":"2021-02-21T21:32:29","modified_gmt":"2021-02-21T21:32:29","slug":"roadhouse-6110-00-jarrulevyt","status":"publish","type":"product","link":"https:\/\/www.autonvaraosahaku.fi\/?product=roadhouse-6110-00-jarrulevyt","title":{"rendered":"ROADHOUSE 6110.00 Jarrulevyt"},"content":{"rendered":"<p>Tarkistuskilpi: K.B.A.: 61210; Jarrulevyn paksuus (mm): 11, 11; Asennuspuoli: Etuakseli, Taka-akseli; L\u00e4pimitta [mm]: 240; V\u00e4himm\u00e4ispaksuus (mm): 9,2; Korkeus (mm): 40; Paino [kg]: 3,46; Reikien m\u00e4\u00e4r\u00e4: 4; Jarrulevytyyppi: Vakiomalli; Valmistusvuoteen: 03\/1995; ABARTH: 500 \/ 595 312_,500C \/ 595C 312_; LANCIA: YPSILON 843,Y 840A,MUSA 350,DELTA II 836,DEDRA 835,Y10 156,DEDRA SW 835; FORD: KA RU8; FIAT: PUNTO 188,PANDA 169,500 312,SEICENTO 187,BARCHETTA 183,500 C 312,PUNTO 176,PANDA Van 169,CINQUECENTO 170,IDEA,PANDA 312,COUPE FA\/175,PUNTO Van 188AX,BRAVO I 182,PUNTO Cabriolet 176C,MAREA Weekend 185,SEICENTO Van 187,TIPO 160,PANDA Van 141_,MAREA 185,TEMPRA 159,PUNTO Van 176L,TEMPRA S.W. 159,PANDA VAN 312; ALFA ROMEO: 145 930,155 167,146 930,33 907A,33 Sportwagon 907B; ZASTAVA: YUGO,YUGO FLORIDA; 0060576335, 0060805117, 0060811879, 60576335, 60800345, 60805117, 60811879, 46403960, 60811879, 7163465, 71738421, 7566931, 7633495, 7645054, 7663465, 7663495, 7685656, 1541804, 7566931, 7645054, 7663465, 7663495, 230232; Jarrulevy<\/p>\n","protected":false},"excerpt":{"rendered":"<p>ROADHOUSE Jarrulevyt 6110.00 Jarrulevy ABARTH,LANCIA,FORD,500 \/ 595 312_,500C \/ 595C 312_,YPSILON 843,Y 840A,MUSA 350,DELTA II 836,DEDRA 835,Y10 156<\/p>\n","protected":false},"featured_media":0,"template":"","meta":{"site-sidebar-layout":"default","site-content-layout":"default","ast-global-header-display":"","ast-main-header-display":"","ast-hfb-above-header-display":"","ast-hfb-below-header-display":"","ast-hfb-mobile-header-display":"","site-post-title":"","ast-breadcrumbs-content":"","ast-featured-img":"","footer-sml-layout":"","theme-transparent-header-meta":"","adv-header-id-meta":"","stick-header-meta":"","header-above-stick-meta":"","header-main-stick-meta":"","header-below-stick-meta":""},"pwb-brand":[591],"product_cat":[66],"product_tag":[],"class_list":{"0":"post-91560","1":"product","2":"type-product","3":"status-publish","5":"pwb-brand-roadhouse","6":"product_cat-jarrulevyt","7":"desktop-align-left","8":"tablet-align-left","9":"mobile-align-left","11":"first","12":"instock","13":"product-type-external"},"brands":[{"id":591,"name":"ROADHOUSE","slug":"roadhouse"}],"_links":{"self":[{"href":"https:\/\/www.autonvaraosahaku.fi\/index.php?rest_route=\/wp\/v2\/product\/91560","targetHints":{"allow":["GET"]}}],"collection":[{"href":"https:\/\/www.autonvaraosahaku.fi\/index.php?rest_route=\/wp\/v2\/product"}],"about":[{"href":"https:\/\/www.autonvaraosahaku.fi\/index.php?rest_route=\/wp\/v2\/types\/product"}],"wp:attachment":[{"href":"https:\/\/www.autonvaraosahaku.fi\/index.php?rest_route=%2Fwp%2Fv2%2Fmedia&parent=91560"}],"wp:term":[{"taxonomy":"pwb-brand","embeddable":true,"href":"https:\/\/www.autonvaraosahaku.fi\/index.php?rest_route=%2Fwp%2Fv2%2Fpwb-brand&post=91560"},{"taxonomy":"product_cat","embeddable":true,"href":"https:\/\/www.autonvaraosahaku.fi\/index.php?rest_route=%2Fwp%2Fv2%2Fproduct_cat&post=91560"},{"taxonomy":"product_tag","embeddable":true,"href":"https:\/\/www.autonvaraosahaku.fi\/index.php?rest_route=%2Fwp%2Fv2%2Fproduct_tag&post=91560"}],"curies":[{"name":"wp","href":"https:\/\/api.w.org\/{rel}","templated":true}]}}