{"id":91561,"date":"2021-02-21T21:32:25","date_gmt":"2021-02-21T21:32:25","guid":{"rendered":"https:\/\/www.autonvaraosahaku.fi\/?product=febi-bilstein-40606-pyoranpultit"},"modified":"2021-02-21T21:32:29","modified_gmt":"2021-02-21T21:32:29","slug":"febi-bilstein-40606-pyoranpultit","status":"publish","type":"product","link":"https:\/\/www.autonvaraosahaku.fi\/?product=febi-bilstein-40606-pyoranpultit","title":{"rendered":"FEBI BILSTEIN 40606 Py\u00f6r\u00e4npultit"},"content":{"rendered":"<p>Pituus (mm): 60; Ulkol\u00e4pimitta [mm]: 28,0; Ulkokierre [mm]: M14 x 1,5; Kierteen pituus (mm): 21,5; Laatu \/ luokka: 10.9; Avainv\u00e4li: 17; Ruuvikanta\/mutteriprofiili: Kuusioruuvi \/-mutteri; Py\u00f6r\u00e4n kiinnitys: Kuula istukka A\/G; V\u00e4ri: Hopea; Materiaali: Ter\u00e4s; Ruuvin pituus ilman p\u00e4\u00e4t\u00e4: 30; Asennuspuoli: Etuakseli, Taka-akseli; Paino [kg]: 0,08; Huomioi huolto-ohjeet: , ; Erikoisajoneuvo: f\u00fcr gepanzerte Fahrzeuge; AUDI: Q5 8R,Q3 8U,A8 4H_,Q7 4M,Q5 FY,A8 4N2, 4N8; 8R0601295, 8R0601295; Py\u00f6r\u00e4nruuvi<\/p>\n","protected":false},"excerpt":{"rendered":"<p>FEBI BILSTEIN Py\u00f6r\u00e4npultit 40606 Py\u00f6r\u00e4nruuvi AUDI,Q5 8R,Q3 8U,A8 4H_,Q7 4M,Q5 FY,A8 4N2, 4N8<\/p>\n","protected":false},"featured_media":0,"template":"","meta":{"site-sidebar-layout":"default","site-content-layout":"default","ast-global-header-display":"","ast-main-header-display":"","ast-hfb-above-header-display":"","ast-hfb-below-header-display":"","ast-hfb-mobile-header-display":"","site-post-title":"","ast-breadcrumbs-content":"","ast-featured-img":"","footer-sml-layout":"","theme-transparent-header-meta":"","adv-header-id-meta":"","stick-header-meta":"","header-above-stick-meta":"","header-main-stick-meta":"","header-below-stick-meta":""},"pwb-brand":[50],"product_cat":[51],"product_tag":[],"class_list":{"0":"post-91561","1":"product","2":"type-product","3":"status-publish","5":"pwb-brand-febi-bilstein","6":"product_cat-pyoranpultit","7":"desktop-align-left","8":"tablet-align-left","9":"mobile-align-left","11":"first","12":"instock","13":"product-type-external"},"brands":[{"id":50,"name":"FEBI BILSTEIN","slug":"febi-bilstein"}],"_links":{"self":[{"href":"https:\/\/www.autonvaraosahaku.fi\/index.php?rest_route=\/wp\/v2\/product\/91561","targetHints":{"allow":["GET"]}}],"collection":[{"href":"https:\/\/www.autonvaraosahaku.fi\/index.php?rest_route=\/wp\/v2\/product"}],"about":[{"href":"https:\/\/www.autonvaraosahaku.fi\/index.php?rest_route=\/wp\/v2\/types\/product"}],"wp:attachment":[{"href":"https:\/\/www.autonvaraosahaku.fi\/index.php?rest_route=%2Fwp%2Fv2%2Fmedia&parent=91561"}],"wp:term":[{"taxonomy":"pwb-brand","embeddable":true,"href":"https:\/\/www.autonvaraosahaku.fi\/index.php?rest_route=%2Fwp%2Fv2%2Fpwb-brand&post=91561"},{"taxonomy":"product_cat","embeddable":true,"href":"https:\/\/www.autonvaraosahaku.fi\/index.php?rest_route=%2Fwp%2Fv2%2Fproduct_cat&post=91561"},{"taxonomy":"product_tag","embeddable":true,"href":"https:\/\/www.autonvaraosahaku.fi\/index.php?rest_route=%2Fwp%2Fv2%2Fproduct_tag&post=91561"}],"curies":[{"name":"wp","href":"https:\/\/api.w.org\/{rel}","templated":true}]}}