{"id":91566,"date":"2021-02-21T21:32:25","date_gmt":"2021-02-21T21:32:25","guid":{"rendered":"https:\/\/www.autonvaraosahaku.fi\/?product=tyc-15-0219-00-2-rekisterikilven-valo"},"modified":"2021-02-21T21:32:31","modified_gmt":"2021-02-21T21:32:31","slug":"tyc-15-0219-00-2-rekisterikilven-valo","status":"publish","type":"product","link":"https:\/\/www.autonvaraosahaku.fi\/?product=tyc-15-0219-00-2-rekisterikilven-valo","title":{"rendered":"TYC 15-0219-00-2 Rekisterikilven valo"},"content":{"rendered":"<p>Asennuspuoli: Molemminpuolin; Rekister\u00f6ity tyyppi: E-hyv\u00e4ksytty; Lamppumalli: W5W; Lis\u00e4tarvike\/lis\u00e4tieto: Polttimolla; Varusteet: f\u00fcr Fahrzeuge mit Heckklappe; CITRO\u00cbN: BERLINGO MF,XSARA PICASSO N68,C3 I FC_,BERLINGO B9,C4 Grand Picasso I UA_,SAXO S0, S1,BERLINGO Kasten M_,C5 II Break RE_,C3 Picasso,C5 I DC_,C5 I Break DE_,XSARA N1,XSARA Break N2,DS4,XSARA Coupe N0,XSARA Kasten,JUMPY Kasten,SPACETOURER,JUMPY; PEUGEOT: 206 Schr\u00e4gheck 2A\/C,206 CC 2D,207 WA_, WC_,407 SW 6E_,207 SW WK_,308 SW,206 SW 2E\/K,206+ T3E,5008,307 Break 3E,406 Break 8E\/F,PARTNER Tepee,PARTNER Combispace 5F,PARTNER Kasten 5,306 Break 7E, N3, N5,PARTNER Kasten,207 Stufenheck,206 Van,EXPERT Kasten,TRAVELLER; DS: DS 4 \/ DS 4 CROSSBACK; 634099, 6340A3, 6340E8, 6340F9, 634099, 6340A3, 6340E8, 6340F9, 634099, 6340A3, 6340E8, 6340F9, 634099, 6340A3, 6340E8, 6340F9, SU001A3445; Rekisterivalo<\/p>\n","protected":false},"excerpt":{"rendered":"<p>TYC Rekisterikilven Valo 15-0219-00-2 Rekisterivalo CITRO\u00cbN,PEUGEOT,DS,BERLINGO MF,XSARA PICASSO N68,C3 I FC_,BERLINGO B9,C4 Grand Picasso I UA_<\/p>\n","protected":false},"featured_media":0,"template":"","meta":{"site-sidebar-layout":"default","site-content-layout":"default","ast-global-header-display":"","ast-main-header-display":"","ast-hfb-above-header-display":"","ast-hfb-below-header-display":"","ast-hfb-mobile-header-display":"","site-post-title":"","ast-breadcrumbs-content":"","ast-featured-img":"","footer-sml-layout":"","theme-transparent-header-meta":"","adv-header-id-meta":"","stick-header-meta":"","header-above-stick-meta":"","header-main-stick-meta":"","header-below-stick-meta":""},"pwb-brand":[124],"product_cat":[55],"product_tag":[],"class_list":{"0":"post-91566","1":"product","2":"type-product","3":"status-publish","5":"pwb-brand-tyc","6":"product_cat-rekisterikilven-valo","7":"desktop-align-left","8":"tablet-align-left","9":"mobile-align-left","11":"first","12":"instock","13":"product-type-external"},"brands":[{"id":124,"name":"TYC","slug":"tyc"}],"_links":{"self":[{"href":"https:\/\/www.autonvaraosahaku.fi\/index.php?rest_route=\/wp\/v2\/product\/91566","targetHints":{"allow":["GET"]}}],"collection":[{"href":"https:\/\/www.autonvaraosahaku.fi\/index.php?rest_route=\/wp\/v2\/product"}],"about":[{"href":"https:\/\/www.autonvaraosahaku.fi\/index.php?rest_route=\/wp\/v2\/types\/product"}],"wp:attachment":[{"href":"https:\/\/www.autonvaraosahaku.fi\/index.php?rest_route=%2Fwp%2Fv2%2Fmedia&parent=91566"}],"wp:term":[{"taxonomy":"pwb-brand","embeddable":true,"href":"https:\/\/www.autonvaraosahaku.fi\/index.php?rest_route=%2Fwp%2Fv2%2Fpwb-brand&post=91566"},{"taxonomy":"product_cat","embeddable":true,"href":"https:\/\/www.autonvaraosahaku.fi\/index.php?rest_route=%2Fwp%2Fv2%2Fproduct_cat&post=91566"},{"taxonomy":"product_tag","embeddable":true,"href":"https:\/\/www.autonvaraosahaku.fi\/index.php?rest_route=%2Fwp%2Fv2%2Fproduct_tag&post=91566"}],"curies":[{"name":"wp","href":"https:\/\/api.w.org\/{rel}","templated":true}]}}