{"id":91569,"date":"2021-02-21T21:32:25","date_gmt":"2021-02-21T21:32:25","guid":{"rendered":"https:\/\/www.autonvaraosahaku.fi\/?product=swag-10-94-6044-muut-luokat"},"modified":"2021-02-21T21:32:32","modified_gmt":"2021-02-21T21:32:32","slug":"swag-10-94-6044-muut-luokat","status":"publish","type":"product","link":"https:\/\/www.autonvaraosahaku.fi\/?product=swag-10-94-6044-muut-luokat","title":{"rendered":"SWAG 10 94 6044 Muut luokat"},"content":{"rendered":"<p>Paksuus [mm]: 19,0; Sis\u00e4l\u00e4pimitta [mm]: 10,0; Ulkol\u00e4pimitta [mm]: 40,0; Ulkol\u00e4pimitta 1 [mm]: 25, 25; Moottorinumero: M104; MERCEDES-BENZ: C-CLASS W203,E-CLASS W211,C-CLASS W204,C-CLASS T-Model S204,C-CLASS T-Model S203,C-CLASS W202,E-CLASS T-Model S211,E-CLASS W210,E-CLASS W212,VIANO W639,B-CLASS W246, W242,C-CLASS Coupe CL203,M-CLASS W163,Stufenheck W124,E-CLASS T-Model S212,E-CLASS Kombi S210,VITO Bus W639,CLK C208,A-CLASS W176,CLK C209,C-CLASS Kombi S202,S-CLASS W220,VITO \/ MIXTO Kasten W639,SPRINTER 3,5-t Kasten 906,KOMBI Kombi S124,E-CLASS W124,G-CLASS W463,E-CLASS Coupe C207,CLK Cabriolet A208,COUPE C124,CLA Coupe C117,S-CLASS W140,E-CLASS Kombi S124,C-CLASS Coupe C204,SLK R172,E-CLASS Cabriolet A207,G-CLASS W461,SPRINTER 3,5-t Pritsche\/Fahrgestell 906,E-CLASS Cabriolet A124,E-CLASS Coupe C124,CITAN Kasten 415,SPRINTER 5-t Pritsche\/Fahrgestell 906,G-CLASS Cabrio W463,CITAN Kombi 415,SPRINTER 3-t Pritsche\/Fahrgestell 906,CITAN Mixto 415,SPRINTER 4,6-t Pritsche\/Fahrgestell 906,C-CLASS T-Model S205,C-CLASS W205,V-CLASS W447,GLA-CLASS X156; 6040940085, 6119970481, A6040940085, A6119970481<\/p>\n","protected":false},"excerpt":{"rendered":"<p>SWAG Pidike, Ilmasuodatin SWAG extra 10 94 6044  MERCEDES-BENZ,C-CLASS W203,E-CLASS W211,C-CLASS W204,C-CLASS T-Model S204,C-CLASS T-Model S203<\/p>\n","protected":false},"featured_media":0,"template":"","meta":{"site-sidebar-layout":"default","site-content-layout":"default","ast-global-header-display":"","ast-main-header-display":"","ast-hfb-above-header-display":"","ast-hfb-below-header-display":"","ast-hfb-mobile-header-display":"","site-post-title":"","ast-breadcrumbs-content":"","ast-featured-img":"","footer-sml-layout":"","theme-transparent-header-meta":"","adv-header-id-meta":"","stick-header-meta":"","header-above-stick-meta":"","header-main-stick-meta":"","header-below-stick-meta":""},"pwb-brand":[103],"product_cat":[37],"product_tag":[],"class_list":{"0":"post-91569","1":"product","2":"type-product","3":"status-publish","5":"pwb-brand-swag","6":"product_cat-muut-luokat","7":"desktop-align-left","8":"tablet-align-left","9":"mobile-align-left","11":"first","12":"instock","13":"product-type-external"},"brands":[{"id":103,"name":"SWAG","slug":"swag"}],"_links":{"self":[{"href":"https:\/\/www.autonvaraosahaku.fi\/index.php?rest_route=\/wp\/v2\/product\/91569","targetHints":{"allow":["GET"]}}],"collection":[{"href":"https:\/\/www.autonvaraosahaku.fi\/index.php?rest_route=\/wp\/v2\/product"}],"about":[{"href":"https:\/\/www.autonvaraosahaku.fi\/index.php?rest_route=\/wp\/v2\/types\/product"}],"wp:attachment":[{"href":"https:\/\/www.autonvaraosahaku.fi\/index.php?rest_route=%2Fwp%2Fv2%2Fmedia&parent=91569"}],"wp:term":[{"taxonomy":"pwb-brand","embeddable":true,"href":"https:\/\/www.autonvaraosahaku.fi\/index.php?rest_route=%2Fwp%2Fv2%2Fpwb-brand&post=91569"},{"taxonomy":"product_cat","embeddable":true,"href":"https:\/\/www.autonvaraosahaku.fi\/index.php?rest_route=%2Fwp%2Fv2%2Fproduct_cat&post=91569"},{"taxonomy":"product_tag","embeddable":true,"href":"https:\/\/www.autonvaraosahaku.fi\/index.php?rest_route=%2Fwp%2Fv2%2Fproduct_tag&post=91569"}],"curies":[{"name":"wp","href":"https:\/\/api.w.org\/{rel}","templated":true}]}}