{"id":91570,"date":"2021-02-21T21:32:33","date_gmt":"2021-02-21T21:32:33","guid":{"rendered":"https:\/\/www.autonvaraosahaku.fi\/?product=nipparts-j1345001-raitisilmasuodatin"},"modified":"2021-02-21T21:32:34","modified_gmt":"2021-02-21T21:32:34","slug":"nipparts-j1345001-raitisilmasuodatin","status":"publish","type":"product","link":"https:\/\/www.autonvaraosahaku.fi\/?product=nipparts-j1345001-raitisilmasuodatin","title":{"rendered":"NIPPARTS J1345001 Raitisilmasuodatin"},"content":{"rendered":"<p>Pituus (mm): 229; Leveys (mm): 102; Korkeus (mm): 25; Tarvittava kappalem\u00e4\u00e4r\u00e4: 2; Korkeus 2 (mm): 37; Varusteet: f\u00fcr Fahrzeuge mit Klimaanlage; MITSUBISHI: SPACE STAR DG_A,CARISMA DA_,COLT V CJ_, CP_,CARISMA Stufenheck DA_,L 200 K7_T, K6_T,L 200 KB_T, KA_T,LANCER Stufenheck CS_A, CT0,PAJERO SPORT K90,LANCER VI CJ-CP_,L 200 K3_T, K2_T, K1_T, K0_T,L200 KJ_; MR227823, MR460201, MZ311917, XZ311917, XZ311917D; Sis\u00e4ilmansuodatin,Suodatin, Sis\u00e4ilma<\/p>\n","protected":false},"excerpt":{"rendered":"<p>NIPPARTS Raitisilmasuodatin J1345001 Sis\u00e4ilmansuodatin,Suodatin, Sis\u00e4ilma MITSUBISHI,SPACE STAR DG_A,CARISMA DA_,COLT V CJ_, CP_<\/p>\n","protected":false},"featured_media":0,"template":"","meta":{"site-sidebar-layout":"default","site-content-layout":"default","ast-global-header-display":"","ast-main-header-display":"","ast-hfb-above-header-display":"","ast-hfb-below-header-display":"","ast-hfb-mobile-header-display":"","site-post-title":"","ast-breadcrumbs-content":"","ast-featured-img":"","footer-sml-layout":"","theme-transparent-header-meta":"","adv-header-id-meta":"","stick-header-meta":"","header-above-stick-meta":"","header-main-stick-meta":"","header-below-stick-meta":""},"pwb-brand":[335],"product_cat":[19],"product_tag":[],"class_list":{"0":"post-91570","1":"product","2":"type-product","3":"status-publish","5":"pwb-brand-nipparts","6":"product_cat-raitisilmasuodatin","7":"desktop-align-left","8":"tablet-align-left","9":"mobile-align-left","11":"first","12":"instock","13":"product-type-external"},"brands":[{"id":335,"name":"NIPPARTS","slug":"nipparts"}],"_links":{"self":[{"href":"https:\/\/www.autonvaraosahaku.fi\/index.php?rest_route=\/wp\/v2\/product\/91570","targetHints":{"allow":["GET"]}}],"collection":[{"href":"https:\/\/www.autonvaraosahaku.fi\/index.php?rest_route=\/wp\/v2\/product"}],"about":[{"href":"https:\/\/www.autonvaraosahaku.fi\/index.php?rest_route=\/wp\/v2\/types\/product"}],"wp:attachment":[{"href":"https:\/\/www.autonvaraosahaku.fi\/index.php?rest_route=%2Fwp%2Fv2%2Fmedia&parent=91570"}],"wp:term":[{"taxonomy":"pwb-brand","embeddable":true,"href":"https:\/\/www.autonvaraosahaku.fi\/index.php?rest_route=%2Fwp%2Fv2%2Fpwb-brand&post=91570"},{"taxonomy":"product_cat","embeddable":true,"href":"https:\/\/www.autonvaraosahaku.fi\/index.php?rest_route=%2Fwp%2Fv2%2Fproduct_cat&post=91570"},{"taxonomy":"product_tag","embeddable":true,"href":"https:\/\/www.autonvaraosahaku.fi\/index.php?rest_route=%2Fwp%2Fv2%2Fproduct_tag&post=91570"}],"curies":[{"name":"wp","href":"https:\/\/api.w.org\/{rel}","templated":true}]}}