{"id":91580,"date":"2021-02-21T21:32:33","date_gmt":"2021-02-21T21:32:33","guid":{"rendered":"https:\/\/www.autonvaraosahaku.fi\/?product=magneti-marelli-062000771304-sytytystulpat"},"modified":"2021-02-21T21:32:37","modified_gmt":"2021-02-21T21:32:37","slug":"magneti-marelli-062000771304-sytytystulpat","status":"publish","type":"product","link":"https:\/\/www.autonvaraosahaku.fi\/?product=magneti-marelli-062000771304-sytytystulpat","title":{"rendered":"MAGNETI MARELLI 062000771304 Sytytystulpat"},"content":{"rendered":"<p>Sytytystulppa: 1-maaelektroodi, Vastuksella; K\u00e4rkiv\u00e4li (mm): 0,7; Kierremitta: M14; Kierteen pituus (mm): 19; Avainv\u00e4li: 20,8; Korvaava tuote\/korvaava tiedote 2: suoralla istukalla; TECDOC-moottorinumero: 4726; MAZDA: 323 III Hatchback BF,626 III GD,626 III Hatchback GD,626 III Coupe GD,E-SERIE Kasten SR2,626 III Station Wagon GV,626 II GC,626 II Hatchback GC,929 III HC,323 III BF,929 II Coupe HB,323 III Station Wagon BW,323 II Hatchback BD,323 I FA,323 II BD,929 II HB,626 I CB,929 I LA,323 I Station Wagon FA,929 II Kombi HV; SEAT: MARBELLA 28,IBIZA I 021A,MARBELLA Kasten 028A,RONDA 022A,FURA 025A; CHEVROLET: KALOS; DAEWOO: KALOS KLAS,LANOS KLAT,KALOS Stufenheck KLAS,LANOS Stufenheck KLAT,NEXIA KLETN,ESPERO KLEJ,NEXIA Stufenheck KLETN; LADA: NIVA 2121,111 2111,110 2110,NOVA 2105,112 2112,SAMARA Stufenheck 21099, 2115; NISSAN: PICK UP D21,PATROL Hardtop K160,PATROL Hardtop K260,SUNNY II Coupe B12,PATROL Station Wagon W160,SUNNY II Hatchback N13,LAUREL JC32,SUNNY II N13,BLUEBIRD U11,PRAIRIE M10, NM10,SUNNY II Traveller B12,LAUREL JC31,CHERRY III N12,URVAN Kasten E23,SUNNY I B11,LAUREL HLC230,BLUEBIRD 910,SUNNY I Coupe B11,URVAN Bus E23,SUNNY I Traveller B11,BLUEBIRD Traveller W910,BLUEBIRD Stufenheck 910,STANZA Hatchback T11,STANZA T11; KIA: MAGENTIS GD; HONDA: CIVIC I Hatchback SB,PRELUDE I Coupe SN,ACTY TN,QUINTET SU; LAND ROVER: DEFENDER Station Wagon LD,DISCOVERY II LJ, LT,RANGE ROVER II LP,DISCOVERY I LJ, LG,RANGE ROVER I AE, AN, HAA, HAB, HAM, HBM, RE, RN; VOLVO: 940 II Kombi 945,940 Kombi 945,240 Kombi P245,740 Kombi 745,740 744,240 P242, P244,480 E,440 K 445,460 L 464,940 944,760 704, 764,340-360 343, 345,940 II 944,340-360 Stufenheck 344; 5984036, 71711639, 71711640, 71711806, 9FYSSR, 5984036, 71711639, 71711640, 71711806, 7554444, 7760382, 9FYSSR, 59622A, 7700727383, 7701414031, 9004851095000, 9004851096000, 5984036, 71711639, 71711640, 71711806, 7554444, 7760382, 9FYSSR, 5984036, 71711639, 71711640, 71711806, 7554444, 7760382, 9FYSSR, 5099742, 5099768, 3191WZ0M5600, 8983999010, 9807956846, 9807956855, 9807956876H0, 1881108061, 22401V1416, 22401V1486PC, 22401V1491, 22401W9816, B2401V1416, 8942199430, 1881108061, 5984036, 71711639, 71711640, 71711806, 7554444, 7760382, 9FYSSR, 9009820325, 9009820745, 9009870058, 5984036, 71711639, 71711640, 71711806, 7554444, 7760382, 9FYSSR, 0000181690, 169018110, 1Y0118110, MS851218, MS851233, MS851236, MS851413, Z2152945, 22401V1416, 22401V1486PC, 22401V1491, 22401W9816, B2401V1416, 90239568, 90355136, 59622A, 7700727383, 7701414031, 22401AA200, 22401AA220, 22401KA130, 0948200299, 0948200409, 0948200487, 9009820325, 9009820745, 9009870058, 1367528, 1367529, 270746; Tulpat,Sytytystulppa<\/p>\n","protected":false},"excerpt":{"rendered":"<p>MAGNETI MARELLI Sytytystulpat 062000771304 Tulpat,Sytytystulppa MAZDA,SEAT,CHEVROLET,323 III Hatchback BF,626 III GD,626 III Hatchback GD<\/p>\n","protected":false},"featured_media":0,"template":"","meta":{"site-sidebar-layout":"default","site-content-layout":"default","ast-global-header-display":"","ast-main-header-display":"","ast-hfb-above-header-display":"","ast-hfb-below-header-display":"","ast-hfb-mobile-header-display":"","site-post-title":"","ast-breadcrumbs-content":"","ast-featured-img":"","footer-sml-layout":"","theme-transparent-header-meta":"","adv-header-id-meta":"","stick-header-meta":"","header-above-stick-meta":"","header-main-stick-meta":"","header-below-stick-meta":""},"pwb-brand":[34],"product_cat":[165],"product_tag":[],"class_list":{"0":"post-91580","1":"product","2":"type-product","3":"status-publish","5":"pwb-brand-magneti-marelli","6":"product_cat-sytytystulpat","7":"desktop-align-left","8":"tablet-align-left","9":"mobile-align-left","11":"first","12":"instock","13":"product-type-external"},"brands":[{"id":34,"name":"MAGNETI MARELLI","slug":"magneti-marelli"}],"_links":{"self":[{"href":"https:\/\/www.autonvaraosahaku.fi\/index.php?rest_route=\/wp\/v2\/product\/91580","targetHints":{"allow":["GET"]}}],"collection":[{"href":"https:\/\/www.autonvaraosahaku.fi\/index.php?rest_route=\/wp\/v2\/product"}],"about":[{"href":"https:\/\/www.autonvaraosahaku.fi\/index.php?rest_route=\/wp\/v2\/types\/product"}],"wp:attachment":[{"href":"https:\/\/www.autonvaraosahaku.fi\/index.php?rest_route=%2Fwp%2Fv2%2Fmedia&parent=91580"}],"wp:term":[{"taxonomy":"pwb-brand","embeddable":true,"href":"https:\/\/www.autonvaraosahaku.fi\/index.php?rest_route=%2Fwp%2Fv2%2Fpwb-brand&post=91580"},{"taxonomy":"product_cat","embeddable":true,"href":"https:\/\/www.autonvaraosahaku.fi\/index.php?rest_route=%2Fwp%2Fv2%2Fproduct_cat&post=91580"},{"taxonomy":"product_tag","embeddable":true,"href":"https:\/\/www.autonvaraosahaku.fi\/index.php?rest_route=%2Fwp%2Fv2%2Fproduct_tag&post=91580"}],"curies":[{"name":"wp","href":"https:\/\/api.w.org\/{rel}","templated":true}]}}