{"id":91588,"date":"2021-02-21T21:32:33","date_gmt":"2021-02-21T21:32:33","guid":{"rendered":"https:\/\/www.autonvaraosahaku.fi\/?product=meyle-126-725-0024-iskunvaimennin"},"modified":"2021-02-21T21:32:40","modified_gmt":"2021-02-21T21:32:40","slug":"meyle-126-725-0024-iskunvaimennin","status":"publish","type":"product","link":"https:\/\/www.autonvaraosahaku.fi\/?product=meyle-126-725-0024-iskunvaimennin","title":{"rendered":"MEYLE 126 725 0024 Iskunvaimennin"},"content":{"rendered":"<p>Asennuspuoli: Taka-akseli; Iskunvaimennin tyyppi: Kaasupaine; Iskunvaimennusj\u00e4rjestelm\u00e4: Kaksiputki; Iskunvaimennin malli: Teleskooppi-iskunvaimentaja; Iskunvaimennin asennustapa: Tappi ylh\u00e4\u00e4ll\u00e4, Silmukka alhaalla; lis\u00e4tieto: ORIGINAL Quality; Alustarakenne: f\u00fcr Fahrzeuge mit Standard Fahrwerk; VW: GOLF V 1K1,TOURAN 1T1, 1T2,GOLF VI 5K1,PASSAT Variant 3C5,GOLF PLUS 5M1, 521,PASSAT 3C2,PASSAT Variant 365,TOURAN 1T3,GOLF VI Variant AJ5,GOLF V Variant 1K5,SCIROCCO 137, 138,PASSAT CC 357,SHARAN 7N1, 7N2,JETTA III 1K2,PASSAT 362,CC 358,GOLF VI Cabriolet 517,JETTA IV 162, 163,TOURAN; AUDI: A3 8P1,A3 Sportback 8PA,A3 Cabriolet 8P7; SKODA: OCTAVIA Combi 1Z5,YETI 5L,SUPERB Kombi 3T5,OCTAVIA 1Z3,SUPERB 3T4; SEAT: LEON 1P1,ALTEA 5P1,ALTEA XL 5P5, 5P8,ALHAMBRA 710, 711,TOLEDO III 5P2; 1K0513029DS, 1K0513029EC, 1K0513029ED, 1K0513029FA, 1K0513029FR, 1K0513029GC, 1K0513029GK, 1K0513029GN, 1K0513029HB, 1K0513029HD, 1K0513029HE, 1K0513029HM, 1K0513029HP, 1K0513029HQ, 1K0513029NJ, 1K0513029CE, 1K0513029EC, 1K0513029ED, 1K0513029FA, 1K0513029FR, 1K0513029GG, 1K0513029GN, 1K0513029JG, 1K0513029MC, 1K0513029MD, 7N0513049P, 7N0513049Q, 1K0513029CE, 1K0513029EC, 1K0513029ED, 1K0513029EN, 1K0513029EQ, 1K0513029ER, 1K0513029ES, 1K0513029ET, 1K0513029FA, 1K0513029FR, 1K0513029GA, 1K0513029GP, 1K0513029MC, 3C0513049AR, 3C0513049BD, 3C0513049BE, 3C0513049BF, 3C0513049BG, 3C0513049BR, 3C0513049CP, 3C0513049CR, 1K0512011TM, 1K0512011TN, 1K0512013AA, 1K0512013T, 1K0513029CA, 1K0513029CB, 1K0513029CE, 1K0513029CF, 1K0513029CQ, 1K0513029DA, 1K0513029DB, 1K0513029EC, 1K0513029ED, 1K0513029EN, 1K0513029EQ, 1K0513029ER, 1K0513029ES, 1K0513029ET, 1K0513029FA, 1K0513029FB, 1K0513029FG, 1K0513029FH, 1K0513029FQ, 1K0513029FR, 1K0513029GA, 1K0513029GG, 1K0513029GL, 1K0513029GN, 1K0513029GP, &#8230;; Iskarit,Iskunvaimennin<\/p>\n","protected":false},"excerpt":{"rendered":"<p>MEYLE Iskunvaimentimet 126 725 0024 Iskarit,Iskunvaimennin VW,AUDI,SKODA,GOLF V 1K1,TOURAN 1T1, 1T2,GOLF VI 5K1,PASSAT Variant 3C5,GOLF PLUS 5M1, 521<\/p>\n","protected":false},"featured_media":0,"template":"","meta":{"site-sidebar-layout":"default","site-content-layout":"default","ast-global-header-display":"","ast-main-header-display":"","ast-hfb-above-header-display":"","ast-hfb-below-header-display":"","ast-hfb-mobile-header-display":"","site-post-title":"","ast-breadcrumbs-content":"","ast-featured-img":"","footer-sml-layout":"","theme-transparent-header-meta":"","adv-header-id-meta":"","stick-header-meta":"","header-above-stick-meta":"","header-main-stick-meta":"","header-below-stick-meta":""},"pwb-brand":[84],"product_cat":[80],"product_tag":[],"class_list":{"0":"post-91588","1":"product","2":"type-product","3":"status-publish","5":"pwb-brand-meyle","6":"product_cat-iskunvaimennin","7":"desktop-align-left","8":"tablet-align-left","9":"mobile-align-left","11":"first","12":"instock","13":"product-type-external"},"brands":[{"id":84,"name":"MEYLE","slug":"meyle"}],"_links":{"self":[{"href":"https:\/\/www.autonvaraosahaku.fi\/index.php?rest_route=\/wp\/v2\/product\/91588","targetHints":{"allow":["GET"]}}],"collection":[{"href":"https:\/\/www.autonvaraosahaku.fi\/index.php?rest_route=\/wp\/v2\/product"}],"about":[{"href":"https:\/\/www.autonvaraosahaku.fi\/index.php?rest_route=\/wp\/v2\/types\/product"}],"wp:attachment":[{"href":"https:\/\/www.autonvaraosahaku.fi\/index.php?rest_route=%2Fwp%2Fv2%2Fmedia&parent=91588"}],"wp:term":[{"taxonomy":"pwb-brand","embeddable":true,"href":"https:\/\/www.autonvaraosahaku.fi\/index.php?rest_route=%2Fwp%2Fv2%2Fpwb-brand&post=91588"},{"taxonomy":"product_cat","embeddable":true,"href":"https:\/\/www.autonvaraosahaku.fi\/index.php?rest_route=%2Fwp%2Fv2%2Fproduct_cat&post=91588"},{"taxonomy":"product_tag","embeddable":true,"href":"https:\/\/www.autonvaraosahaku.fi\/index.php?rest_route=%2Fwp%2Fv2%2Fproduct_tag&post=91588"}],"curies":[{"name":"wp","href":"https:\/\/api.w.org\/{rel}","templated":true}]}}