{"id":9159,"date":"2021-02-21T14:05:08","date_gmt":"2021-02-21T14:05:08","guid":{"rendered":"https:\/\/www.autonvaraosahaku.fi\/?product=master-sport-3411-set-ms-pyoranlaakerit"},"modified":"2021-02-21T14:05:08","modified_gmt":"2021-02-21T14:05:08","slug":"master-sport-3411-set-ms-pyoranlaakerit","status":"publish","type":"product","link":"https:\/\/www.autonvaraosahaku.fi\/?product=master-sport-3411-set-ms-pyoranlaakerit","title":{"rendered":"MASTER-SPORT 3411-SET-MS Py\u00f6r\u00e4nlaakerit"},"content":{"rendered":"<p>Laippa \u00d8(mm): 119,4; Nettopaino [kg]: 3,69; Bruttopaino [kg]: 3,75; Vanne, aukkoja: 5; Korvaava tuote\/korvaava tiedote 2: integroidulla py\u00f6r\u00e4nlaakerilla, integr. py\u00f6r\u00e4n kierroslukusensori; Kierremitta: M12 x 1,5; Asennuspuoli: Vorderachse; OPEL: MERIVA,ZAFIRA A F75_,ASTRA G CC F48_, F08_,ASTRA G Caravan F35_,VECTRA B 36_,VECTRA B Caravan 31_,ASTRA G Cabriolet F67,ASTRA G Coupe F07_,COMBO Kasten\/Kombi,ASTRA G Stufenheck F69_,VECTRA B CC 38_,COMBO Tour,VECTRA A 86_, 87_,VECTRA A CC 88_, 89_,ASTRA G Kasten F70,ASTRA G CLASSIC Caravan F35,ASTRA G CLASSIC T98,ASTRA G CLASSIC Stufenheck T98; SAAB: 9-5 Kombi YS3E,9-3 YS3D,9-5 YS3E,9-3 Cabriolet YS3D,900 I Combi Coupe,900 II Cabriolet,900 II,900 I AC4, AM4,900 II Coupe; VAUXHALL: ZAFIRA Mk I A F75,ASTRA Mk IV G CC,MERIVA Mk I A,ASTRA Mk IV G Sedan,CAVALIER Mk III 87,VECTRA B CC,VECTRA B Estate,VECTRA B,ASTRAVAN Mk IV G,CAVALIER Mk III CC,ASTRA Mk IV G Coupe F67,COMBO Mk II C Kasten\/Kombi F25,ASTRA Mk IV G Convertible,ASTRA Mk IV G Estate; 09119931, 13123486, 1603209, 1604002, 1604301, 90510543, 90538940, 9117620, 9119931, 4839122, 5058185, 13123486, 1603209, 90538940, 9117620, 9119931; Py\u00f6r\u00e4nlaakerisarja<\/p>\n","protected":false},"excerpt":{"rendered":"<p>MASTER-SPORT Py\u00f6r\u00e4nlaakerit 3411-SET-MS Py\u00f6r\u00e4nlaakerisarja OPEL,SAAB,VAUXHALL,MERIVA,ZAFIRA A F75_,ASTRA G CC F48_, F08_,ASTRA G Caravan F35_<\/p>\n","protected":false},"featured_media":0,"template":"","meta":{"site-sidebar-layout":"default","site-content-layout":"default","ast-global-header-display":"","ast-main-header-display":"","ast-hfb-above-header-display":"","ast-hfb-below-header-display":"","ast-hfb-mobile-header-display":"","site-post-title":"","ast-breadcrumbs-content":"","ast-featured-img":"","footer-sml-layout":"","theme-transparent-header-meta":"","adv-header-id-meta":"","stick-header-meta":"","header-above-stick-meta":"","header-main-stick-meta":"","header-below-stick-meta":""},"pwb-brand":[61],"product_cat":[83],"product_tag":[],"class_list":{"0":"post-9159","1":"product","2":"type-product","3":"status-publish","5":"pwb-brand-master-sport","6":"product_cat-pyoranlaakerit","7":"desktop-align-left","8":"tablet-align-left","9":"mobile-align-left","11":"first","12":"instock","13":"product-type-external"},"brands":[{"id":61,"name":"MASTER-SPORT","slug":"master-sport"}],"_links":{"self":[{"href":"https:\/\/www.autonvaraosahaku.fi\/index.php?rest_route=\/wp\/v2\/product\/9159","targetHints":{"allow":["GET"]}}],"collection":[{"href":"https:\/\/www.autonvaraosahaku.fi\/index.php?rest_route=\/wp\/v2\/product"}],"about":[{"href":"https:\/\/www.autonvaraosahaku.fi\/index.php?rest_route=\/wp\/v2\/types\/product"}],"wp:attachment":[{"href":"https:\/\/www.autonvaraosahaku.fi\/index.php?rest_route=%2Fwp%2Fv2%2Fmedia&parent=9159"}],"wp:term":[{"taxonomy":"pwb-brand","embeddable":true,"href":"https:\/\/www.autonvaraosahaku.fi\/index.php?rest_route=%2Fwp%2Fv2%2Fpwb-brand&post=9159"},{"taxonomy":"product_cat","embeddable":true,"href":"https:\/\/www.autonvaraosahaku.fi\/index.php?rest_route=%2Fwp%2Fv2%2Fproduct_cat&post=9159"},{"taxonomy":"product_tag","embeddable":true,"href":"https:\/\/www.autonvaraosahaku.fi\/index.php?rest_route=%2Fwp%2Fv2%2Fproduct_tag&post=9159"}],"curies":[{"name":"wp","href":"https:\/\/api.w.org\/{rel}","templated":true}]}}