{"id":91592,"date":"2021-02-21T21:32:41","date_gmt":"2021-02-21T21:32:41","guid":{"rendered":"https:\/\/www.autonvaraosahaku.fi\/?product=nipparts-j1310500-oljynsuodatin"},"modified":"2021-02-21T21:32:42","modified_gmt":"2021-02-21T21:32:42","slug":"nipparts-j1310500-oljynsuodatin","status":"publish","type":"product","link":"https:\/\/www.autonvaraosahaku.fi\/?product=nipparts-j1310500-oljynsuodatin","title":{"rendered":"NIPPARTS J1310500 \u00d6ljynsuodatin"},"content":{"rendered":"<p>Suodatintyyppi: Ruuvattava suodatin; Korkeus (mm): 75; Ulkol\u00e4pimitta [mm]: 68; L\u00e4pimitta 2 [mm]: 64; Kierre 1: M20X1.5; Ulkol\u00e4pimitta 2 [mm]: 64,0; Sis\u00e4l\u00e4pimitta 1 [mm]: 56,0; Avauspaine ohitusventtiili [bar]: 1,0; NISSAN: X-TRAIL T31; KIA: PICANTO BA,CARENS II FJ,RIO III UB,CEE&#8217;D JD,PICANTO TA,CEE`D Sportswagon JD,RIO Kombi DC,PRO CEE\u00b4D JD,RIO Stufenheck DC_,RIO III Stufenheck UB,ROADSTER,PRIDE Van DA,RIO IV YB,CEE&#8217;D Combi Van JD,PICANTO JA,STONIC YB; HYUNDAI: GETZ TB,i10 PA,i20 PB, PBT,i30 GD,i30 CW GD,ATOS MX,i30 Coupe,i10 IA,i20 GB,i30 PDE,i30 Kombi PDE,i20 ACTIVE GB,i20 Coupe,i10 Stufenheck,KONA OS,i30 FASTBACK PDE; SUBARU: LEGACY OUTBACK BG; 2630002500, 2630002501, 2630002502, 2630002503, 2630003000, 2630003001, 263002Y500<\/p>\n","protected":false},"excerpt":{"rendered":"<p>NIPPARTS \u00d6ljynsuodatin J1310500  NISSAN,KIA,HYUNDAI,X-TRAIL T31,PICANTO BA,CARENS II FJ,RIO III UB,CEE&#8217;D JD,PICANTO TA,CEE`D Sportswagon JD<\/p>\n","protected":false},"featured_media":0,"template":"","meta":{"site-sidebar-layout":"default","site-content-layout":"default","ast-global-header-display":"","ast-main-header-display":"","ast-hfb-above-header-display":"","ast-hfb-below-header-display":"","ast-hfb-mobile-header-display":"","site-post-title":"","ast-breadcrumbs-content":"","ast-featured-img":"","footer-sml-layout":"","theme-transparent-header-meta":"","adv-header-id-meta":"","stick-header-meta":"","header-above-stick-meta":"","header-main-stick-meta":"","header-below-stick-meta":""},"pwb-brand":[335],"product_cat":[30],"product_tag":[],"class_list":{"0":"post-91592","1":"product","2":"type-product","3":"status-publish","5":"pwb-brand-nipparts","6":"product_cat-oljynsuodatin","7":"desktop-align-left","8":"tablet-align-left","9":"mobile-align-left","11":"first","12":"instock","13":"product-type-external"},"brands":[{"id":335,"name":"NIPPARTS","slug":"nipparts"}],"_links":{"self":[{"href":"https:\/\/www.autonvaraosahaku.fi\/index.php?rest_route=\/wp\/v2\/product\/91592","targetHints":{"allow":["GET"]}}],"collection":[{"href":"https:\/\/www.autonvaraosahaku.fi\/index.php?rest_route=\/wp\/v2\/product"}],"about":[{"href":"https:\/\/www.autonvaraosahaku.fi\/index.php?rest_route=\/wp\/v2\/types\/product"}],"wp:attachment":[{"href":"https:\/\/www.autonvaraosahaku.fi\/index.php?rest_route=%2Fwp%2Fv2%2Fmedia&parent=91592"}],"wp:term":[{"taxonomy":"pwb-brand","embeddable":true,"href":"https:\/\/www.autonvaraosahaku.fi\/index.php?rest_route=%2Fwp%2Fv2%2Fpwb-brand&post=91592"},{"taxonomy":"product_cat","embeddable":true,"href":"https:\/\/www.autonvaraosahaku.fi\/index.php?rest_route=%2Fwp%2Fv2%2Fproduct_cat&post=91592"},{"taxonomy":"product_tag","embeddable":true,"href":"https:\/\/www.autonvaraosahaku.fi\/index.php?rest_route=%2Fwp%2Fv2%2Fproduct_tag&post=91592"}],"curies":[{"name":"wp","href":"https:\/\/api.w.org\/{rel}","templated":true}]}}