{"id":91597,"date":"2021-02-21T21:32:41","date_gmt":"2021-02-21T21:32:41","guid":{"rendered":"https:\/\/www.autonvaraosahaku.fi\/?product=nipparts-j1341013-raitisilmasuodatin"},"modified":"2021-02-21T21:32:44","modified_gmt":"2021-02-21T21:32:44","slug":"nipparts-j1341013-raitisilmasuodatin","status":"publish","type":"product","link":"https:\/\/www.autonvaraosahaku.fi\/?product=nipparts-j1341013-raitisilmasuodatin","title":{"rendered":"NIPPARTS J1341013 Raitisilmasuodatin"},"content":{"rendered":"<p>Pituus (mm): 265; Leveys (mm): 100; Korkeus (mm): 25; Tarvittava kappalem\u00e4\u00e4r\u00e4: 2; OE-numerolle: 27274-7J125; NISSAN: PATROL GR II Wagon Y61,PATROL II Pritsche\/Fahrgestell Y61; 272747J125; Sis\u00e4ilmansuodatin,Suodatin, Sis\u00e4ilma<\/p>\n","protected":false},"excerpt":{"rendered":"<p>NIPPARTS Raitisilmasuodatin J1341013 Sis\u00e4ilmansuodatin,Suodatin, Sis\u00e4ilma NISSAN,PATROL GR II Wagon Y61,PATROL II Pritsche\/Fahrgestell Y61<\/p>\n","protected":false},"featured_media":0,"template":"","meta":{"site-sidebar-layout":"default","site-content-layout":"default","ast-global-header-display":"","ast-main-header-display":"","ast-hfb-above-header-display":"","ast-hfb-below-header-display":"","ast-hfb-mobile-header-display":"","site-post-title":"","ast-breadcrumbs-content":"","ast-featured-img":"","footer-sml-layout":"","theme-transparent-header-meta":"","adv-header-id-meta":"","stick-header-meta":"","header-above-stick-meta":"","header-main-stick-meta":"","header-below-stick-meta":""},"pwb-brand":[335],"product_cat":[19],"product_tag":[],"class_list":{"0":"post-91597","1":"product","2":"type-product","3":"status-publish","5":"pwb-brand-nipparts","6":"product_cat-raitisilmasuodatin","7":"desktop-align-left","8":"tablet-align-left","9":"mobile-align-left","11":"first","12":"instock","13":"product-type-external"},"brands":[{"id":335,"name":"NIPPARTS","slug":"nipparts"}],"_links":{"self":[{"href":"https:\/\/www.autonvaraosahaku.fi\/index.php?rest_route=\/wp\/v2\/product\/91597","targetHints":{"allow":["GET"]}}],"collection":[{"href":"https:\/\/www.autonvaraosahaku.fi\/index.php?rest_route=\/wp\/v2\/product"}],"about":[{"href":"https:\/\/www.autonvaraosahaku.fi\/index.php?rest_route=\/wp\/v2\/types\/product"}],"wp:attachment":[{"href":"https:\/\/www.autonvaraosahaku.fi\/index.php?rest_route=%2Fwp%2Fv2%2Fmedia&parent=91597"}],"wp:term":[{"taxonomy":"pwb-brand","embeddable":true,"href":"https:\/\/www.autonvaraosahaku.fi\/index.php?rest_route=%2Fwp%2Fv2%2Fpwb-brand&post=91597"},{"taxonomy":"product_cat","embeddable":true,"href":"https:\/\/www.autonvaraosahaku.fi\/index.php?rest_route=%2Fwp%2Fv2%2Fproduct_cat&post=91597"},{"taxonomy":"product_tag","embeddable":true,"href":"https:\/\/www.autonvaraosahaku.fi\/index.php?rest_route=%2Fwp%2Fv2%2Fproduct_tag&post=91597"}],"curies":[{"name":"wp","href":"https:\/\/api.w.org\/{rel}","templated":true}]}}