{"id":91607,"date":"2021-02-21T21:32:41","date_gmt":"2021-02-21T21:32:41","guid":{"rendered":"https:\/\/www.autonvaraosahaku.fi\/?product=ridex-3405b0192-jarrulevyt"},"modified":"2021-02-21T21:32:48","modified_gmt":"2021-02-21T21:32:48","slug":"ridex-3405b0192-jarrulevyt","status":"publish","type":"product","link":"https:\/\/www.autonvaraosahaku.fi\/?product=ridex-3405b0192-jarrulevyt","title":{"rendered":"RIDEX 3405B0192 Jarrulevyt"},"content":{"rendered":"<p>Kulumisenilmaisimen liitos: Ei kulumisenilmaisimelle, Ei kulumisenilmaisimelle; Ulkol\u00e4pimitta [mm]: 283; Korkeus (mm): 34; Jarrulevytyyppi: Tuuletettu; Jarrulevyn paksuus (mm): 26; Reikien m\u00e4\u00e4r\u00e4: 4; Asennuspuoli: Etuakseli; Korvaava tuote\/korvaava tiedote 2: Huudonvaimennuspellill\u00e4; Jarruj\u00e4rjestelm\u00e4: BOSCH; M\u00e4\u00e4r\u00e4yksikk\u00f6: Sarja; moniosainen: moniosainen; Valmistaja rajaus: Bosch; OPEL: CROSSLAND X; CITRO\u00cbN: BERLINGO MF,XSARA PICASSO N68,C3 I FC_,BERLINGO B9,C4 I LC_,DS3,BERLINGO Kasten M_,C3 Picasso,C3 II,XSARA N1,C4 Coupe LA_,XSARA Break N2,BERLINGO Kasten B9,XSARA Coupe N0,C4 Stufenheck L,DS3 Cabriolet,C4 CACTUS,XSARA Kasten,C3 AIRCROSS II; PEUGEOT: 206 Schr\u00e4gheck 2A\/C,207 WA_, WC_,307 SW 3H,207 CC WD_,307 CC 3B,307 3A\/C,207 SW WK_,307 Break 3E,PARTNER Tepee,1007 KM_,PARTNER Combispace 5F,2008,PARTNER Kasten 5,PARTNER Kasten,207 Stufenheck,207 Van; DS: DS 3,DS 3 Cabriolet; VAUXHALL: CROSSLAND X<\/p>\n","protected":false},"excerpt":{"rendered":"<p>RIDEX Jarrupalasarja Levyjarru 3405B0192  OPEL,CITRO\u00cbN,PEUGEOT,CROSSLAND X,BERLINGO MF,XSARA PICASSO N68,C3 I FC_,BERLINGO B9,C4 I LC_,DS3<\/p>\n","protected":false},"featured_media":0,"template":"","meta":{"site-sidebar-layout":"default","site-content-layout":"default","ast-global-header-display":"","ast-main-header-display":"","ast-hfb-above-header-display":"","ast-hfb-below-header-display":"","ast-hfb-mobile-header-display":"","site-post-title":"","ast-breadcrumbs-content":"","ast-featured-img":"","footer-sml-layout":"","theme-transparent-header-meta":"","adv-header-id-meta":"","stick-header-meta":"","header-above-stick-meta":"","header-main-stick-meta":"","header-below-stick-meta":""},"pwb-brand":[157],"product_cat":[66],"product_tag":[],"class_list":{"0":"post-91607","1":"product","2":"type-product","3":"status-publish","5":"pwb-brand-ridex","6":"product_cat-jarrulevyt","7":"desktop-align-left","8":"tablet-align-left","9":"mobile-align-left","11":"first","12":"instock","13":"product-type-external"},"brands":[{"id":157,"name":"RIDEX","slug":"ridex"}],"_links":{"self":[{"href":"https:\/\/www.autonvaraosahaku.fi\/index.php?rest_route=\/wp\/v2\/product\/91607","targetHints":{"allow":["GET"]}}],"collection":[{"href":"https:\/\/www.autonvaraosahaku.fi\/index.php?rest_route=\/wp\/v2\/product"}],"about":[{"href":"https:\/\/www.autonvaraosahaku.fi\/index.php?rest_route=\/wp\/v2\/types\/product"}],"wp:attachment":[{"href":"https:\/\/www.autonvaraosahaku.fi\/index.php?rest_route=%2Fwp%2Fv2%2Fmedia&parent=91607"}],"wp:term":[{"taxonomy":"pwb-brand","embeddable":true,"href":"https:\/\/www.autonvaraosahaku.fi\/index.php?rest_route=%2Fwp%2Fv2%2Fpwb-brand&post=91607"},{"taxonomy":"product_cat","embeddable":true,"href":"https:\/\/www.autonvaraosahaku.fi\/index.php?rest_route=%2Fwp%2Fv2%2Fproduct_cat&post=91607"},{"taxonomy":"product_tag","embeddable":true,"href":"https:\/\/www.autonvaraosahaku.fi\/index.php?rest_route=%2Fwp%2Fv2%2Fproduct_tag&post=91607"}],"curies":[{"name":"wp","href":"https:\/\/api.w.org\/{rel}","templated":true}]}}