{"id":91630,"date":"2021-02-21T21:32:57","date_gmt":"2021-02-21T21:32:57","guid":{"rendered":"https:\/\/www.autonvaraosahaku.fi\/?product=swag-99-90-3966-pyoranpultit"},"modified":"2021-02-21T21:32:57","modified_gmt":"2021-02-21T21:32:57","slug":"swag-99-90-3966-pyoranpultit","status":"publish","type":"product","link":"https:\/\/www.autonvaraosahaku.fi\/?product=swag-99-90-3966-pyoranpultit","title":{"rendered":"SWAG 99 90 3966 Py\u00f6r\u00e4npultit"},"content":{"rendered":"<p>Paksuus [mm]: 18,0; Ulkol\u00e4pimitta [mm]: 28,0; Sis\u00e4kierre (mm): M18 x 1,5; Laatu \/ luokka: 10; Avainv\u00e4li: 24; Ruuvikanta\/mutteriprofiili: Kuusioruuvi \/-mutteri; Pultti\/mutteri malli: Uppokanta; Py\u00f6r\u00e4n kiinnitys: Sile\u00e4 istukka; DIN \/ ISO: 74361; Materiaali: Ter\u00e4s; Pinta: Fosfatoitu; Paino [kg]: 0,040; Huomioi huolto-ohjeet: , ; MAN: EL,EM,F2000,F90,F90 Unterflur,G,G90,L2000,LION\u00b4S COACH,LION\u00b4S COMFORT,LION\u00b4S STAR,M 2000 L,M 2000 M,M90,NG,NL,NM,N\u00dc,R,SD,SG,SL,SL II,SM,SR,S\u00dc,TGA,\u00dcL; 06112220213, 81455030020, 074361018201, 074361018205, A074361018201, A074361018205; Py\u00f6r\u00e4n Mutteri<\/p>\n","protected":false},"excerpt":{"rendered":"<p>SWAG Py\u00f6r\u00e4nmutterit 99 90 3966 Py\u00f6r\u00e4n Mutteri MAN,EL,EM,F2000,F90,F90 Unterflur,G,G90,L2000,LION\u00b4S COACH,LION\u00b4S COMFORT,LION\u00b4S STAR,M 2000 L,M 2000 M<\/p>\n","protected":false},"featured_media":0,"template":"","meta":{"site-sidebar-layout":"default","site-content-layout":"default","ast-global-header-display":"","ast-main-header-display":"","ast-hfb-above-header-display":"","ast-hfb-below-header-display":"","ast-hfb-mobile-header-display":"","site-post-title":"","ast-breadcrumbs-content":"","ast-featured-img":"","footer-sml-layout":"","theme-transparent-header-meta":"","adv-header-id-meta":"","stick-header-meta":"","header-above-stick-meta":"","header-main-stick-meta":"","header-below-stick-meta":""},"pwb-brand":[103],"product_cat":[51],"product_tag":[],"class_list":{"0":"post-91630","1":"product","2":"type-product","3":"status-publish","5":"pwb-brand-swag","6":"product_cat-pyoranpultit","7":"desktop-align-left","8":"tablet-align-left","9":"mobile-align-left","11":"first","12":"instock","13":"product-type-external"},"brands":[{"id":103,"name":"SWAG","slug":"swag"}],"_links":{"self":[{"href":"https:\/\/www.autonvaraosahaku.fi\/index.php?rest_route=\/wp\/v2\/product\/91630","targetHints":{"allow":["GET"]}}],"collection":[{"href":"https:\/\/www.autonvaraosahaku.fi\/index.php?rest_route=\/wp\/v2\/product"}],"about":[{"href":"https:\/\/www.autonvaraosahaku.fi\/index.php?rest_route=\/wp\/v2\/types\/product"}],"wp:attachment":[{"href":"https:\/\/www.autonvaraosahaku.fi\/index.php?rest_route=%2Fwp%2Fv2%2Fmedia&parent=91630"}],"wp:term":[{"taxonomy":"pwb-brand","embeddable":true,"href":"https:\/\/www.autonvaraosahaku.fi\/index.php?rest_route=%2Fwp%2Fv2%2Fpwb-brand&post=91630"},{"taxonomy":"product_cat","embeddable":true,"href":"https:\/\/www.autonvaraosahaku.fi\/index.php?rest_route=%2Fwp%2Fv2%2Fproduct_cat&post=91630"},{"taxonomy":"product_tag","embeddable":true,"href":"https:\/\/www.autonvaraosahaku.fi\/index.php?rest_route=%2Fwp%2Fv2%2Fproduct_tag&post=91630"}],"curies":[{"name":"wp","href":"https:\/\/api.w.org\/{rel}","templated":true}]}}