{"id":91633,"date":"2021-02-21T21:32:57","date_gmt":"2021-02-21T21:32:57","guid":{"rendered":"https:\/\/www.autonvaraosahaku.fi\/?product=master-sport-302255-set-ms-vetonivel"},"modified":"2021-02-21T21:32:59","modified_gmt":"2021-02-21T21:32:59","slug":"master-sport-302255-set-ms-vetonivel","status":"publish","type":"product","link":"https:\/\/www.autonvaraosahaku.fi\/?product=master-sport-302255-set-ms-vetonivel","title":{"rendered":"MASTER-SPORT 302255-SET-MS Vetonivel"},"content":{"rendered":"<p>Asennuspuoli: Vaihteiston puoli, Py\u00f6r\u00e4n puoli; Sis\u00e4hammastus, py\u00f6r\u00e4npuoli: 33; Mekaanisesti ty\u00f6stetty: Ilman sokkauraa sis\u00e4osassa; Nivelen l\u00e4pimitta [mm]: 100; Pituus (mm): 32; Reikien m\u00e4\u00e4r\u00e4: 6; Reik\u00e4ympyr\u00e4-\u00d8 [mm]: 86; Nivelmalli: Kumi-\/Hardynivel; Nettopaino [kg]: 1,8; Bruttopaino [kg]: 1,89; VW: TRANSPORTER III Bus,TRANSPORTER III Kasten,TRANSPORTER II Bus,TRANSPORTER III Pritsche\/Fahrgestell,TRANSPORTER II Kasten,TRANSPORTER II Pritsche\/Fahrgestell; 211501331B, 211598101, 212501331, 251501331, 251598101, 251598101X, 3015012031; Nivelsarja, Vetoakseli<\/p>\n","protected":false},"excerpt":{"rendered":"<p>MASTER-SPORT Vetonivel 302255-SET-MS Nivelsarja, Vetoakseli VW,TRANSPORTER III Bus,TRANSPORTER III Kasten,TRANSPORTER II Bus<\/p>\n","protected":false},"featured_media":0,"template":"","meta":{"site-sidebar-layout":"default","site-content-layout":"default","ast-global-header-display":"","ast-main-header-display":"","ast-hfb-above-header-display":"","ast-hfb-below-header-display":"","ast-hfb-mobile-header-display":"","site-post-title":"","ast-breadcrumbs-content":"","ast-featured-img":"","footer-sml-layout":"","theme-transparent-header-meta":"","adv-header-id-meta":"","stick-header-meta":"","header-above-stick-meta":"","header-main-stick-meta":"","header-below-stick-meta":""},"pwb-brand":[61],"product_cat":[175],"product_tag":[],"class_list":{"0":"post-91633","1":"product","2":"type-product","3":"status-publish","5":"pwb-brand-master-sport","6":"product_cat-vetonivel","7":"desktop-align-left","8":"tablet-align-left","9":"mobile-align-left","11":"first","12":"instock","13":"product-type-external"},"brands":[{"id":61,"name":"MASTER-SPORT","slug":"master-sport"}],"_links":{"self":[{"href":"https:\/\/www.autonvaraosahaku.fi\/index.php?rest_route=\/wp\/v2\/product\/91633","targetHints":{"allow":["GET"]}}],"collection":[{"href":"https:\/\/www.autonvaraosahaku.fi\/index.php?rest_route=\/wp\/v2\/product"}],"about":[{"href":"https:\/\/www.autonvaraosahaku.fi\/index.php?rest_route=\/wp\/v2\/types\/product"}],"wp:attachment":[{"href":"https:\/\/www.autonvaraosahaku.fi\/index.php?rest_route=%2Fwp%2Fv2%2Fmedia&parent=91633"}],"wp:term":[{"taxonomy":"pwb-brand","embeddable":true,"href":"https:\/\/www.autonvaraosahaku.fi\/index.php?rest_route=%2Fwp%2Fv2%2Fpwb-brand&post=91633"},{"taxonomy":"product_cat","embeddable":true,"href":"https:\/\/www.autonvaraosahaku.fi\/index.php?rest_route=%2Fwp%2Fv2%2Fproduct_cat&post=91633"},{"taxonomy":"product_tag","embeddable":true,"href":"https:\/\/www.autonvaraosahaku.fi\/index.php?rest_route=%2Fwp%2Fv2%2Fproduct_tag&post=91633"}],"curies":[{"name":"wp","href":"https:\/\/api.w.org\/{rel}","templated":true}]}}