{"id":91641,"date":"2021-02-21T21:32:57","date_gmt":"2021-02-21T21:32:57","guid":{"rendered":"https:\/\/www.autonvaraosahaku.fi\/?product=nipparts-j1332077-polttoainesuodatin"},"modified":"2021-02-21T21:33:01","modified_gmt":"2021-02-21T21:33:01","slug":"nipparts-j1332077-polttoainesuodatin","status":"publish","type":"product","link":"https:\/\/www.autonvaraosahaku.fi\/?product=nipparts-j1332077-polttoainesuodatin","title":{"rendered":"NIPPARTS J1332077 Polttoainesuodatin"},"content":{"rendered":"<p>Korkeus (mm): 140; Sis\u00e4l\u00e4pimitta [mm]: 40; Ulkol\u00e4pimitta [mm]: 96; Asennuspuoli: im Kraftstoffbeh\u00e4lter; TOYOTA: YARIS SCP1_, NLP1_, NCP1_,COROLLA ZZE12_, NDE12_, ZDE12_,YARIS VERSO _NLP2_, _NCP2_,COROLLA Kombi _E12J_, _E12T_,COROLLA Liftback _E11_,COROLLA Compact _E11_,CELICA ZZT23_,COROLLA Stufenheck _E12J_, _E12T_,MR 2 III ZZW3_; 2322115030, 2330023030, 2330023040<\/p>\n","protected":false},"excerpt":{"rendered":"<p>NIPPARTS Polttoainesuodatin J1332077  TOYOTA,YARIS SCP1_, NLP1_, NCP1_,COROLLA ZZE12_, NDE12_, ZDE12_,YARIS VERSO _NLP2_, _NCP2_<\/p>\n","protected":false},"featured_media":0,"template":"","meta":{"site-sidebar-layout":"default","site-content-layout":"default","ast-global-header-display":"","ast-main-header-display":"","ast-hfb-above-header-display":"","ast-hfb-below-header-display":"","ast-hfb-mobile-header-display":"","site-post-title":"","ast-breadcrumbs-content":"","ast-featured-img":"","footer-sml-layout":"","theme-transparent-header-meta":"","adv-header-id-meta":"","stick-header-meta":"","header-above-stick-meta":"","header-main-stick-meta":"","header-below-stick-meta":""},"pwb-brand":[335],"product_cat":[29],"product_tag":[],"class_list":{"0":"post-91641","1":"product","2":"type-product","3":"status-publish","5":"pwb-brand-nipparts","6":"product_cat-polttoainesuodatin","7":"desktop-align-left","8":"tablet-align-left","9":"mobile-align-left","11":"first","12":"instock","13":"product-type-external"},"brands":[{"id":335,"name":"NIPPARTS","slug":"nipparts"}],"_links":{"self":[{"href":"https:\/\/www.autonvaraosahaku.fi\/index.php?rest_route=\/wp\/v2\/product\/91641","targetHints":{"allow":["GET"]}}],"collection":[{"href":"https:\/\/www.autonvaraosahaku.fi\/index.php?rest_route=\/wp\/v2\/product"}],"about":[{"href":"https:\/\/www.autonvaraosahaku.fi\/index.php?rest_route=\/wp\/v2\/types\/product"}],"wp:attachment":[{"href":"https:\/\/www.autonvaraosahaku.fi\/index.php?rest_route=%2Fwp%2Fv2%2Fmedia&parent=91641"}],"wp:term":[{"taxonomy":"pwb-brand","embeddable":true,"href":"https:\/\/www.autonvaraosahaku.fi\/index.php?rest_route=%2Fwp%2Fv2%2Fpwb-brand&post=91641"},{"taxonomy":"product_cat","embeddable":true,"href":"https:\/\/www.autonvaraosahaku.fi\/index.php?rest_route=%2Fwp%2Fv2%2Fproduct_cat&post=91641"},{"taxonomy":"product_tag","embeddable":true,"href":"https:\/\/www.autonvaraosahaku.fi\/index.php?rest_route=%2Fwp%2Fv2%2Fproduct_tag&post=91641"}],"curies":[{"name":"wp","href":"https:\/\/api.w.org\/{rel}","templated":true}]}}