{"id":91659,"date":"2021-02-21T21:33:05","date_gmt":"2021-02-21T21:33:05","guid":{"rendered":"https:\/\/www.autonvaraosahaku.fi\/?product=brembo-09-5870-14-jarrulevyt"},"modified":"2021-02-21T21:33:09","modified_gmt":"2021-02-21T21:33:09","slug":"brembo-09-5870-14-jarrulevyt","status":"publish","type":"product","link":"https:\/\/www.autonvaraosahaku.fi\/?product=brembo-09-5870-14-jarrulevyt","title":{"rendered":"BREMBO 09.5870.14 Jarrulevyt"},"content":{"rendered":"<p>Korvaava tuote\/korvaava tiedote 2: Ruuveilla; Kiristysmomentti: 86; keskitt\u00e4misl\u00e4pimitta [mm]: 59; Reikien m\u00e4\u00e4r\u00e4: 4; V\u00e4himm\u00e4ispaksuus (mm): 18,2; Jarrulevyn paksuus (mm): 20; Jarrulevytyyppi: Tuuletettu, sis\u00e4; Korkeus (mm): 40,5; L\u00e4pimitta [mm]: 257; Asennuspuoli: Vorderachse; FIAT: PUNTO 188,BARCHETTA 183,DOBLO Cargo 223,DOBLO 119,STRADA Pick-up 178E,PUNTO Van 188AX,PALIO Weekend 178DX,STRADA Pick-up 578_,PALIO 178BX,SIENA 178_; 60806137, 60810076, 60811256, 60811266, 46416712, 46423415, 51749124, 7645056, 7779409, 46423415; Jarrulevy<\/p>\n","protected":false},"excerpt":{"rendered":"<p>BREMBO Jarrulevyt 09.5870.14 Jarrulevy FIAT,PUNTO 188,BARCHETTA 183,DOBLO Cargo 223,DOBLO 119,STRADA Pick-up 178E,PUNTO Van 188AX,PALIO Weekend 178DX<\/p>\n","protected":false},"featured_media":0,"template":"","meta":{"site-sidebar-layout":"default","site-content-layout":"default","ast-global-header-display":"","ast-main-header-display":"","ast-hfb-above-header-display":"","ast-hfb-below-header-display":"","ast-hfb-mobile-header-display":"","site-post-title":"","ast-breadcrumbs-content":"","ast-featured-img":"","footer-sml-layout":"","theme-transparent-header-meta":"","adv-header-id-meta":"","stick-header-meta":"","header-above-stick-meta":"","header-main-stick-meta":"","header-below-stick-meta":""},"pwb-brand":[146],"product_cat":[66],"product_tag":[],"class_list":{"0":"post-91659","1":"product","2":"type-product","3":"status-publish","5":"pwb-brand-brembo","6":"product_cat-jarrulevyt","7":"desktop-align-left","8":"tablet-align-left","9":"mobile-align-left","11":"first","12":"instock","13":"product-type-external"},"brands":[{"id":146,"name":"BREMBO","slug":"brembo"}],"_links":{"self":[{"href":"https:\/\/www.autonvaraosahaku.fi\/index.php?rest_route=\/wp\/v2\/product\/91659","targetHints":{"allow":["GET"]}}],"collection":[{"href":"https:\/\/www.autonvaraosahaku.fi\/index.php?rest_route=\/wp\/v2\/product"}],"about":[{"href":"https:\/\/www.autonvaraosahaku.fi\/index.php?rest_route=\/wp\/v2\/types\/product"}],"wp:attachment":[{"href":"https:\/\/www.autonvaraosahaku.fi\/index.php?rest_route=%2Fwp%2Fv2%2Fmedia&parent=91659"}],"wp:term":[{"taxonomy":"pwb-brand","embeddable":true,"href":"https:\/\/www.autonvaraosahaku.fi\/index.php?rest_route=%2Fwp%2Fv2%2Fpwb-brand&post=91659"},{"taxonomy":"product_cat","embeddable":true,"href":"https:\/\/www.autonvaraosahaku.fi\/index.php?rest_route=%2Fwp%2Fv2%2Fproduct_cat&post=91659"},{"taxonomy":"product_tag","embeddable":true,"href":"https:\/\/www.autonvaraosahaku.fi\/index.php?rest_route=%2Fwp%2Fv2%2Fproduct_tag&post=91659"}],"curies":[{"name":"wp","href":"https:\/\/api.w.org\/{rel}","templated":true}]}}