{"id":91675,"date":"2021-02-21T21:33:13","date_gmt":"2021-02-21T21:33:13","guid":{"rendered":"https:\/\/www.autonvaraosahaku.fi\/?product=nipparts-j1337007-polttoainesuodatin"},"modified":"2021-02-21T21:33:15","modified_gmt":"2021-02-21T21:33:15","slug":"nipparts-j1337007-polttoainesuodatin","status":"publish","type":"product","link":"https:\/\/www.autonvaraosahaku.fi\/?product=nipparts-j1337007-polttoainesuodatin","title":{"rendered":"NIPPARTS J1337007 Polttoainesuodatin"},"content":{"rendered":"<p>Suodatintyyppi: Letkusuodatin, Letkusuodatin; Korkeus (mm): 120; Ulkol\u00e4pimitta [mm]: 85; Sis\u00e4\u00e4ntulol\u00e4pimitta [mm]: 8; Ulostulon l\u00e4pimitta [mm]: 8; SUBARU: FORESTER SG,FORESTER SF,IMPREZA Stufenheck GD,IMPREZA Station Wagon GG,LEGACY III Station Wagon BE, BH,IMPREZA Stufenheck GC,LEGACY II Station Wagon BD, BG,IMPREZA Station Wagon GF,LEGACY V Station Wagon BM, BR,OUTBACK BM, BR,LEGACY III BE, BH,SVX CX,LEGACY I Station Wagon BC, BJF,LEGACY II BD, BG,IMPREZA Coupe GFC,LEGACY I BC,LEGACY V BM, BR,LEGACY OUTBACK BG; 42072AA010, 42072AA011, 42072AA120, 42072PA010<\/p>\n","protected":false},"excerpt":{"rendered":"<p>NIPPARTS Polttoainesuodatin J1337007  SUBARU,FORESTER SG,FORESTER SF,IMPREZA Stufenheck GD,IMPREZA Station Wagon GG,LEGACY III Station Wagon BE, BH<\/p>\n","protected":false},"featured_media":0,"template":"","meta":{"site-sidebar-layout":"default","site-content-layout":"default","ast-global-header-display":"","ast-main-header-display":"","ast-hfb-above-header-display":"","ast-hfb-below-header-display":"","ast-hfb-mobile-header-display":"","site-post-title":"","ast-breadcrumbs-content":"","ast-featured-img":"","footer-sml-layout":"","theme-transparent-header-meta":"","adv-header-id-meta":"","stick-header-meta":"","header-above-stick-meta":"","header-main-stick-meta":"","header-below-stick-meta":""},"pwb-brand":[335],"product_cat":[29],"product_tag":[],"class_list":{"0":"post-91675","1":"product","2":"type-product","3":"status-publish","5":"pwb-brand-nipparts","6":"product_cat-polttoainesuodatin","7":"desktop-align-left","8":"tablet-align-left","9":"mobile-align-left","11":"first","12":"instock","13":"product-type-external"},"brands":[{"id":335,"name":"NIPPARTS","slug":"nipparts"}],"_links":{"self":[{"href":"https:\/\/www.autonvaraosahaku.fi\/index.php?rest_route=\/wp\/v2\/product\/91675","targetHints":{"allow":["GET"]}}],"collection":[{"href":"https:\/\/www.autonvaraosahaku.fi\/index.php?rest_route=\/wp\/v2\/product"}],"about":[{"href":"https:\/\/www.autonvaraosahaku.fi\/index.php?rest_route=\/wp\/v2\/types\/product"}],"wp:attachment":[{"href":"https:\/\/www.autonvaraosahaku.fi\/index.php?rest_route=%2Fwp%2Fv2%2Fmedia&parent=91675"}],"wp:term":[{"taxonomy":"pwb-brand","embeddable":true,"href":"https:\/\/www.autonvaraosahaku.fi\/index.php?rest_route=%2Fwp%2Fv2%2Fpwb-brand&post=91675"},{"taxonomy":"product_cat","embeddable":true,"href":"https:\/\/www.autonvaraosahaku.fi\/index.php?rest_route=%2Fwp%2Fv2%2Fproduct_cat&post=91675"},{"taxonomy":"product_tag","embeddable":true,"href":"https:\/\/www.autonvaraosahaku.fi\/index.php?rest_route=%2Fwp%2Fv2%2Fproduct_tag&post=91675"}],"curies":[{"name":"wp","href":"https:\/\/api.w.org\/{rel}","templated":true}]}}