{"id":91683,"date":"2021-02-21T21:33:13","date_gmt":"2021-02-21T21:33:13","guid":{"rendered":"https:\/\/www.autonvaraosahaku.fi\/?product=ridex-479c0022-kytkinpaketti"},"modified":"2021-02-21T21:33:18","modified_gmt":"2021-02-21T21:33:18","slug":"ridex-479c0022-kytkinpaketti","status":"publish","type":"product","link":"https:\/\/www.autonvaraosahaku.fi\/?product=ridex-479c0022-kytkinpaketti","title":{"rendered":"RIDEX 479C0022 Kytkinpaketti"},"content":{"rendered":"<p>Lis\u00e4tarvike\/lis\u00e4tieto: Painelevyll\u00e4; Ulkol\u00e4pimitta [mm]: 235; Ty\u00f6nt\u00f6voima [N]: 6200; Korvaava tuote\/korvaava tiedote 2: Kytkinlevyll\u00e4, irroitinlaakerilla; Ulkol\u00e4pimitta 1 [mm]: 235; Hammasluku: 20; K\u00e4ytt\u00f6tapa: Vetokytkin; Paino [kg]: 5,395; moniosainen: kolmiosainen; Valmistusvuosi alkaen: 10\/1994; FIAT: MAREA Weekend 185,MAREA 185; ALFA ROMEO: 147 937,156 Sportwagon 932,156 932,GT 937,166 936,145 930,146 930; LANCIA: LYBRA SW 839BX,KAPPA 838A,LYBRA 839AX,KAPPA SW 838B,KAPPA Coupe 838; 0060814061, 0060815660, 0060815751, 0060816363, 0060816365, 0060816818, 0071712826, 0071713150, 0071719088, 0071722740, 0071734900, 0071739501, 0071782026, 0071784228, 0071784555, 60814061, 60815660, 60815751, 60816363, 60816365, 60816818, 71712826, 71713150, 71719088, 71722740, 71734803, 71734897, 71734900, 71739501, 71739539, 71749477, 71782026, 71784228, 71784530, 71784555, 71786386, 71793048, 0071739501, 5895038, 60816856, 71711873, 71714654, 71715348, 71739501, 71749477, 0071739501, 5895038, 60816856, 71711873, 71714654, 71715348, 71734897, 71739501, 71739539, 71749477, 71782028, 71782030, 71786386; Kytkinsarja<\/p>\n","protected":false},"excerpt":{"rendered":"<p>RIDEX Kytkinpaketti 479C0022 Kytkinsarja FIAT,ALFA ROMEO,LANCIA,MAREA Weekend 185,MAREA 185,147 937,156 Sportwagon 932,156 932,GT 937,166 936,145 930<\/p>\n","protected":false},"featured_media":0,"template":"","meta":{"site-sidebar-layout":"default","site-content-layout":"default","ast-global-header-display":"","ast-main-header-display":"","ast-hfb-above-header-display":"","ast-hfb-below-header-display":"","ast-hfb-mobile-header-display":"","site-post-title":"","ast-breadcrumbs-content":"","ast-featured-img":"","footer-sml-layout":"","theme-transparent-header-meta":"","adv-header-id-meta":"","stick-header-meta":"","header-above-stick-meta":"","header-main-stick-meta":"","header-below-stick-meta":""},"pwb-brand":[157],"product_cat":[21],"product_tag":[],"class_list":{"0":"post-91683","1":"product","2":"type-product","3":"status-publish","5":"pwb-brand-ridex","6":"product_cat-kytkinpaketti","7":"desktop-align-left","8":"tablet-align-left","9":"mobile-align-left","11":"first","12":"instock","13":"product-type-external"},"brands":[{"id":157,"name":"RIDEX","slug":"ridex"}],"_links":{"self":[{"href":"https:\/\/www.autonvaraosahaku.fi\/index.php?rest_route=\/wp\/v2\/product\/91683","targetHints":{"allow":["GET"]}}],"collection":[{"href":"https:\/\/www.autonvaraosahaku.fi\/index.php?rest_route=\/wp\/v2\/product"}],"about":[{"href":"https:\/\/www.autonvaraosahaku.fi\/index.php?rest_route=\/wp\/v2\/types\/product"}],"wp:attachment":[{"href":"https:\/\/www.autonvaraosahaku.fi\/index.php?rest_route=%2Fwp%2Fv2%2Fmedia&parent=91683"}],"wp:term":[{"taxonomy":"pwb-brand","embeddable":true,"href":"https:\/\/www.autonvaraosahaku.fi\/index.php?rest_route=%2Fwp%2Fv2%2Fpwb-brand&post=91683"},{"taxonomy":"product_cat","embeddable":true,"href":"https:\/\/www.autonvaraosahaku.fi\/index.php?rest_route=%2Fwp%2Fv2%2Fproduct_cat&post=91683"},{"taxonomy":"product_tag","embeddable":true,"href":"https:\/\/www.autonvaraosahaku.fi\/index.php?rest_route=%2Fwp%2Fv2%2Fproduct_tag&post=91683"}],"curies":[{"name":"wp","href":"https:\/\/api.w.org\/{rel}","templated":true}]}}