{"id":9170,"date":"2021-02-21T14:05:08","date_gmt":"2021-02-21T14:05:08","guid":{"rendered":"https:\/\/www.autonvaraosahaku.fi\/?product=metelli-15-1891-vetonivel"},"modified":"2021-02-21T14:05:09","modified_gmt":"2021-02-21T14:05:09","slug":"metelli-15-1891-vetonivel","status":"publish","type":"product","link":"https:\/\/www.autonvaraosahaku.fi\/?product=metelli-15-1891-vetonivel","title":{"rendered":"METELLI 15-1891 Vetonivel"},"content":{"rendered":"<p>Materiaali: Kumi; Kierremitta: M10 x 1,5, M10x1,5; Mekaanisesti ty\u00f6stetty: Sokkauralla sis\u00e4osassa; Sis\u00e4hammastus, py\u00f6r\u00e4npuoli: 27; Ulkohammastus, py\u00f6r\u00e4npuoli: 40; Tiivisteen l\u00e4pimitta [mm]: 57,6; Ulkol\u00e4pimitta [mm]: 100; Asennuspuoli: radseitig; VOLVO: XC60,V70 III BW,V60,XC70 II,S80 II AS,S60 II; 36000362, 36000363, 36001069, 36001232, 36001403, 36002543, 36011291, 36011292, 36012414, 36012415; Nivelsarja, Vetoakseli<\/p>\n","protected":false},"excerpt":{"rendered":"<p>METELLI Vetonivel 15-1891 Nivelsarja, Vetoakseli VOLVO,XC60,V70 III BW,V60,XC70 II,S80 II AS,S60 II<\/p>\n","protected":false},"featured_media":0,"template":"","meta":{"site-sidebar-layout":"default","site-content-layout":"default","ast-global-header-display":"","ast-main-header-display":"","ast-hfb-above-header-display":"","ast-hfb-below-header-display":"","ast-hfb-mobile-header-display":"","site-post-title":"","ast-breadcrumbs-content":"","ast-featured-img":"","footer-sml-layout":"","theme-transparent-header-meta":"","adv-header-id-meta":"","stick-header-meta":"","header-above-stick-meta":"","header-main-stick-meta":"","header-below-stick-meta":""},"pwb-brand":[251],"product_cat":[175],"product_tag":[],"class_list":{"0":"post-9170","1":"product","2":"type-product","3":"status-publish","5":"pwb-brand-metelli","6":"product_cat-vetonivel","7":"desktop-align-left","8":"tablet-align-left","9":"mobile-align-left","11":"first","12":"instock","13":"product-type-external"},"brands":[{"id":251,"name":"METELLI","slug":"metelli"}],"_links":{"self":[{"href":"https:\/\/www.autonvaraosahaku.fi\/index.php?rest_route=\/wp\/v2\/product\/9170","targetHints":{"allow":["GET"]}}],"collection":[{"href":"https:\/\/www.autonvaraosahaku.fi\/index.php?rest_route=\/wp\/v2\/product"}],"about":[{"href":"https:\/\/www.autonvaraosahaku.fi\/index.php?rest_route=\/wp\/v2\/types\/product"}],"wp:attachment":[{"href":"https:\/\/www.autonvaraosahaku.fi\/index.php?rest_route=%2Fwp%2Fv2%2Fmedia&parent=9170"}],"wp:term":[{"taxonomy":"pwb-brand","embeddable":true,"href":"https:\/\/www.autonvaraosahaku.fi\/index.php?rest_route=%2Fwp%2Fv2%2Fpwb-brand&post=9170"},{"taxonomy":"product_cat","embeddable":true,"href":"https:\/\/www.autonvaraosahaku.fi\/index.php?rest_route=%2Fwp%2Fv2%2Fproduct_cat&post=9170"},{"taxonomy":"product_tag","embeddable":true,"href":"https:\/\/www.autonvaraosahaku.fi\/index.php?rest_route=%2Fwp%2Fv2%2Fproduct_tag&post=9170"}],"curies":[{"name":"wp","href":"https:\/\/api.w.org\/{rel}","templated":true}]}}