{"id":91706,"date":"2021-02-21T21:33:22","date_gmt":"2021-02-21T21:33:22","guid":{"rendered":"https:\/\/www.autonvaraosahaku.fi\/?product=kyb-443022-iskunvaimennin"},"modified":"2021-02-21T21:33:28","modified_gmt":"2021-02-21T21:33:28","slug":"kyb-443022-iskunvaimennin","status":"publish","type":"product","link":"https:\/\/www.autonvaraosahaku.fi\/?product=kyb-443022-iskunvaimennin","title":{"rendered":"KYB 443022 Iskunvaimennin"},"content":{"rendered":"<p>Asennuspuoli: Taka-akseli; Iskunvaimennin tyyppi: \u00d6ljypaine; Iskunvaimennin asennustapa: Tappi ylh\u00e4\u00e4ll\u00e4, Silmukka alhaalla; Tuotelinja: Premium; Valmistusvuosi alkaen: 04\/1978; FORD: CAPRI III GECP,CAPRI II GECP; 0836518M20, 1438650, 1443983, 1443984, 1451442, 1456420, 1456422, 1456802, 1456803, 1467457, 1471826, 1472391, 1488403, 1549246, 1595749, 272110, 272130, 273860, 273950, 273960, 275072, 275780, 5001372, 5001843, 5001844, 5001845, 5001846, 5001848, 5001849, 5001850, 5001851, 5001944, 5001945, 5002654, 5003310, 5010754, 5075, 541700101465, 5N1AN22800AG, 6028347, 6047364, 69AB18080A3B, 69EB18080A1A, 69EB18080A2A, 69EB18080A3A, 69EB18080A3B, 69EB18080B1A, 69EB18080B3A, 6C11K600B53BF1EHP, 6M21U66600FA1EGS, 6M2T10849DK, 6M2T10849EK, 70EB18080A3B, 73EB18080AB, 73EB18080BA, 74EB0018080AA, 74EB0018080CA, 74EB0018080DA, 75AB18080AB, 75AB18080EA, 76EB18080AA, 76EB18080BA, 7S71A02216AG, A740X18080DRA, A740X18080RHA, A740X18080RLA, A740X18080RNA, A740X18080RRA, A750X18080AA, A750X18080BA, A760X18080AAA, A760X18080ABA, A770X18080AA, A820X18080NA, EAB399, EAB466, EAN354, EAN402, UH123972MA, V81EB18080AA, GDA1048, 267445, 5001855, 8112167; Iskarit,Iskunvaimennin<\/p>\n","protected":false},"excerpt":{"rendered":"<p>KYB Iskunvaimentimet 443022 Iskarit,Iskunvaimennin FORD,CAPRI III GECP,CAPRI II GECP<\/p>\n","protected":false},"featured_media":0,"template":"","meta":{"site-sidebar-layout":"default","site-content-layout":"default","ast-global-header-display":"","ast-main-header-display":"","ast-hfb-above-header-display":"","ast-hfb-below-header-display":"","ast-hfb-mobile-header-display":"","site-post-title":"","ast-breadcrumbs-content":"","ast-featured-img":"","footer-sml-layout":"","theme-transparent-header-meta":"","adv-header-id-meta":"","stick-header-meta":"","header-above-stick-meta":"","header-main-stick-meta":"","header-below-stick-meta":""},"pwb-brand":[226],"product_cat":[80],"product_tag":[],"class_list":{"0":"post-91706","1":"product","2":"type-product","3":"status-publish","5":"pwb-brand-kyb","6":"product_cat-iskunvaimennin","7":"desktop-align-left","8":"tablet-align-left","9":"mobile-align-left","11":"first","12":"instock","13":"product-type-external"},"brands":[{"id":226,"name":"KYB","slug":"kyb"}],"_links":{"self":[{"href":"https:\/\/www.autonvaraosahaku.fi\/index.php?rest_route=\/wp\/v2\/product\/91706","targetHints":{"allow":["GET"]}}],"collection":[{"href":"https:\/\/www.autonvaraosahaku.fi\/index.php?rest_route=\/wp\/v2\/product"}],"about":[{"href":"https:\/\/www.autonvaraosahaku.fi\/index.php?rest_route=\/wp\/v2\/types\/product"}],"wp:attachment":[{"href":"https:\/\/www.autonvaraosahaku.fi\/index.php?rest_route=%2Fwp%2Fv2%2Fmedia&parent=91706"}],"wp:term":[{"taxonomy":"pwb-brand","embeddable":true,"href":"https:\/\/www.autonvaraosahaku.fi\/index.php?rest_route=%2Fwp%2Fv2%2Fpwb-brand&post=91706"},{"taxonomy":"product_cat","embeddable":true,"href":"https:\/\/www.autonvaraosahaku.fi\/index.php?rest_route=%2Fwp%2Fv2%2Fproduct_cat&post=91706"},{"taxonomy":"product_tag","embeddable":true,"href":"https:\/\/www.autonvaraosahaku.fi\/index.php?rest_route=%2Fwp%2Fv2%2Fproduct_tag&post=91706"}],"curies":[{"name":"wp","href":"https:\/\/api.w.org\/{rel}","templated":true}]}}