{"id":91713,"date":"2021-02-21T21:33:30","date_gmt":"2021-02-21T21:33:30","guid":{"rendered":"https:\/\/www.autonvaraosahaku.fi\/?product=nipparts-j1332001-polttoainesuodatin"},"modified":"2021-02-21T21:33:31","modified_gmt":"2021-02-21T21:33:31","slug":"nipparts-j1332001-polttoainesuodatin","status":"publish","type":"product","link":"https:\/\/www.autonvaraosahaku.fi\/?product=nipparts-j1332001-polttoainesuodatin","title":{"rendered":"NIPPARTS J1332001 Polttoainesuodatin"},"content":{"rendered":"<p>Suodatintyyppi: Letkusuodatin; Korkeus (mm): 59; Ulkol\u00e4pimitta [mm]: 43; Sis\u00e4\u00e4ntulol\u00e4pimitta [mm]: 7; Ulostulon l\u00e4pimitta [mm]: 7; suurin pituus [mm]: 78,0; Valmistusvuosi alkaen: 12\/1979; VW: TARO; DAIHATSU: CUORE I L55, L60,CHARMANT A; TOYOTA: STARLET _P8_,COROLLA _E11_,STARLET _P7_,HILUX V Pick-up LN_, KZN1_, VZN1_,CELICA RA2_, TA2_,HILUX IV Pick-up _N5_, _N6_,CELICA Coupe RA4_, TA4_,CELICA Coupe _A6_,CELICA TA60, RA40, RA6_,COROLLA Station Wagon _E7_,HIACE I Kasten RH1_, LH3_, RH3_, RH2_, LH2_, LH1_,TERCEL AL2_,COROLLA _E7_,TERCEL _L1_, _L2_,COROLLA Liftback _E7_,CARINA TA4L, TA6_L,CARINA Station Wagon TA4K, TA6K,CORONA Liftback _T13_,CORONA XT1_, TT1_, RT1_,LITEACE Kasten KM2_,LITEACE Wagon YM2_, CM2_, KM2_; 2330034100, 2330034100, J2330034100<\/p>\n","protected":false},"excerpt":{"rendered":"<p>NIPPARTS Polttoainesuodatin J1332001  VW,DAIHATSU,TOYOTA,TARO,CUORE I L55, L60,CHARMANT A,STARLET _P8_,COROLLA _E11_,STARLET _P7_<\/p>\n","protected":false},"featured_media":0,"template":"","meta":{"site-sidebar-layout":"default","site-content-layout":"default","ast-global-header-display":"","ast-main-header-display":"","ast-hfb-above-header-display":"","ast-hfb-below-header-display":"","ast-hfb-mobile-header-display":"","site-post-title":"","ast-breadcrumbs-content":"","ast-featured-img":"","footer-sml-layout":"","theme-transparent-header-meta":"","adv-header-id-meta":"","stick-header-meta":"","header-above-stick-meta":"","header-main-stick-meta":"","header-below-stick-meta":""},"pwb-brand":[335],"product_cat":[29],"product_tag":[],"class_list":{"0":"post-91713","1":"product","2":"type-product","3":"status-publish","5":"pwb-brand-nipparts","6":"product_cat-polttoainesuodatin","7":"desktop-align-left","8":"tablet-align-left","9":"mobile-align-left","11":"first","12":"instock","13":"product-type-external"},"brands":[{"id":335,"name":"NIPPARTS","slug":"nipparts"}],"_links":{"self":[{"href":"https:\/\/www.autonvaraosahaku.fi\/index.php?rest_route=\/wp\/v2\/product\/91713","targetHints":{"allow":["GET"]}}],"collection":[{"href":"https:\/\/www.autonvaraosahaku.fi\/index.php?rest_route=\/wp\/v2\/product"}],"about":[{"href":"https:\/\/www.autonvaraosahaku.fi\/index.php?rest_route=\/wp\/v2\/types\/product"}],"wp:attachment":[{"href":"https:\/\/www.autonvaraosahaku.fi\/index.php?rest_route=%2Fwp%2Fv2%2Fmedia&parent=91713"}],"wp:term":[{"taxonomy":"pwb-brand","embeddable":true,"href":"https:\/\/www.autonvaraosahaku.fi\/index.php?rest_route=%2Fwp%2Fv2%2Fpwb-brand&post=91713"},{"taxonomy":"product_cat","embeddable":true,"href":"https:\/\/www.autonvaraosahaku.fi\/index.php?rest_route=%2Fwp%2Fv2%2Fproduct_cat&post=91713"},{"taxonomy":"product_tag","embeddable":true,"href":"https:\/\/www.autonvaraosahaku.fi\/index.php?rest_route=%2Fwp%2Fv2%2Fproduct_tag&post=91713"}],"curies":[{"name":"wp","href":"https:\/\/api.w.org\/{rel}","templated":true}]}}