{"id":91714,"date":"2021-02-21T21:33:30","date_gmt":"2021-02-21T21:33:30","guid":{"rendered":"https:\/\/www.autonvaraosahaku.fi\/?product=nipparts-j1312013-oljynsuodatin"},"modified":"2021-02-21T21:33:32","modified_gmt":"2021-02-21T21:33:32","slug":"nipparts-j1312013-oljynsuodatin","status":"publish","type":"product","link":"https:\/\/www.autonvaraosahaku.fi\/?product=nipparts-j1312013-oljynsuodatin","title":{"rendered":"NIPPARTS J1312013 \u00d6ljynsuodatin"},"content":{"rendered":"<p>Suodatintyyppi: Ruuvattava suodatin; Korkeus (mm): 120; Ulkol\u00e4pimitta [mm]: 100; L\u00e4pimitta 2 [mm]: 79; Kierre 1: M24x1.5; Sis\u00e4l\u00e4pimitta 2 [mm]: 72; Avauspaine ohitusventtiili [bar]: 1,0; Valmistusvuosi alkaen: 09\/1987; VW: TARO; MAZDA: B-SERIE UN; FORD: RANGER ER, EQ; TOYOTA: AVENSIS _T22_,AVENSIS Station Wagon _T22_,PREVIA MCR3_, ACR3_, CLR3_,LAND CRUISER KDJ12_, GRJ12_,AVENSIS Liftback _T22_,LAND CRUISER 90 _J9_,LAND CRUISER PZJ7_, KZJ7_, HZJ7_, BJ7_, LJ7_, RJ7_,LAND CRUISER 100 UZJ100,LAND CRUISER 80 _J8_,COROLLA Wagon __E11_,HILUX VI Pick-up _N1_,HILUX V Pick-up LN_, KZN1_, VZN1_,4 RUNNER RN10_, VZN13_, VZN10_, RN13_,HIACE IV Bus LH1_,HIACE IV Kasten LXH1_, RZH1_, LH1_,4 RUNNER KZN18_, VZN18_, RZN18_,HIACE III Wagon LH1_, RZH1_,LAND CRUISER Hardtop _J7_,HIACE III Kasten YH7_, LH6_, LH7_, LH5_, YH5_, YH6_,HIACE II Wagon LH7_, LH5_, LH6_, YH7_, YH6_, YH5_,HIACE II Kasten LH5_, YH7_, LH7_, LH6_, YH6_, YH5_,DYNA Pritsche\/Fahrgestell LH8_,DYNA 100 Pritsche\/Fahrgestell LY1_, YY1_; 1213438, 3598332, 4089653, XM346731AA, XM3J6731AA, WL5114302, WL9114302, WLY014302, 0415203006, 9091503006, 9091530002, 90915300028T, I9091503006, J9091503006, J9091530002<\/p>\n","protected":false},"excerpt":{"rendered":"<p>NIPPARTS \u00d6ljynsuodatin J1312013  VW,MAZDA,FORD,TARO,B-SERIE UN,RANGER ER, EQ,AVENSIS _T22_,AVENSIS Station Wagon _T22_,PREVIA MCR3_, ACR3_, CLR3_<\/p>\n","protected":false},"featured_media":0,"template":"","meta":{"site-sidebar-layout":"default","site-content-layout":"default","ast-global-header-display":"","ast-main-header-display":"","ast-hfb-above-header-display":"","ast-hfb-below-header-display":"","ast-hfb-mobile-header-display":"","site-post-title":"","ast-breadcrumbs-content":"","ast-featured-img":"","footer-sml-layout":"","theme-transparent-header-meta":"","adv-header-id-meta":"","stick-header-meta":"","header-above-stick-meta":"","header-main-stick-meta":"","header-below-stick-meta":""},"pwb-brand":[335],"product_cat":[30],"product_tag":[],"class_list":{"0":"post-91714","1":"product","2":"type-product","3":"status-publish","5":"pwb-brand-nipparts","6":"product_cat-oljynsuodatin","7":"desktop-align-left","8":"tablet-align-left","9":"mobile-align-left","11":"first","12":"instock","13":"product-type-external"},"brands":[{"id":335,"name":"NIPPARTS","slug":"nipparts"}],"_links":{"self":[{"href":"https:\/\/www.autonvaraosahaku.fi\/index.php?rest_route=\/wp\/v2\/product\/91714","targetHints":{"allow":["GET"]}}],"collection":[{"href":"https:\/\/www.autonvaraosahaku.fi\/index.php?rest_route=\/wp\/v2\/product"}],"about":[{"href":"https:\/\/www.autonvaraosahaku.fi\/index.php?rest_route=\/wp\/v2\/types\/product"}],"wp:attachment":[{"href":"https:\/\/www.autonvaraosahaku.fi\/index.php?rest_route=%2Fwp%2Fv2%2Fmedia&parent=91714"}],"wp:term":[{"taxonomy":"pwb-brand","embeddable":true,"href":"https:\/\/www.autonvaraosahaku.fi\/index.php?rest_route=%2Fwp%2Fv2%2Fpwb-brand&post=91714"},{"taxonomy":"product_cat","embeddable":true,"href":"https:\/\/www.autonvaraosahaku.fi\/index.php?rest_route=%2Fwp%2Fv2%2Fproduct_cat&post=91714"},{"taxonomy":"product_tag","embeddable":true,"href":"https:\/\/www.autonvaraosahaku.fi\/index.php?rest_route=%2Fwp%2Fv2%2Fproduct_tag&post=91714"}],"curies":[{"name":"wp","href":"https:\/\/api.w.org\/{rel}","templated":true}]}}