{"id":91724,"date":"2021-02-21T21:33:30","date_gmt":"2021-02-21T21:33:30","guid":{"rendered":"https:\/\/www.autonvaraosahaku.fi\/?product=meyle-014-020-6100-muut-luokat"},"modified":"2021-02-21T21:33:35","modified_gmt":"2021-02-21T21:33:35","slug":"meyle-014-020-6100-muut-luokat","status":"publish","type":"product","link":"https:\/\/www.autonvaraosahaku.fi\/?product=meyle-014-020-6100-muut-luokat","title":{"rendered":"MEYLE 014 020 6100 Muut luokat"},"content":{"rendered":"<p>Kemialliset ominaisuudet: synteettinen; V\u00e4ri: Vihre\u00e4; Tilavuus (litra): 1; Erittely: ISO 7308, DIN 51524 Teil 3, ZH-M Synt; lis\u00e4tieto: ORIGINAL Quality; 81229407758, 81229407759, 82110148132, 82111468041, 83290429576, 9979A3, 1384110, WSSM2C204A2, 0019892403, 00004320333, 00004320656, 3032380, 1161529, 30741424, G002000, G004000, TL05214600, TL05214601; Hydrauli\u00f6ljy,\u00d6ljyt<\/p>\n","protected":false},"excerpt":{"rendered":"<p>MEYLE Hydrauliikka\u00f6ljy 014 020 6100 Hydrauli\u00f6ljy,\u00d6ljyt<\/p>\n","protected":false},"featured_media":0,"template":"","meta":{"site-sidebar-layout":"default","site-content-layout":"default","ast-global-header-display":"","ast-main-header-display":"","ast-hfb-above-header-display":"","ast-hfb-below-header-display":"","ast-hfb-mobile-header-display":"","site-post-title":"","ast-breadcrumbs-content":"","ast-featured-img":"","footer-sml-layout":"","theme-transparent-header-meta":"","adv-header-id-meta":"","stick-header-meta":"","header-above-stick-meta":"","header-main-stick-meta":"","header-below-stick-meta":""},"pwb-brand":[84],"product_cat":[37],"product_tag":[],"class_list":{"0":"post-91724","1":"product","2":"type-product","3":"status-publish","5":"pwb-brand-meyle","6":"product_cat-muut-luokat","7":"desktop-align-left","8":"tablet-align-left","9":"mobile-align-left","11":"first","12":"instock","13":"product-type-external"},"brands":[{"id":84,"name":"MEYLE","slug":"meyle"}],"_links":{"self":[{"href":"https:\/\/www.autonvaraosahaku.fi\/index.php?rest_route=\/wp\/v2\/product\/91724","targetHints":{"allow":["GET"]}}],"collection":[{"href":"https:\/\/www.autonvaraosahaku.fi\/index.php?rest_route=\/wp\/v2\/product"}],"about":[{"href":"https:\/\/www.autonvaraosahaku.fi\/index.php?rest_route=\/wp\/v2\/types\/product"}],"wp:attachment":[{"href":"https:\/\/www.autonvaraosahaku.fi\/index.php?rest_route=%2Fwp%2Fv2%2Fmedia&parent=91724"}],"wp:term":[{"taxonomy":"pwb-brand","embeddable":true,"href":"https:\/\/www.autonvaraosahaku.fi\/index.php?rest_route=%2Fwp%2Fv2%2Fpwb-brand&post=91724"},{"taxonomy":"product_cat","embeddable":true,"href":"https:\/\/www.autonvaraosahaku.fi\/index.php?rest_route=%2Fwp%2Fv2%2Fproduct_cat&post=91724"},{"taxonomy":"product_tag","embeddable":true,"href":"https:\/\/www.autonvaraosahaku.fi\/index.php?rest_route=%2Fwp%2Fv2%2Fproduct_tag&post=91724"}],"curies":[{"name":"wp","href":"https:\/\/api.w.org\/{rel}","templated":true}]}}