{"id":91732,"date":"2021-02-21T21:33:38","date_gmt":"2021-02-21T21:33:38","guid":{"rendered":"https:\/\/www.autonvaraosahaku.fi\/?product=autofren-seinsa-d9214c-hammastangon-suojakumi"},"modified":"2021-02-21T21:33:39","modified_gmt":"2021-02-21T21:33:39","slug":"autofren-seinsa-d9214c-hammastangon-suojakumi","status":"publish","type":"product","link":"https:\/\/www.autonvaraosahaku.fi\/?product=autofren-seinsa-d9214c-hammastangon-suojakumi","title":{"rendered":"AUTOFREN SEINSA D9214C Hammastangon suojakumi"},"content":{"rendered":"<p>Sis\u00e4l\u00e4pimitta 1 [mm]: 10; Sis\u00e4l\u00e4pimitta 2 [mm]: 25; Korkeus (mm): 182; Asennuspuoli: Molemminpuolin; T\u00e4yssarja: ; L\u00e4pimitta 3 [mm]: 10; L\u00e4pimitta 4 [mm]: 42; Korkeus 2 (mm): 120; VW: GOLF III 1H1,POLO 6N2,POLO 6N1,GOLF II 19E, 1G1,JETTA II 19E, 1G2, 165; SKODA: FELICIA I 6U1,FELICIA II 6U1,105,120 742,FAVORIT 781,FAVORIT Forman 785,FAVORIT Pick-up 787,RAPID 120G, 130G, 135G; SEAT: MARBELLA 28,IBIZA I 021A,MALAGA 023A,TERRA 24,RONDA 022A,PANDA 141A,FURA 025A; CHRYSLER: VOYAGER IV RG, RS,VOYAGER III GS; LANCIA: DELTA I 831AB0,Y10 156,A 112,PRISMA 831AB0; RENAULT: TRAFIC Kasten TXX,TRAFIC Bus TXW,TRAFIC Pritsche\/Fahrgestell PXX; FIAT: PANDA 141A_,126,UNO 146A\/E,X 1\/9 128 AS,127,FIORINO Kasten 146,128 Coupe,128,RITMO I 138A,FIORINO Pick up 146,FIORINO 147,REGATA 138,RITMO Cabriolet,128 Familiare,FIORINO 127,147,FIORINO Pick up 147,DUNA 146 B; AUTOBIANCHI: A 112,Y10; ZASTAVA: 101 1100,YUGO,YUGO FLORIDA; INNOCENTI: MINI,ELBA 146<\/p>\n","protected":false},"excerpt":{"rendered":"<p>AUTOFREN SEINSA Paljekumisarja, Ohjaus D9214C  VW,SKODA,SEAT,GOLF III 1H1,POLO 6N2,POLO 6N1,GOLF II 19E, 1G1,JETTA II 19E, 1G2, 165,FELICIA I 6U1<\/p>\n","protected":false},"featured_media":0,"template":"","meta":{"site-sidebar-layout":"default","site-content-layout":"default","ast-global-header-display":"","ast-main-header-display":"","ast-hfb-above-header-display":"","ast-hfb-below-header-display":"","ast-hfb-mobile-header-display":"","site-post-title":"","ast-breadcrumbs-content":"","ast-featured-img":"","footer-sml-layout":"","theme-transparent-header-meta":"","adv-header-id-meta":"","stick-header-meta":"","header-above-stick-meta":"","header-main-stick-meta":"","header-below-stick-meta":""},"pwb-brand":[243],"product_cat":[81],"product_tag":[],"class_list":{"0":"post-91732","1":"product","2":"type-product","3":"status-publish","5":"pwb-brand-autofren-seinsa","6":"product_cat-hammastangon-suojakumi","7":"desktop-align-left","8":"tablet-align-left","9":"mobile-align-left","11":"first","12":"instock","13":"product-type-external"},"brands":[{"id":243,"name":"AUTOFREN SEINSA","slug":"autofren-seinsa"}],"_links":{"self":[{"href":"https:\/\/www.autonvaraosahaku.fi\/index.php?rest_route=\/wp\/v2\/product\/91732","targetHints":{"allow":["GET"]}}],"collection":[{"href":"https:\/\/www.autonvaraosahaku.fi\/index.php?rest_route=\/wp\/v2\/product"}],"about":[{"href":"https:\/\/www.autonvaraosahaku.fi\/index.php?rest_route=\/wp\/v2\/types\/product"}],"wp:attachment":[{"href":"https:\/\/www.autonvaraosahaku.fi\/index.php?rest_route=%2Fwp%2Fv2%2Fmedia&parent=91732"}],"wp:term":[{"taxonomy":"pwb-brand","embeddable":true,"href":"https:\/\/www.autonvaraosahaku.fi\/index.php?rest_route=%2Fwp%2Fv2%2Fpwb-brand&post=91732"},{"taxonomy":"product_cat","embeddable":true,"href":"https:\/\/www.autonvaraosahaku.fi\/index.php?rest_route=%2Fwp%2Fv2%2Fproduct_cat&post=91732"},{"taxonomy":"product_tag","embeddable":true,"href":"https:\/\/www.autonvaraosahaku.fi\/index.php?rest_route=%2Fwp%2Fv2%2Fproduct_tag&post=91732"}],"curies":[{"name":"wp","href":"https:\/\/api.w.org\/{rel}","templated":true}]}}