{"id":91733,"date":"2021-02-21T21:33:38","date_gmt":"2021-02-21T21:33:38","guid":{"rendered":"https:\/\/www.autonvaraosahaku.fi\/?product=general-ricambi-fi4089-ohjausvaihde"},"modified":"2021-02-21T21:33:40","modified_gmt":"2021-02-21T21:33:40","slug":"general-ricambi-fi4089-ohjausvaihde","status":"publish","type":"product","link":"https:\/\/www.autonvaraosahaku.fi\/?product=general-ricambi-fi4089-ohjausvaihde","title":{"rendered":"GENERAL RICAMBI FI4089 Ohjausvaihde"},"content":{"rendered":"<p>K\u00e4ytt\u00f6: K\u00e4sik\u00e4ytt\u00f6inen; Ohjausvaihdetyyppi: Hammastanko-ohjausvaihde; Kokonaispituus (mm): 855; Liitinkierre: M12x1.5; Valmistusvuosi alkaen: 10\/1982; FIAT: PANDA 141A_,X 1\/9 128 AS,127,128,FIORINO 147,127 Panorama,FIORINO 127,FIORINO Pick up 147; AUTOBIANCHI: A 112; 5960320, 5965038, 5979883; Hammastanko<\/p>\n","protected":false},"excerpt":{"rendered":"<p>GENERAL RICAMBI Ohjausvaihde FI4089 Hammastanko FIAT,AUTOBIANCHI,PANDA 141A_,X 1\/9 128 AS,127,128,FIORINO 147,127 Panorama,FIORINO 127<\/p>\n","protected":false},"featured_media":0,"template":"","meta":{"site-sidebar-layout":"default","site-content-layout":"default","ast-global-header-display":"","ast-main-header-display":"","ast-hfb-above-header-display":"","ast-hfb-below-header-display":"","ast-hfb-mobile-header-display":"","site-post-title":"","ast-breadcrumbs-content":"","ast-featured-img":"","footer-sml-layout":"","theme-transparent-header-meta":"","adv-header-id-meta":"","stick-header-meta":"","header-above-stick-meta":"","header-main-stick-meta":"","header-below-stick-meta":""},"pwb-brand":[580],"product_cat":[494],"product_tag":[],"class_list":{"0":"post-91733","1":"product","2":"type-product","3":"status-publish","5":"pwb-brand-general-ricambi","6":"product_cat-ohjausvaihde","7":"desktop-align-left","8":"tablet-align-left","9":"mobile-align-left","11":"first","12":"instock","13":"product-type-external"},"brands":[{"id":580,"name":"GENERAL RICAMBI","slug":"general-ricambi"}],"_links":{"self":[{"href":"https:\/\/www.autonvaraosahaku.fi\/index.php?rest_route=\/wp\/v2\/product\/91733","targetHints":{"allow":["GET"]}}],"collection":[{"href":"https:\/\/www.autonvaraosahaku.fi\/index.php?rest_route=\/wp\/v2\/product"}],"about":[{"href":"https:\/\/www.autonvaraosahaku.fi\/index.php?rest_route=\/wp\/v2\/types\/product"}],"wp:attachment":[{"href":"https:\/\/www.autonvaraosahaku.fi\/index.php?rest_route=%2Fwp%2Fv2%2Fmedia&parent=91733"}],"wp:term":[{"taxonomy":"pwb-brand","embeddable":true,"href":"https:\/\/www.autonvaraosahaku.fi\/index.php?rest_route=%2Fwp%2Fv2%2Fpwb-brand&post=91733"},{"taxonomy":"product_cat","embeddable":true,"href":"https:\/\/www.autonvaraosahaku.fi\/index.php?rest_route=%2Fwp%2Fv2%2Fproduct_cat&post=91733"},{"taxonomy":"product_tag","embeddable":true,"href":"https:\/\/www.autonvaraosahaku.fi\/index.php?rest_route=%2Fwp%2Fv2%2Fproduct_tag&post=91733"}],"curies":[{"name":"wp","href":"https:\/\/api.w.org\/{rel}","templated":true}]}}