{"id":91745,"date":"2021-02-21T21:33:38","date_gmt":"2021-02-21T21:33:38","guid":{"rendered":"https:\/\/www.autonvaraosahaku.fi\/?product=reinz-71-38527-00-oljypohjan-tiiviste"},"modified":"2021-02-21T21:33:44","modified_gmt":"2021-02-21T21:33:44","slug":"reinz-71-38527-00-oljypohjan-tiiviste","status":"publish","type":"product","link":"https:\/\/www.autonvaraosahaku.fi\/?product=reinz-71-38527-00-oljypohjan-tiiviste","title":{"rendered":"REINZ 71-38527-00 \u00d6ljypohjan tiiviste"},"content":{"rendered":"<p>Asennuspuoli: oben; PEUGEOT: 407 SW 6E_,607 9D, 9U,407 6D_,407 Coupe 6C_; CITRO\u00cbN: C5 III Break TD_,C5 III RD_,C6 TD_; LAND ROVER: RANGE ROVER SPORT LS,DISCOVERY III TAA,DISCOVERY IV LA,RANGE ROVER SPORT LW,RANGE ROVER IV LG,RANGE ROVER VELAR L560,DISCOVERY V LR_; JAGUAR: S-TYPE CCX,XF _J05_, CC9,XJ X350, X358,XF SPORTBRAKE CC9,XJ X35_, _J12_, _J24_,XF X260,F-PACE X761_,XF SPORTBRAKE X260; 016475, 4R8Q6G046AE, 9X2Q6G046AA, C2S47774, LR005994, 016475; Tiiviste, \u00d6ljypohja<\/p>\n","protected":false},"excerpt":{"rendered":"<p>REINZ \u00d6ljypohjan Tiiviste 71-38527-00 Tiiviste, \u00d6ljypohja PEUGEOT,CITRO\u00cbN,LAND ROVER,407 SW 6E_,607 9D, 9U,407 6D_,407 Coupe 6C_,C5 III Break TD_<\/p>\n","protected":false},"featured_media":0,"template":"","meta":{"site-sidebar-layout":"default","site-content-layout":"default","ast-global-header-display":"","ast-main-header-display":"","ast-hfb-above-header-display":"","ast-hfb-below-header-display":"","ast-hfb-mobile-header-display":"","site-post-title":"","ast-breadcrumbs-content":"","ast-featured-img":"","footer-sml-layout":"","theme-transparent-header-meta":"","adv-header-id-meta":"","stick-header-meta":"","header-above-stick-meta":"","header-main-stick-meta":"","header-below-stick-meta":""},"pwb-brand":[138],"product_cat":[180],"product_tag":[],"class_list":{"0":"post-91745","1":"product","2":"type-product","3":"status-publish","5":"pwb-brand-reinz","6":"product_cat-oljypohjan-tiiviste","7":"desktop-align-left","8":"tablet-align-left","9":"mobile-align-left","11":"first","12":"instock","13":"product-type-external"},"brands":[{"id":138,"name":"REINZ","slug":"reinz"}],"_links":{"self":[{"href":"https:\/\/www.autonvaraosahaku.fi\/index.php?rest_route=\/wp\/v2\/product\/91745","targetHints":{"allow":["GET"]}}],"collection":[{"href":"https:\/\/www.autonvaraosahaku.fi\/index.php?rest_route=\/wp\/v2\/product"}],"about":[{"href":"https:\/\/www.autonvaraosahaku.fi\/index.php?rest_route=\/wp\/v2\/types\/product"}],"wp:attachment":[{"href":"https:\/\/www.autonvaraosahaku.fi\/index.php?rest_route=%2Fwp%2Fv2%2Fmedia&parent=91745"}],"wp:term":[{"taxonomy":"pwb-brand","embeddable":true,"href":"https:\/\/www.autonvaraosahaku.fi\/index.php?rest_route=%2Fwp%2Fv2%2Fpwb-brand&post=91745"},{"taxonomy":"product_cat","embeddable":true,"href":"https:\/\/www.autonvaraosahaku.fi\/index.php?rest_route=%2Fwp%2Fv2%2Fproduct_cat&post=91745"},{"taxonomy":"product_tag","embeddable":true,"href":"https:\/\/www.autonvaraosahaku.fi\/index.php?rest_route=%2Fwp%2Fv2%2Fproduct_tag&post=91745"}],"curies":[{"name":"wp","href":"https:\/\/api.w.org\/{rel}","templated":true}]}}