{"id":91756,"date":"2021-02-21T21:33:46","date_gmt":"2021-02-21T21:33:46","guid":{"rendered":"https:\/\/www.autonvaraosahaku.fi\/?product=topran-200-788-kardaanin-kuminivel"},"modified":"2021-02-21T21:33:49","modified_gmt":"2021-02-21T21:33:49","slug":"topran-200-788-kardaanin-kuminivel","status":"publish","type":"product","link":"https:\/\/www.autonvaraosahaku.fi\/?product=topran-200-788-kardaanin-kuminivel","title":{"rendered":"TOPRAN 200 788 Kardaanin kuminivel"},"content":{"rendered":"<p>Sis\u00e4l\u00e4pimitta [mm]: 50; Ulkol\u00e4pimitta [mm]: 131; Korkeus (mm): 30; Vaihteistomalli: Automatikgetriebe; OPEL: OMEGA A 16_, 17_, 19_,OMEGA B Caravan 21_, 22_, 23_,OMEGA B 25_, 26_, 27_,SENATOR B 29_,OMEGA A Caravan 66_, 67_; VAUXHALL: OMEGA B,OMEGA B Estate,CARLTON Mk III; 0458363, 0458366, 0458367, 458363, 458366, 458367, 90023735, 90425689, 90578558; R\u00e4ttinivel,Nivel, Pitkitt\u00e4isakseli<\/p>\n","protected":false},"excerpt":{"rendered":"<p>TOPRAN Kardaanin Kuminivel 200 788 R\u00e4ttinivel,Nivel, Pitkitt\u00e4isakseli OPEL,VAUXHALL,OMEGA A 16_, 17_, 19_,OMEGA B Caravan 21_, 22_, 23_<\/p>\n","protected":false},"featured_media":0,"template":"","meta":{"site-sidebar-layout":"default","site-content-layout":"default","ast-global-header-display":"","ast-main-header-display":"","ast-hfb-above-header-display":"","ast-hfb-below-header-display":"","ast-hfb-mobile-header-display":"","site-post-title":"","ast-breadcrumbs-content":"","ast-featured-img":"","footer-sml-layout":"","theme-transparent-header-meta":"","adv-header-id-meta":"","stick-header-meta":"","header-above-stick-meta":"","header-main-stick-meta":"","header-below-stick-meta":""},"pwb-brand":[18],"product_cat":[56],"product_tag":[],"class_list":{"0":"post-91756","1":"product","2":"type-product","3":"status-publish","5":"pwb-brand-topran","6":"product_cat-kardaanin-kuminivel","7":"desktop-align-left","8":"tablet-align-left","9":"mobile-align-left","11":"first","12":"instock","13":"product-type-external"},"brands":[{"id":18,"name":"TOPRAN","slug":"topran"}],"_links":{"self":[{"href":"https:\/\/www.autonvaraosahaku.fi\/index.php?rest_route=\/wp\/v2\/product\/91756","targetHints":{"allow":["GET"]}}],"collection":[{"href":"https:\/\/www.autonvaraosahaku.fi\/index.php?rest_route=\/wp\/v2\/product"}],"about":[{"href":"https:\/\/www.autonvaraosahaku.fi\/index.php?rest_route=\/wp\/v2\/types\/product"}],"wp:attachment":[{"href":"https:\/\/www.autonvaraosahaku.fi\/index.php?rest_route=%2Fwp%2Fv2%2Fmedia&parent=91756"}],"wp:term":[{"taxonomy":"pwb-brand","embeddable":true,"href":"https:\/\/www.autonvaraosahaku.fi\/index.php?rest_route=%2Fwp%2Fv2%2Fpwb-brand&post=91756"},{"taxonomy":"product_cat","embeddable":true,"href":"https:\/\/www.autonvaraosahaku.fi\/index.php?rest_route=%2Fwp%2Fv2%2Fproduct_cat&post=91756"},{"taxonomy":"product_tag","embeddable":true,"href":"https:\/\/www.autonvaraosahaku.fi\/index.php?rest_route=%2Fwp%2Fv2%2Fproduct_tag&post=91756"}],"curies":[{"name":"wp","href":"https:\/\/api.w.org\/{rel}","templated":true}]}}