{"id":91788,"date":"2021-02-21T21:33:55","date_gmt":"2021-02-21T21:33:55","guid":{"rendered":"https:\/\/www.autonvaraosahaku.fi\/?product=topran-108-346-jarrusatula-korjaussarja"},"modified":"2021-02-21T21:34:02","modified_gmt":"2021-02-21T21:34:02","slug":"topran-108-346-jarrusatula-korjaussarja","status":"publish","type":"product","link":"https:\/\/www.autonvaraosahaku.fi\/?product=topran-108-346-jarrusatula-korjaussarja","title":{"rendered":"TOPRAN 108 346 Jarrusatula korjaussarja"},"content":{"rendered":"<p>Asennuspuoli: Etuakseli; Jarruj\u00e4rjestelm\u00e4: ATE \/ TEVES; Lukum\u00e4\u00e4r\u00e4 akselille: 2; Moottorinumero: M3; AUDI: 80 89, 89Q, 8A, B3,100 44, 44Q, C3; OPEL: OMEGA A 16_, 17_, 19_,VECTRA A 86_, 87_,OMEGA A Caravan 66_, 67_; BMW: 3 E46,3 Touring E46,3 Compact E46,3 Coupe E46,3 Compact E36,3 E36,3 E30,3 Cabriolet E46,3 Coupe E36,Z3 E36,Z4 E85,3 Cabriolet E30,3 Cabriolet E36,3 Touring E36,5 E28,Z3 Coupe E36; VAUXHALL: CAVALIER Mk III 87,CAVALIER Mk III CC,CARLTON Mk III; 443698471, 1153202, 34111153202, 1605749, 90297777; Korjaussarja, Jarrusatula<\/p>\n","protected":false},"excerpt":{"rendered":"<p>TOPRAN Jarrusatula Korjaussarja 108 346 Korjaussarja, Jarrusatula AUDI,OPEL,BMW,80 89, 89Q, 8A, B3,100 44, 44Q, C3,OMEGA A 16_, 17_, 19_<\/p>\n","protected":false},"featured_media":0,"template":"","meta":{"site-sidebar-layout":"default","site-content-layout":"default","ast-global-header-display":"","ast-main-header-display":"","ast-hfb-above-header-display":"","ast-hfb-below-header-display":"","ast-hfb-mobile-header-display":"","site-post-title":"","ast-breadcrumbs-content":"","ast-featured-img":"","footer-sml-layout":"","theme-transparent-header-meta":"","adv-header-id-meta":"","stick-header-meta":"","header-above-stick-meta":"","header-main-stick-meta":"","header-below-stick-meta":""},"pwb-brand":[18],"product_cat":[57],"product_tag":[],"class_list":{"0":"post-91788","1":"product","2":"type-product","3":"status-publish","5":"pwb-brand-topran","6":"product_cat-jarrusatula-korjaussarja","7":"desktop-align-left","8":"tablet-align-left","9":"mobile-align-left","11":"first","12":"instock","13":"product-type-external"},"brands":[{"id":18,"name":"TOPRAN","slug":"topran"}],"_links":{"self":[{"href":"https:\/\/www.autonvaraosahaku.fi\/index.php?rest_route=\/wp\/v2\/product\/91788","targetHints":{"allow":["GET"]}}],"collection":[{"href":"https:\/\/www.autonvaraosahaku.fi\/index.php?rest_route=\/wp\/v2\/product"}],"about":[{"href":"https:\/\/www.autonvaraosahaku.fi\/index.php?rest_route=\/wp\/v2\/types\/product"}],"wp:attachment":[{"href":"https:\/\/www.autonvaraosahaku.fi\/index.php?rest_route=%2Fwp%2Fv2%2Fmedia&parent=91788"}],"wp:term":[{"taxonomy":"pwb-brand","embeddable":true,"href":"https:\/\/www.autonvaraosahaku.fi\/index.php?rest_route=%2Fwp%2Fv2%2Fpwb-brand&post=91788"},{"taxonomy":"product_cat","embeddable":true,"href":"https:\/\/www.autonvaraosahaku.fi\/index.php?rest_route=%2Fwp%2Fv2%2Fproduct_cat&post=91788"},{"taxonomy":"product_tag","embeddable":true,"href":"https:\/\/www.autonvaraosahaku.fi\/index.php?rest_route=%2Fwp%2Fv2%2Fproduct_tag&post=91788"}],"curies":[{"name":"wp","href":"https:\/\/api.w.org\/{rel}","templated":true}]}}