{"id":91800,"date":"2021-02-21T21:34:03","date_gmt":"2021-02-21T21:34:03","guid":{"rendered":"https:\/\/www.autonvaraosahaku.fi\/?product=topran-107-840-alatukivarsi"},"modified":"2021-02-21T21:34:07","modified_gmt":"2021-02-21T21:34:07","slug":"topran-107-840-alatukivarsi","status":"publish","type":"product","link":"https:\/\/www.autonvaraosahaku.fi\/?product=topran-107-840-alatukivarsi","title":{"rendered":"TOPRAN 107 840 Alatukivarsi"},"content":{"rendered":"<p>Ohjausmalli: Poikittaistukivarsi; Asennuspuoli: Etuakseli, vasen, Edess\u00e4, Yl\u00e4puolella; Materiaali: Alumiini; parilliset tuotenumerot: 107 843; Tukivarren muoto: Yksitt\u00e4istukivarsi; Korvaava tuote\/korvaava tiedote 2: Kumilaakerilla, Alapallo-\/pallonivelell\u00e4; Alustarakenne: f\u00fcr Fahrzeuge ohne tiefergelegtes Fahrwerk; VW: PASSAT Variant 3B6,PASSAT Variant 3B5,PASSAT 3B2,PASSAT 3B3; AUDI: A4 8D2, B5,A4 Avant 8E5, B6,A6 Avant 4B5, C5,A4 Avant 8D5, B5,A4 8E2, B6,A6 4B2, C5; SKODA: SUPERB 3U4; 4Z7407505, 4Z7407505A, 8D0407505B, 8D0407505F, 8D0407505H, 8D0407505K, 8E0407505A, 4Z7407505, 4Z7407505A, 8D0407505B, 8D0407505F, 8D0407505H, 8D0407505K, 8E0407505A, 4Z7407505, 4Z7407505A, 8D0407505B, 8D0407505F, 8D0407505H, 8D0407505K, 8E0407505A; Tukivarsi,Tukivarsi, Py\u00f6r\u00e4ntuenta<\/p>\n","protected":false},"excerpt":{"rendered":"<p>TOPRAN Alatukivarsi 107 840 Tukivarsi,Tukivarsi, Py\u00f6r\u00e4ntuenta VW,AUDI,SKODA,PASSAT Variant 3B6,PASSAT Variant 3B5,PASSAT 3B2,PASSAT 3B3,A4 8D2, B5<\/p>\n","protected":false},"featured_media":0,"template":"","meta":{"site-sidebar-layout":"default","site-content-layout":"default","ast-global-header-display":"","ast-main-header-display":"","ast-hfb-above-header-display":"","ast-hfb-below-header-display":"","ast-hfb-mobile-header-display":"","site-post-title":"","ast-breadcrumbs-content":"","ast-featured-img":"","footer-sml-layout":"","theme-transparent-header-meta":"","adv-header-id-meta":"","stick-header-meta":"","header-above-stick-meta":"","header-main-stick-meta":"","header-below-stick-meta":""},"pwb-brand":[18],"product_cat":[62],"product_tag":[],"class_list":{"0":"post-91800","1":"product","2":"type-product","3":"status-publish","5":"pwb-brand-topran","6":"product_cat-alatukivarsi","7":"desktop-align-left","8":"tablet-align-left","9":"mobile-align-left","11":"first","12":"instock","13":"product-type-external"},"brands":[{"id":18,"name":"TOPRAN","slug":"topran"}],"_links":{"self":[{"href":"https:\/\/www.autonvaraosahaku.fi\/index.php?rest_route=\/wp\/v2\/product\/91800","targetHints":{"allow":["GET"]}}],"collection":[{"href":"https:\/\/www.autonvaraosahaku.fi\/index.php?rest_route=\/wp\/v2\/product"}],"about":[{"href":"https:\/\/www.autonvaraosahaku.fi\/index.php?rest_route=\/wp\/v2\/types\/product"}],"wp:attachment":[{"href":"https:\/\/www.autonvaraosahaku.fi\/index.php?rest_route=%2Fwp%2Fv2%2Fmedia&parent=91800"}],"wp:term":[{"taxonomy":"pwb-brand","embeddable":true,"href":"https:\/\/www.autonvaraosahaku.fi\/index.php?rest_route=%2Fwp%2Fv2%2Fpwb-brand&post=91800"},{"taxonomy":"product_cat","embeddable":true,"href":"https:\/\/www.autonvaraosahaku.fi\/index.php?rest_route=%2Fwp%2Fv2%2Fproduct_cat&post=91800"},{"taxonomy":"product_tag","embeddable":true,"href":"https:\/\/www.autonvaraosahaku.fi\/index.php?rest_route=%2Fwp%2Fv2%2Fproduct_tag&post=91800"}],"curies":[{"name":"wp","href":"https:\/\/api.w.org\/{rel}","templated":true}]}}