{"id":91816,"date":"2021-02-21T21:34:11","date_gmt":"2021-02-21T21:34:11","guid":{"rendered":"https:\/\/www.autonvaraosahaku.fi\/?product=topran-103-325-anturit-sensorit"},"modified":"2021-02-21T21:34:13","modified_gmt":"2021-02-21T21:34:13","slug":"topran-103-325-anturit-sensorit","status":"publish","type":"product","link":"https:\/\/www.autonvaraosahaku.fi\/?product=topran-103-325-anturit-sensorit","title":{"rendered":"TOPRAN 103 325 Anturit (sensorit)"},"content":{"rendered":"<p>Napojen m\u00e4\u00e4r\u00e4: 2; Korvaava tuote\/korvaava tiedote 2: Tiivisterenkaalla; Pistokkeen kotelon muoto: suorakulmainen (rectangular); Pistokemalli: Lattapistoke; OE-numerolle: 251 919 372A; Moottorinumero: DX; VW: GOLF II 19E, 1G1,PASSAT Variant 3A5, 35I,TRANSPORTER III Bus,POLO 86C, 80,PASSAT 3A2, 35I,LT 28-35 I Kasten 281-363,GOLF I 17,LT 28-35 I Bus 281-363,JETTA II 19E, 1G2, 165,TRANSPORTER III Kasten,LT 28-35 I Pritsche\/Fahrgestell 281-363,TRANSPORTER III Pritsche\/Fahrgestell,PASSAT 32B,JETTA I 16; SEAT: TOLEDO I 1L; 251919372A, 5B0919372, 251919372A, 5B0919372<\/p>\n","protected":false},"excerpt":{"rendered":"<p>TOPRAN Tunnistin, J\u00e4\u00e4hdytysnestetaso 103 325  VW,SEAT,GOLF II 19E, 1G1,PASSAT Variant 3A5, 35I,TRANSPORTER III Bus,POLO 86C, 80,PASSAT 3A2, 35I<\/p>\n","protected":false},"featured_media":0,"template":"","meta":{"site-sidebar-layout":"default","site-content-layout":"default","ast-global-header-display":"","ast-main-header-display":"","ast-hfb-above-header-display":"","ast-hfb-below-header-display":"","ast-hfb-mobile-header-display":"","site-post-title":"","ast-breadcrumbs-content":"","ast-featured-img":"","footer-sml-layout":"","theme-transparent-header-meta":"","adv-header-id-meta":"","stick-header-meta":"","header-above-stick-meta":"","header-main-stick-meta":"","header-below-stick-meta":""},"pwb-brand":[18],"product_cat":[98],"product_tag":[],"class_list":{"0":"post-91816","1":"product","2":"type-product","3":"status-publish","5":"pwb-brand-topran","6":"product_cat-anturit-sensorit","7":"desktop-align-left","8":"tablet-align-left","9":"mobile-align-left","11":"first","12":"instock","13":"product-type-external"},"brands":[{"id":18,"name":"TOPRAN","slug":"topran"}],"_links":{"self":[{"href":"https:\/\/www.autonvaraosahaku.fi\/index.php?rest_route=\/wp\/v2\/product\/91816","targetHints":{"allow":["GET"]}}],"collection":[{"href":"https:\/\/www.autonvaraosahaku.fi\/index.php?rest_route=\/wp\/v2\/product"}],"about":[{"href":"https:\/\/www.autonvaraosahaku.fi\/index.php?rest_route=\/wp\/v2\/types\/product"}],"wp:attachment":[{"href":"https:\/\/www.autonvaraosahaku.fi\/index.php?rest_route=%2Fwp%2Fv2%2Fmedia&parent=91816"}],"wp:term":[{"taxonomy":"pwb-brand","embeddable":true,"href":"https:\/\/www.autonvaraosahaku.fi\/index.php?rest_route=%2Fwp%2Fv2%2Fpwb-brand&post=91816"},{"taxonomy":"product_cat","embeddable":true,"href":"https:\/\/www.autonvaraosahaku.fi\/index.php?rest_route=%2Fwp%2Fv2%2Fproduct_cat&post=91816"},{"taxonomy":"product_tag","embeddable":true,"href":"https:\/\/www.autonvaraosahaku.fi\/index.php?rest_route=%2Fwp%2Fv2%2Fproduct_tag&post=91816"}],"curies":[{"name":"wp","href":"https:\/\/api.w.org\/{rel}","templated":true}]}}