{"id":91837,"date":"2021-02-21T21:34:20","date_gmt":"2021-02-21T21:34:20","guid":{"rendered":"https:\/\/www.autonvaraosahaku.fi\/?product=a-b-s-271225-kallistuksenvakaajan-puslat"},"modified":"2021-02-21T21:34:23","modified_gmt":"2021-02-21T21:34:23","slug":"a-b-s-271225-kallistuksenvakaajan-puslat","status":"publish","type":"product","link":"https:\/\/www.autonvaraosahaku.fi\/?product=a-b-s-271225-kallistuksenvakaajan-puslat","title":{"rendered":"A.B.S. 271225 Kallistuksenvakaajan puslat"},"content":{"rendered":"<p>Sis\u00e4l\u00e4pimitta [mm]: 17; L\u00e4pimitta [mm]: 16; Ulkol\u00e4pimitta [mm]: 32; Pituus 1 \/ pituus 2: 25,5; Paino [kg]: 0,02; Asennuspuoli: Hinterachse; MINI: MINI R56,MINI R50, R53,MINI CLUBMAN R55,MINI Cabriolet R52,MINI Cabriolet R57,MINI COUNTRYMAN R60,MINI Roadster R59,MINI PACEMAN R61,MINI CLUBVAN R55; 33556756151<\/p>\n","protected":false},"excerpt":{"rendered":"<p>A.B.S. Laakerin Holkki, Vakaaja 271225  MINI,MINI R56,MINI R50, R53,MINI CLUBMAN R55,MINI Cabriolet R52,MINI Cabriolet R57,MINI COUNTRYMAN R60<\/p>\n","protected":false},"featured_media":0,"template":"","meta":{"site-sidebar-layout":"default","site-content-layout":"default","ast-global-header-display":"","ast-main-header-display":"","ast-hfb-above-header-display":"","ast-hfb-below-header-display":"","ast-hfb-mobile-header-display":"","site-post-title":"","ast-breadcrumbs-content":"","ast-featured-img":"","footer-sml-layout":"","theme-transparent-header-meta":"","adv-header-id-meta":"","stick-header-meta":"","header-above-stick-meta":"","header-main-stick-meta":"","header-below-stick-meta":""},"pwb-brand":[326],"product_cat":[82],"product_tag":[],"class_list":{"0":"post-91837","1":"product","2":"type-product","3":"status-publish","5":"pwb-brand-a-b-s","6":"product_cat-kallistuksenvakaajan-puslat","7":"desktop-align-left","8":"tablet-align-left","9":"mobile-align-left","11":"first","12":"instock","13":"product-type-external"},"brands":[{"id":326,"name":"A.B.S.","slug":"a-b-s"}],"_links":{"self":[{"href":"https:\/\/www.autonvaraosahaku.fi\/index.php?rest_route=\/wp\/v2\/product\/91837","targetHints":{"allow":["GET"]}}],"collection":[{"href":"https:\/\/www.autonvaraosahaku.fi\/index.php?rest_route=\/wp\/v2\/product"}],"about":[{"href":"https:\/\/www.autonvaraosahaku.fi\/index.php?rest_route=\/wp\/v2\/types\/product"}],"wp:attachment":[{"href":"https:\/\/www.autonvaraosahaku.fi\/index.php?rest_route=%2Fwp%2Fv2%2Fmedia&parent=91837"}],"wp:term":[{"taxonomy":"pwb-brand","embeddable":true,"href":"https:\/\/www.autonvaraosahaku.fi\/index.php?rest_route=%2Fwp%2Fv2%2Fpwb-brand&post=91837"},{"taxonomy":"product_cat","embeddable":true,"href":"https:\/\/www.autonvaraosahaku.fi\/index.php?rest_route=%2Fwp%2Fv2%2Fproduct_cat&post=91837"},{"taxonomy":"product_tag","embeddable":true,"href":"https:\/\/www.autonvaraosahaku.fi\/index.php?rest_route=%2Fwp%2Fv2%2Fproduct_tag&post=91837"}],"curies":[{"name":"wp","href":"https:\/\/api.w.org\/{rel}","templated":true}]}}