{"id":91848,"date":"2021-02-21T21:34:20","date_gmt":"2021-02-21T21:34:20","guid":{"rendered":"https:\/\/www.autonvaraosahaku.fi\/?product=mahle-original-ox-414d1-oljynsuodatin"},"modified":"2021-02-21T21:34:27","modified_gmt":"2021-02-21T21:34:27","slug":"mahle-original-ox-414d1-oljynsuodatin","status":"publish","type":"product","link":"https:\/\/www.autonvaraosahaku.fi\/?product=mahle-original-ox-414d1-oljynsuodatin","title":{"rendered":"MAHLE ORIGINAL OX 414D1 \u00d6ljynsuodatin"},"content":{"rendered":"<p>Suodatintyyppi: Suodatinpanos; Korkeus (mm): 67,0; Korkeus 1 (mm): 63,1; L\u00e4pimitta [mm]: 68,8; Sis\u00e4l\u00e4pimitta 1 [mm]: 27,5; L\u00e4pimitta 3 [mm]: 27,5; L\u00e4pimitta 4 [mm]: 27,5; Tiivisteen l\u00e4pimitta [mm]: 27,5; Korkeus (tuumaa): 4,33; Leveys (tuumaa): 3,15; Pituus (tuumaa): 3,15; LEXUS: RX MHU3_, GSU3_, MCU3_,GS GRS19_, UZS19_, GWS19_,RX GYL1_, GGL15, AGL10,IS III GSE3_, AVE3_,LS UVF4_, USF4_,GS GRL1_, GWL1_,ES AVV6_, GSV6_, ASV6_,ES GSV4_, ACV4_,NX ZGZ1_, AGZ1_, AYZ1_,RX _L2_,RC GSC1_, USC1_,LS VXFA5_; TOYOTA: RAV 4 III ACA3_, ACE_, ALA3_, GSA3_, ZSA3_,VERSO _AUR2_, _ZGR2_,RAV 4 IV ZSA4_, ALA4_,LAND CRUISER 150 KDJ15_, GRJ15_,FJ CRUISER GSJ1_,SIENNA ASL3_, GSL3_,CAMRY Stufenheck _XV4_,SIENNA MCL2_, GSL2_,CAMRY Stufenheck AVV5_, XV5_,PREVIA III ACR5_, GSR5_,ALPHARD \/ VELLFIRE GGH2_, ANH2_, ATH2_,ALPHARD \/ VELLFIRE GGH3_, AGH3_, AYH3_; LOTUS: EVORA,EXIGE; 041520V010, 0415231050, 0415231090, 04152YZZA1, 041520V010, 0415231050, 0415231080, 0415231090, 04152YZZA1<\/p>\n","protected":false},"excerpt":{"rendered":"<p>MAHLE ORIGINAL \u00d6ljynsuodatin OX 414D1  LEXUS,TOYOTA,LOTUS,RX MHU3_, GSU3_, MCU3_,GS GRS19_, UZS19_, GWS19_,RX GYL1_, GGL15, AGL10,IS III GSE3_, AVE3_<\/p>\n","protected":false},"featured_media":0,"template":"","meta":{"site-sidebar-layout":"default","site-content-layout":"default","ast-global-header-display":"","ast-main-header-display":"","ast-hfb-above-header-display":"","ast-hfb-below-header-display":"","ast-hfb-mobile-header-display":"","site-post-title":"","ast-breadcrumbs-content":"","ast-featured-img":"","footer-sml-layout":"","theme-transparent-header-meta":"","adv-header-id-meta":"","stick-header-meta":"","header-above-stick-meta":"","header-main-stick-meta":"","header-below-stick-meta":""},"pwb-brand":[153],"product_cat":[30],"product_tag":[],"class_list":{"0":"post-91848","1":"product","2":"type-product","3":"status-publish","5":"pwb-brand-mahle-original","6":"product_cat-oljynsuodatin","7":"desktop-align-left","8":"tablet-align-left","9":"mobile-align-left","11":"first","12":"instock","13":"product-type-external"},"brands":[{"id":153,"name":"MAHLE ORIGINAL","slug":"mahle-original"}],"_links":{"self":[{"href":"https:\/\/www.autonvaraosahaku.fi\/index.php?rest_route=\/wp\/v2\/product\/91848","targetHints":{"allow":["GET"]}}],"collection":[{"href":"https:\/\/www.autonvaraosahaku.fi\/index.php?rest_route=\/wp\/v2\/product"}],"about":[{"href":"https:\/\/www.autonvaraosahaku.fi\/index.php?rest_route=\/wp\/v2\/types\/product"}],"wp:attachment":[{"href":"https:\/\/www.autonvaraosahaku.fi\/index.php?rest_route=%2Fwp%2Fv2%2Fmedia&parent=91848"}],"wp:term":[{"taxonomy":"pwb-brand","embeddable":true,"href":"https:\/\/www.autonvaraosahaku.fi\/index.php?rest_route=%2Fwp%2Fv2%2Fpwb-brand&post=91848"},{"taxonomy":"product_cat","embeddable":true,"href":"https:\/\/www.autonvaraosahaku.fi\/index.php?rest_route=%2Fwp%2Fv2%2Fproduct_cat&post=91848"},{"taxonomy":"product_tag","embeddable":true,"href":"https:\/\/www.autonvaraosahaku.fi\/index.php?rest_route=%2Fwp%2Fv2%2Fproduct_tag&post=91848"}],"curies":[{"name":"wp","href":"https:\/\/api.w.org\/{rel}","templated":true}]}}