{"id":91863,"date":"2021-02-21T21:34:28","date_gmt":"2021-02-21T21:34:28","guid":{"rendered":"https:\/\/www.autonvaraosahaku.fi\/?product=hella-1zs-010-131-641-ajovaloumpio"},"modified":"2021-02-21T21:34:33","modified_gmt":"2021-02-21T21:34:33","slug":"hella-1zs-010-131-641-ajovaloumpio","status":"publish","type":"product","link":"https:\/\/www.autonvaraosahaku.fi\/?product=hella-1zs-010-131-641-ajovaloumpio","title":{"rendered":"HELLA 1ZS 010 131-641 Ajovaloumpio"},"content":{"rendered":"<p>Asennuspuoli: Oikea; Korvaava tuote\/korvaava tiedote 2: Valokorkeuss\u00e4\u00e4timen moottorilla, ilman kaasupurkauspolttimoa, ilman esivastusta; Lis\u00e4tarvike\/lis\u00e4tieto: Polttimolla, ilman mutkavalonheitinohjainta (AFS); Lyhdyn muoto: Bi-xenon, LED; Tarkistuskilpi: E1 2887, ECE; Nimellisj\u00e4nnite (V): 12; Lyhtytoimintojen m\u00e4\u00e4r\u00e4: 6; Varusteet: ajon.mutkavaloilla AFS; Lamppumalli: D1S (kaasupurkauslamppu), H7; Valotoiminto: puolivalolla, Vilkkuvalolla (LED), kaukovalolla, mutkavaloilla AFS, pys\u00e4k\u00f6intivalolla, P\u00e4iv\u00e4ajovalolla (LED); Vasen \/ oikea liikenne: Vasemmanpuoleiselle liikenteelle; parilliset tuotenumerot: 1ZS 010 131-631; Valmistusvuoteen: 07\/2013; BMW: 5 Touring F11,5 F10, F18; 63117271906, 7271906, 727190601; Ajovalot,Etuvalot,Ajovalo<\/p>\n","protected":false},"excerpt":{"rendered":"<p>HELLA Ajovaloumpio 1ZS 010 131-641 Ajovalot,Etuvalot BMW,5 Touring F11,5 F10, F18<\/p>\n","protected":false},"featured_media":0,"template":"","meta":{"site-sidebar-layout":"default","site-content-layout":"default","ast-global-header-display":"","ast-main-header-display":"","ast-hfb-above-header-display":"","ast-hfb-below-header-display":"","ast-hfb-mobile-header-display":"","site-post-title":"","ast-breadcrumbs-content":"","ast-featured-img":"","footer-sml-layout":"","theme-transparent-header-meta":"","adv-header-id-meta":"","stick-header-meta":"","header-above-stick-meta":"","header-main-stick-meta":"","header-below-stick-meta":""},"pwb-brand":[24],"product_cat":[185],"product_tag":[],"class_list":{"0":"post-91863","1":"product","2":"type-product","3":"status-publish","5":"pwb-brand-hella","6":"product_cat-ajovaloumpio","7":"desktop-align-left","8":"tablet-align-left","9":"mobile-align-left","11":"first","12":"instock","13":"product-type-external"},"brands":[{"id":24,"name":"HELLA","slug":"hella"}],"_links":{"self":[{"href":"https:\/\/www.autonvaraosahaku.fi\/index.php?rest_route=\/wp\/v2\/product\/91863","targetHints":{"allow":["GET"]}}],"collection":[{"href":"https:\/\/www.autonvaraosahaku.fi\/index.php?rest_route=\/wp\/v2\/product"}],"about":[{"href":"https:\/\/www.autonvaraosahaku.fi\/index.php?rest_route=\/wp\/v2\/types\/product"}],"wp:attachment":[{"href":"https:\/\/www.autonvaraosahaku.fi\/index.php?rest_route=%2Fwp%2Fv2%2Fmedia&parent=91863"}],"wp:term":[{"taxonomy":"pwb-brand","embeddable":true,"href":"https:\/\/www.autonvaraosahaku.fi\/index.php?rest_route=%2Fwp%2Fv2%2Fpwb-brand&post=91863"},{"taxonomy":"product_cat","embeddable":true,"href":"https:\/\/www.autonvaraosahaku.fi\/index.php?rest_route=%2Fwp%2Fv2%2Fproduct_cat&post=91863"},{"taxonomy":"product_tag","embeddable":true,"href":"https:\/\/www.autonvaraosahaku.fi\/index.php?rest_route=%2Fwp%2Fv2%2Fproduct_tag&post=91863"}],"curies":[{"name":"wp","href":"https:\/\/api.w.org\/{rel}","templated":true}]}}