{"id":91864,"date":"2021-02-21T21:34:28","date_gmt":"2021-02-21T21:34:28","guid":{"rendered":"https:\/\/www.autonvaraosahaku.fi\/?product=vaico-v10-2279-oljynsuodatin"},"modified":"2021-02-21T21:34:33","modified_gmt":"2021-02-21T21:34:33","slug":"vaico-v10-2279-oljynsuodatin","status":"publish","type":"product","link":"https:\/\/www.autonvaraosahaku.fi\/?product=vaico-v10-2279-oljynsuodatin","title":{"rendered":"VAICO V10-2279 \u00d6ljynsuodatin"},"content":{"rendered":"<p>Korkeus (mm): 76; Ulkol\u00e4pimitta [mm]: 65; Suodatintyyppi: Suodatinpanos; L\u00e4pimitta 2 [mm]: 28,5; Paino [kg]: 0,0887; Pakkausleveys [cm]: 7,2; Pakkauskorkeus [mm]: 8,1; Pakkaussyvyys [cm]: 8,8; lis\u00e4tieto: CST99; VW: POLO 6R, 6C; SKODA: FABIA,FABIA Combi,ROOMSTER 5J,ROOMSTER Praktik 5J; SEAT: IBIZA V 6J5, 6P5,IBIZA V ST 6J8, 6P8,IBIZA V SPORTCOUPE 6J1, 6P1; 03P115562, 03P115562, 3P115562, 03P115562, 3P115562, 03P115562, 3P115562<\/p>\n","protected":false},"excerpt":{"rendered":"<p>VAICO \u00d6ljynsuodatin V10-2279  VW,SKODA,SEAT,POLO 6R, 6C,FABIA,FABIA Combi,ROOMSTER 5J,ROOMSTER Praktik 5J,IBIZA V 6J5, 6P5,IBIZA V ST 6J8, 6P8<\/p>\n","protected":false},"featured_media":0,"template":"","meta":{"site-sidebar-layout":"default","site-content-layout":"default","ast-global-header-display":"","ast-main-header-display":"","ast-hfb-above-header-display":"","ast-hfb-below-header-display":"","ast-hfb-mobile-header-display":"","site-post-title":"","ast-breadcrumbs-content":"","ast-featured-img":"","footer-sml-layout":"","theme-transparent-header-meta":"","adv-header-id-meta":"","stick-header-meta":"","header-above-stick-meta":"","header-main-stick-meta":"","header-below-stick-meta":""},"pwb-brand":[330],"product_cat":[30],"product_tag":[],"class_list":{"0":"post-91864","1":"product","2":"type-product","3":"status-publish","5":"pwb-brand-vaico","6":"product_cat-oljynsuodatin","7":"desktop-align-left","8":"tablet-align-left","9":"mobile-align-left","11":"first","12":"instock","13":"product-type-external"},"brands":[{"id":330,"name":"VAICO","slug":"vaico"}],"_links":{"self":[{"href":"https:\/\/www.autonvaraosahaku.fi\/index.php?rest_route=\/wp\/v2\/product\/91864","targetHints":{"allow":["GET"]}}],"collection":[{"href":"https:\/\/www.autonvaraosahaku.fi\/index.php?rest_route=\/wp\/v2\/product"}],"about":[{"href":"https:\/\/www.autonvaraosahaku.fi\/index.php?rest_route=\/wp\/v2\/types\/product"}],"wp:attachment":[{"href":"https:\/\/www.autonvaraosahaku.fi\/index.php?rest_route=%2Fwp%2Fv2%2Fmedia&parent=91864"}],"wp:term":[{"taxonomy":"pwb-brand","embeddable":true,"href":"https:\/\/www.autonvaraosahaku.fi\/index.php?rest_route=%2Fwp%2Fv2%2Fpwb-brand&post=91864"},{"taxonomy":"product_cat","embeddable":true,"href":"https:\/\/www.autonvaraosahaku.fi\/index.php?rest_route=%2Fwp%2Fv2%2Fproduct_cat&post=91864"},{"taxonomy":"product_tag","embeddable":true,"href":"https:\/\/www.autonvaraosahaku.fi\/index.php?rest_route=%2Fwp%2Fv2%2Fproduct_tag&post=91864"}],"curies":[{"name":"wp","href":"https:\/\/api.w.org\/{rel}","templated":true}]}}