{"id":91868,"date":"2021-02-21T21:34:28","date_gmt":"2021-02-21T21:34:28","guid":{"rendered":"https:\/\/www.autonvaraosahaku.fi\/?product=febi-bilstein-41146-tukivarren-hela"},"modified":"2021-02-21T21:34:35","modified_gmt":"2021-02-21T21:34:35","slug":"febi-bilstein-41146-tukivarren-hela","status":"publish","type":"product","link":"https:\/\/www.autonvaraosahaku.fi\/?product=febi-bilstein-41146-tukivarren-hela","title":{"rendered":"FEBI BILSTEIN 41146 Tukivarren hela"},"content":{"rendered":"<p>Paksuus [mm]: 48,0; Sis\u00e4l\u00e4pimitta [mm]: 16,0; Ulkol\u00e4pimitta [mm]: 43,0; Asennuspuoli: Yl\u00e4puolella, etuakseli molemminpuoleinen; Kiinnitysmalli: Kumimetallilaakeri; Paino [kg]: 0,17, 0,17; Moottorinumero: 6G74; NISSAN: PRIMERA P11; MITSUBISHI: PAJERO III V7_W, V6_W,L 200 K7_T, K6_T,PAJERO II V3_W, V2_W, V4_W,PAJERO SPORT K90,PAJERO II Canvas Top V2_W, V4_W; MB633820<\/p>\n","protected":false},"excerpt":{"rendered":"<p>FEBI BILSTEIN Tukivarren Hela 41146  NISSAN,MITSUBISHI,PRIMERA P11,PAJERO III V7_W, V6_W,L 200 K7_T, K6_T,PAJERO II V3_W, V2_W, V4_W,PAJERO SPORT K90<\/p>\n","protected":false},"featured_media":0,"template":"","meta":{"site-sidebar-layout":"default","site-content-layout":"default","ast-global-header-display":"","ast-main-header-display":"","ast-hfb-above-header-display":"","ast-hfb-below-header-display":"","ast-hfb-mobile-header-display":"","site-post-title":"","ast-breadcrumbs-content":"","ast-featured-img":"","footer-sml-layout":"","theme-transparent-header-meta":"","adv-header-id-meta":"","stick-header-meta":"","header-above-stick-meta":"","header-main-stick-meta":"","header-below-stick-meta":""},"pwb-brand":[50],"product_cat":[115],"product_tag":[],"class_list":{"0":"post-91868","1":"product","2":"type-product","3":"status-publish","5":"pwb-brand-febi-bilstein","6":"product_cat-tukivarren-hela","7":"desktop-align-left","8":"tablet-align-left","9":"mobile-align-left","11":"first","12":"instock","13":"product-type-external"},"brands":[{"id":50,"name":"FEBI BILSTEIN","slug":"febi-bilstein"}],"_links":{"self":[{"href":"https:\/\/www.autonvaraosahaku.fi\/index.php?rest_route=\/wp\/v2\/product\/91868","targetHints":{"allow":["GET"]}}],"collection":[{"href":"https:\/\/www.autonvaraosahaku.fi\/index.php?rest_route=\/wp\/v2\/product"}],"about":[{"href":"https:\/\/www.autonvaraosahaku.fi\/index.php?rest_route=\/wp\/v2\/types\/product"}],"wp:attachment":[{"href":"https:\/\/www.autonvaraosahaku.fi\/index.php?rest_route=%2Fwp%2Fv2%2Fmedia&parent=91868"}],"wp:term":[{"taxonomy":"pwb-brand","embeddable":true,"href":"https:\/\/www.autonvaraosahaku.fi\/index.php?rest_route=%2Fwp%2Fv2%2Fpwb-brand&post=91868"},{"taxonomy":"product_cat","embeddable":true,"href":"https:\/\/www.autonvaraosahaku.fi\/index.php?rest_route=%2Fwp%2Fv2%2Fproduct_cat&post=91868"},{"taxonomy":"product_tag","embeddable":true,"href":"https:\/\/www.autonvaraosahaku.fi\/index.php?rest_route=%2Fwp%2Fv2%2Fproduct_tag&post=91868"}],"curies":[{"name":"wp","href":"https:\/\/api.w.org\/{rel}","templated":true}]}}