{"id":91872,"date":"2021-02-21T21:34:36","date_gmt":"2021-02-21T21:34:36","guid":{"rendered":"https:\/\/www.autonvaraosahaku.fi\/?product=meyle-11-14-238-0000-jaahdyttimen-korkki"},"modified":"2021-02-21T21:34:37","modified_gmt":"2021-02-21T21:34:37","slug":"meyle-11-14-238-0000-jaahdyttimen-korkki","status":"publish","type":"product","link":"https:\/\/www.autonvaraosahaku.fi\/?product=meyle-11-14-238-0000-jaahdyttimen-korkki","title":{"rendered":"MEYLE 11-14 238 0000 J\u00e4\u00e4hdyttimen korkki"},"content":{"rendered":"<p>Lis\u00e4tieto: ORIGINAL Quality; Valmistusvuosi alkaen: 06\/1999; LANCIA: PHEDRA 179; FIAT: ULYSSE 179AX,SCUDO Kasten 220L,SCUDO Combinato 220P; CITRO\u00cbN: XSARA PICASSO N68,C3 I FC_,C8 EA_, EB_,C5 I DC_,C5 I Break DE_,XSARA N1,C3 Pluriel HB_,XSARA Break N2,XSARA Coupe N0,JUMPY U6U,JUMPY Kasten BS_, BT_, BY_, BZ_,JUMPY Pritsche\/Fahrgestell BU_, BV_, BW_, BX_; PEUGEOT: 206 Schr\u00e4gheck 2A\/C,206 CC 2D,207 WA_, WC_,307 SW 3H,207 CC WD_,307 CC 3B,407 SW 6E_,307 3A\/C,207 SW WK_,107,206 SW 2E\/K,807 E,106 II 1,308 4A_, 4C_,307 Break 3E,607 9D, 9U,407 6D_,406 Break 8E\/F,1007 KM_,PARTNER Kasten 5,406 Coupe 8C,406 8B,407 Coupe 6C_,EXPERT Tepee VF3V_,EXPERT Kasten VF3A_, VF3U_, VF3X_,PARTNER Kasten,EXPERT Kasten 222,EXPERT 224; 1306C9, 1306E4, 9638001280, 9638001280, 1306C9, 1306E4; Korkki, J\u00e4\u00e4hdytin<\/p>\n","protected":false},"excerpt":{"rendered":"<p>MEYLE J\u00e4\u00e4hdyttimen Korkki 11-14 238 0000 Korkki, J\u00e4\u00e4hdytin LANCIA,FIAT,CITRO\u00cbN,PHEDRA 179,ULYSSE 179AX,SCUDO Kasten 220L,SCUDO Combinato 220P<\/p>\n","protected":false},"featured_media":0,"template":"","meta":{"site-sidebar-layout":"default","site-content-layout":"default","ast-global-header-display":"","ast-main-header-display":"","ast-hfb-above-header-display":"","ast-hfb-below-header-display":"","ast-hfb-mobile-header-display":"","site-post-title":"","ast-breadcrumbs-content":"","ast-featured-img":"","footer-sml-layout":"","theme-transparent-header-meta":"","adv-header-id-meta":"","stick-header-meta":"","header-above-stick-meta":"","header-main-stick-meta":"","header-below-stick-meta":""},"pwb-brand":[84],"product_cat":[173],"product_tag":[],"class_list":{"0":"post-91872","1":"product","2":"type-product","3":"status-publish","5":"pwb-brand-meyle","6":"product_cat-jaahdyttimen-korkki","7":"desktop-align-left","8":"tablet-align-left","9":"mobile-align-left","11":"first","12":"instock","13":"product-type-external"},"brands":[{"id":84,"name":"MEYLE","slug":"meyle"}],"_links":{"self":[{"href":"https:\/\/www.autonvaraosahaku.fi\/index.php?rest_route=\/wp\/v2\/product\/91872","targetHints":{"allow":["GET"]}}],"collection":[{"href":"https:\/\/www.autonvaraosahaku.fi\/index.php?rest_route=\/wp\/v2\/product"}],"about":[{"href":"https:\/\/www.autonvaraosahaku.fi\/index.php?rest_route=\/wp\/v2\/types\/product"}],"wp:attachment":[{"href":"https:\/\/www.autonvaraosahaku.fi\/index.php?rest_route=%2Fwp%2Fv2%2Fmedia&parent=91872"}],"wp:term":[{"taxonomy":"pwb-brand","embeddable":true,"href":"https:\/\/www.autonvaraosahaku.fi\/index.php?rest_route=%2Fwp%2Fv2%2Fpwb-brand&post=91872"},{"taxonomy":"product_cat","embeddable":true,"href":"https:\/\/www.autonvaraosahaku.fi\/index.php?rest_route=%2Fwp%2Fv2%2Fproduct_cat&post=91872"},{"taxonomy":"product_tag","embeddable":true,"href":"https:\/\/www.autonvaraosahaku.fi\/index.php?rest_route=%2Fwp%2Fv2%2Fproduct_tag&post=91872"}],"curies":[{"name":"wp","href":"https:\/\/api.w.org\/{rel}","templated":true}]}}