{"id":9188,"date":"2021-02-21T14:05:11","date_gmt":"2021-02-21T14:05:11","guid":{"rendered":"https:\/\/www.autonvaraosahaku.fi\/?product=maxgear-52-0183-jarruletku"},"modified":"2021-02-21T14:05:12","modified_gmt":"2021-02-21T14:05:12","slug":"maxgear-52-0183-jarruletku","status":"publish","type":"product","link":"https:\/\/www.autonvaraosahaku.fi\/?product=maxgear-52-0183-jarruletku","title":{"rendered":"MAXGEAR 52-0183 Jarruletku"},"content":{"rendered":"<p>Ulkokierre [mm]: M10x1; Sis\u00e4kierre (mm): M10x1; Tarvittava kappalem\u00e4\u00e4r\u00e4: 4; Pituus (mm): 363; Asennuspuoli: Etuakseli; Moottorinumero: B230FT; VOLVO: V70 I LV,850 Kombi LW,XC70 CROSS COUNTRY,940 II Kombi 945,940 Kombi 945,740 Kombi 745,C70 I Cabriolet,C70 I Coupe,850 LS,960 II Kombi 965,740 744,S70 LS,960 II 964,940 944,V90 Kombi,760 704, 764,960 Kombi 965,760 Kombi 704, 765,940 II 944,960 964,S90,780; 3546813<\/p>\n","protected":false},"excerpt":{"rendered":"<p>MAXGEAR Jarruletku 52-0183  VOLVO,V70 I LV,850 Kombi LW,XC70 CROSS COUNTRY,940 II Kombi 945,940 Kombi 945,740 Kombi 745,C70 I Cabriolet,C70 I Coupe<\/p>\n","protected":false},"featured_media":0,"template":"","meta":{"site-sidebar-layout":"default","site-content-layout":"default","ast-global-header-display":"","ast-main-header-display":"","ast-hfb-above-header-display":"","ast-hfb-below-header-display":"","ast-hfb-mobile-header-display":"","site-post-title":"","ast-breadcrumbs-content":"","ast-featured-img":"","footer-sml-layout":"","theme-transparent-header-meta":"","adv-header-id-meta":"","stick-header-meta":"","header-above-stick-meta":"","header-main-stick-meta":"","header-below-stick-meta":""},"pwb-brand":[48],"product_cat":[70],"product_tag":[],"class_list":{"0":"post-9188","1":"product","2":"type-product","3":"status-publish","5":"pwb-brand-maxgear","6":"product_cat-jarruletku","7":"desktop-align-left","8":"tablet-align-left","9":"mobile-align-left","11":"first","12":"instock","13":"product-type-external"},"brands":[{"id":48,"name":"MAXGEAR","slug":"maxgear"}],"_links":{"self":[{"href":"https:\/\/www.autonvaraosahaku.fi\/index.php?rest_route=\/wp\/v2\/product\/9188","targetHints":{"allow":["GET"]}}],"collection":[{"href":"https:\/\/www.autonvaraosahaku.fi\/index.php?rest_route=\/wp\/v2\/product"}],"about":[{"href":"https:\/\/www.autonvaraosahaku.fi\/index.php?rest_route=\/wp\/v2\/types\/product"}],"wp:attachment":[{"href":"https:\/\/www.autonvaraosahaku.fi\/index.php?rest_route=%2Fwp%2Fv2%2Fmedia&parent=9188"}],"wp:term":[{"taxonomy":"pwb-brand","embeddable":true,"href":"https:\/\/www.autonvaraosahaku.fi\/index.php?rest_route=%2Fwp%2Fv2%2Fpwb-brand&post=9188"},{"taxonomy":"product_cat","embeddable":true,"href":"https:\/\/www.autonvaraosahaku.fi\/index.php?rest_route=%2Fwp%2Fv2%2Fproduct_cat&post=9188"},{"taxonomy":"product_tag","embeddable":true,"href":"https:\/\/www.autonvaraosahaku.fi\/index.php?rest_route=%2Fwp%2Fv2%2Fproduct_tag&post=9188"}],"curies":[{"name":"wp","href":"https:\/\/api.w.org\/{rel}","templated":true}]}}