{"id":91895,"date":"2021-02-21T21:34:44","date_gmt":"2021-02-21T21:34:44","guid":{"rendered":"https:\/\/www.autonvaraosahaku.fi\/?product=ridex-3921k0009-anturit-sensorit"},"modified":"2021-02-21T21:34:46","modified_gmt":"2021-02-21T21:34:46","slug":"ridex-3921k0009-anturit-sensorit","status":"publish","type":"product","link":"https:\/\/www.autonvaraosahaku.fi\/?product=ridex-3921k0009-anturit-sensorit","title":{"rendered":"RIDEX 3921K0009 Anturit (sensorit)"},"content":{"rendered":"<p>Tarvittava kappalem\u00e4\u00e4r\u00e4: 2; SEAT: IBIZA II 6K1; MINI: MINI F56,MINI F55,MINI CLUBMAN F54,MINI Cabriolet F57,MINI COUNTRYMAN F60; OPEL: OMEGA A 16_, 17_, 19_,VECTRA B 36_,ASTRA F CC 53_, 54_, 58_, 59_,OMEGA B Caravan 21_, 22_, 23_,OMEGA B 25_, 26_, 27_,VECTRA B Caravan 31_,ASTRA F Caravan 51_, 52_,CALIBRA A 85_,VECTRA B CC 38_,VECTRA A 86_, 87_,ASTRA F 56_, 57_,KADETT E CC 33_, 34_, 43_, 44_,VECTRA A CC 88_, 89_,SENATOR B 29_,OMEGA A Caravan 66_, 67_; SSANGYONG: REXTON GAB_,KYRON,REXTON W,RODIUS,ACTYON SPORTS I QJ,ACTYON I,KORANDO Cabrio KJ; BMW: 1 F20,3 Touring F31,3 F30, F35, F80,1 F21,3 Gran Turismo F34,4 Coupe F32, F82,7 E23,2 Coupe F22,4 Cabriolet F33, F83,2 Active Tourer F45,4 Gran Coupe F36,2 Gran Tourer F46,X1 F48,5 G30,2 Cabriolet F23,7 G11, G12,5 Touring G31,X2 F39,X3 G01,6 Gran Turismo G32,i8 I12; VOLVO: 940 II Kombi 945,940 Kombi 945,240 Kombi P245,740 Kombi 745,960 II Kombi 965,740 744,240 P242, P244,480 E,440 K 445,960 II 964,460 L 464,940 944,V90 Kombi,760 704, 764,960 Kombi 965,760 Kombi 704, 765,940 II 944,960 964,S90; SAAB: 9000 Schr\u00e4gheck,900 I Cabriolet,900 I Combi Coupe,900 I AC4, AM4,9000; FORD: ESCORT IV Cabriolet ALF,ESCORT IV GAF, AWF, ABFT,FIESTA II FBD,SCORPIO I GAE, GGE,SIERRA Schr\u00e4gheck GBC,ESCORT III GAA,ESCORT III Cabriolet ALD,FIESTA Kasten FVD,ORION II AFF,ESCORT IV Kombi AWF, AVF,ESCORT &#8217;86 Express AVF,ESCORT III Kombi AWA; ALFA ROMEO: 75 162B; RENAULT: 19 II B\/C53_,19 I B\/C53_,19 II Chamade L53_,19 I Chamade L53_; 60512698, 12141279734, 13627636937, 594603, 91514880, 60534263, 6152883, 6169571, 90510281, VS19457, 13627636937, 7636937, 1238345, 6238341, 90298201, 594603, 91514880, 94460614500, 7700271090, 756880, 7568801, 9358037, 0269053772, 1611533028, 1611533328, 1611533628, 9151488080, 1326658, 13676440, 3433347, 026905377, 0269053772<\/p>\n","protected":false},"excerpt":{"rendered":"<p>RIDEX Nakutustunnistin 3921K0009  SEAT,MINI,OPEL,IBIZA II 6K1,MINI F56,MINI F55,MINI CLUBMAN F54,MINI Cabriolet F57,MINI COUNTRYMAN F60<\/p>\n","protected":false},"featured_media":0,"template":"","meta":{"site-sidebar-layout":"default","site-content-layout":"default","ast-global-header-display":"","ast-main-header-display":"","ast-hfb-above-header-display":"","ast-hfb-below-header-display":"","ast-hfb-mobile-header-display":"","site-post-title":"","ast-breadcrumbs-content":"","ast-featured-img":"","footer-sml-layout":"","theme-transparent-header-meta":"","adv-header-id-meta":"","stick-header-meta":"","header-above-stick-meta":"","header-main-stick-meta":"","header-below-stick-meta":""},"pwb-brand":[157],"product_cat":[98],"product_tag":[],"class_list":{"0":"post-91895","1":"product","2":"type-product","3":"status-publish","5":"pwb-brand-ridex","6":"product_cat-anturit-sensorit","7":"desktop-align-left","8":"tablet-align-left","9":"mobile-align-left","11":"first","12":"instock","13":"product-type-external"},"brands":[{"id":157,"name":"RIDEX","slug":"ridex"}],"_links":{"self":[{"href":"https:\/\/www.autonvaraosahaku.fi\/index.php?rest_route=\/wp\/v2\/product\/91895","targetHints":{"allow":["GET"]}}],"collection":[{"href":"https:\/\/www.autonvaraosahaku.fi\/index.php?rest_route=\/wp\/v2\/product"}],"about":[{"href":"https:\/\/www.autonvaraosahaku.fi\/index.php?rest_route=\/wp\/v2\/types\/product"}],"wp:attachment":[{"href":"https:\/\/www.autonvaraosahaku.fi\/index.php?rest_route=%2Fwp%2Fv2%2Fmedia&parent=91895"}],"wp:term":[{"taxonomy":"pwb-brand","embeddable":true,"href":"https:\/\/www.autonvaraosahaku.fi\/index.php?rest_route=%2Fwp%2Fv2%2Fpwb-brand&post=91895"},{"taxonomy":"product_cat","embeddable":true,"href":"https:\/\/www.autonvaraosahaku.fi\/index.php?rest_route=%2Fwp%2Fv2%2Fproduct_cat&post=91895"},{"taxonomy":"product_tag","embeddable":true,"href":"https:\/\/www.autonvaraosahaku.fi\/index.php?rest_route=%2Fwp%2Fv2%2Fproduct_tag&post=91895"}],"curies":[{"name":"wp","href":"https:\/\/api.w.org\/{rel}","templated":true}]}}